{"id":4691,"date":"2023-11-02T16:25:25","date_gmt":"2023-11-02T16:25:25","guid":{"rendered":"https:\/\/hotelarreyalella.com\/?page_id=4691"},"modified":"2023-11-02T16:25:55","modified_gmt":"2023-11-02T16:25:55","slug":"durabilite","status":"publish","type":"page","link":"https:\/\/hotelarreyalella.com\/fr\/durabilite\/","title":{"rendered":"Durabilit\u00e9"},"content":{"rendered":"<p>[vc_row css_animation=\u00a0\u00bb\u00a0\u00bb row_type=\u00a0\u00bbrow\u00a0\u00bb use_row_as_full_screen_section=\u00a0\u00bbyes\u00a0\u00bb type=\u00a0\u00bbfull_width\u00a0\u00bb angled_section=\u00a0\u00bbno\u00a0\u00bb text_align=\u00a0\u00bbleft\u00a0\u00bb background_image_as_pattern=\u00a0\u00bbwithout_pattern\u00a0\u00bb z_index=\u00a0\u00bb\u00a0\u00bb background_image=\u00a0\u00bb4601&Prime; css=\u00a0\u00bb.vc_custom_1698942012606{padding-top: 200px !important;padding-bottom: 200px !important;}\u00a0\u00bb][vc_column][vc_column_text][\/vc_column_text][\/vc_column][\/vc_row][vc_row css_animation=\u00a0\u00bb\u00a0\u00bb row_type=\u00a0\u00bbrow\u00a0\u00bb use_row_as_full_screen_section=\u00a0\u00bbno\u00a0\u00bb type=\u00a0\u00bbgrid\u00a0\u00bb angled_section=\u00a0\u00bbno\u00a0\u00bb text_align=\u00a0\u00bbleft\u00a0\u00bb background_image_as_pattern=\u00a0\u00bbwithout_pattern\u00a0\u00bb z_index=\u00a0\u00bb\u00a0\u00bb][vc_column][vc_empty_space height=\u00a0\u00bb50px\u00a0\u00bb][vc_column_text]<\/p>\n<h1 style=\"text-align: center;\">\u00c0 l\u2019h\u00f4tel CMC Arrey Alella, nous nous engageons \u00e0 100 % en faveur de la durabilit\u00e9<\/h1>\n<p>[\/vc_column_text][vc_separator type=\u00a0\u00bbsmall\u00a0\u00bb position=\u00a0\u00bbcenter\u00a0\u00bb color=\u00a0\u00bb#5b7e96&Prime;][vc_column_text el_class=\u00a0\u00bbtxt-c-e\u00a0\u00bb]<\/p>\n<p style=\"text-align: center;\">Nous vous proposons une cuisine m\u00e9diterran\u00e9enne de qualit\u00e9, \u00e9labor\u00e9e avec des produits de saison. \u00c0 l\u2019h\u00f4tel, nous nous engageons en faveur d\u2019un tourisme responsable et durable, et nous nous engageons \u00e0 r\u00e9duire l\u2019impact que notre h\u00f4tel g\u00e9n\u00e8re sur l\u2019environnement.<\/p>\n<h3><\/h3>\n<h3 style=\"text-align: center;\"><strong>Certification BIOSPH\u00c8RE<\/strong><\/h3>\n<p style=\"text-align: center;\">La certification de la biosph\u00e8re est un syst\u00e8me de certification volontaire et ind\u00e9pendant pour le tourisme durable.\u00a0 Cette certification s\u2019inscrit dans les principes de durabilit\u00e9 et d\u2019am\u00e9lioration constante et se concentre sur le pr\u00e9sent et l\u2019avenir du tourisme durable.<\/p>\n<p>&nbsp;<\/p>\n<p style=\"text-align: center;\">Au fur et \u00e0 mesure que les ann\u00e9es passent et que les nouvelles g\u00e9n\u00e9rations entrent dans les secteurs productifs, on observe que le secteur du tourisme est de plus en plus pr\u00e9occup\u00e9 par sa sant\u00e9 et privil\u00e9gie les options qui contribuent le plus \u00e0 la sant\u00e9 de la plan\u00e8te, au d\u00e9veloppement local et au bien-\u00eatre de toutes les personnes impliqu\u00e9es.<\/p>\n<p>&nbsp;<\/p>\n<p style=\"text-align: center;\">Dans la perspective des objectifs de l\u2019ONU pour 2030, et avec l\u2019intention de d\u00e9velopper un tourisme durable qui tire parti des ressources naturelles sans aucun risque, qui pr\u00e9serve et renforce l\u2019identit\u00e9 culturelle autochtone et qui stimule l\u2019\u00e9conomie mondiale, la Certification de la biosph\u00e8re a \u00e9t\u00e9 cr\u00e9\u00e9e.<\/p>\n<p>[\/vc_column_text][vc_empty_space height=\u00a0\u00bb20px\u00a0\u00bb][vc_single_image image=\u00a0\u00bb4468&Prime; img_size=\u00a0\u00bbfull\u00a0\u00bb alignment=\u00a0\u00bbcenter\u00a0\u00bb qode_css_animation=\u00a0\u00bb\u00a0\u00bb css=\u00a0\u00bb.vc_custom_1698941869190{padding-top: 20px !important;}\u00a0\u00bb][vc_empty_space height=\u00a0\u00bb50px\u00a0\u00bb][\/vc_column][\/vc_row]<\/p>\n","protected":false},"excerpt":{"rendered":"<p>[vc_row css_animation=\u00a0\u00bb\u00a0\u00bb row_type=\u00a0\u00bbrow\u00a0\u00bb use_row_as_full_screen_section=\u00a0\u00bbyes\u00a0\u00bb type=\u00a0\u00bbfull_width\u00a0\u00bb angled_section=\u00a0\u00bbno\u00a0\u00bb text_align=\u00a0\u00bbleft\u00a0\u00bb background_image_as_pattern=\u00a0\u00bbwithout_pattern\u00a0\u00bb z_index=\u00a0\u00bb\u00a0\u00bb background_image=\u00a0\u00bb4601&Prime; css=\u00a0\u00bb.vc_custom_1698942012606{padding-top: 200px !important;padding-bottom: 200px !important;}\u00a0\u00bb][vc_column][vc_column_text][\/vc_column_text][\/vc_column][\/vc_row][vc_row css_animation=\u00a0\u00bb\u00a0\u00bb row_type=\u00a0\u00bbrow\u00a0\u00bb use_row_as_full_screen_section=\u00a0\u00bbno\u00a0\u00bb type=\u00a0\u00bbgrid\u00a0\u00bb angled_section=\u00a0\u00bbno\u00a0\u00bb text_align=\u00a0\u00bbleft\u00a0\u00bb background_image_as_pattern=\u00a0\u00bbwithout_pattern\u00a0\u00bb z_index=\u00a0\u00bb\u00a0\u00bb][vc_column][vc_empty_space height=\u00a0\u00bb50px\u00a0\u00bb][vc_column_text] \u00c0 l\u2019h\u00f4tel CMC Arrey Alella, nous nous engageons \u00e0 100 % en faveur de la durabilit\u00e9 [\/vc_column_text][vc_separator type=\u00a0\u00bbsmall\u00a0\u00bb position=\u00a0\u00bbcenter\u00a0\u00bb color=\u00a0\u00bb#5b7e96&Prime;][vc_column_text el_class=\u00a0\u00bbtxt-c-e\u00a0\u00bb]&#8230;<\/p>\n","protected":false},"author":4,"featured_media":4604,"parent":0,"menu_order":0,"comment_status":"closed","ping_status":"closed","template":"full_width.php","meta":[],"_links":{"self":[{"href":"https:\/\/hotelarreyalella.com\/fr\/wp-json\/wp\/v2\/pages\/4691"}],"collection":[{"href":"https:\/\/hotelarreyalella.com\/fr\/wp-json\/wp\/v2\/pages"}],"about":[{"href":"https:\/\/hotelarreyalella.com\/fr\/wp-json\/wp\/v2\/types\/page"}],"author":[{"embeddable":true,"href":"https:\/\/hotelarreyalella.com\/fr\/wp-json\/wp\/v2\/users\/4"}],"replies":[{"embeddable":true,"href":"https:\/\/hotelarreyalella.com\/fr\/wp-json\/wp\/v2\/comments?post=4691"}],"version-history":[{"count":4,"href":"https:\/\/hotelarreyalella.com\/fr\/wp-json\/wp\/v2\/pages\/4691\/revisions"}],"predecessor-version":[{"id":4695,"href":"https:\/\/hotelarreyalella.com\/fr\/wp-json\/wp\/v2\/pages\/4691\/revisions\/4695"}],"wp:featuredmedia":[{"embeddable":true,"href":"https:\/\/hotelarreyalella.com\/fr\/wp-json\/wp\/v2\/media\/4604"}],"wp:attachment":[{"href":"https:\/\/hotelarreyalella.com\/fr\/wp-json\/wp\/v2\/media?parent=4691"}],"curies":[{"name":"wp","href":"https:\/\/api.w.org\/{rel}","templated":true}]}}