{"id":3767,"date":"2022-08-19T14:17:00","date_gmt":"2022-08-19T14:17:00","guid":{"rendered":"https:\/\/hotelarreyalella.com\/?page_id=3767"},"modified":"2022-08-19T14:17:00","modified_gmt":"2022-08-19T14:17:00","slug":"3767-2","status":"publish","type":"page","link":"https:\/\/hotelarreyalella.com\/fr\/3767-2\/","title":{"rendered":"Resposanbilit\u00e9 Sociale"},"content":{"rendered":"<p>&nbsp;<\/p>\n<h4 style=\"text-align: center;\"><strong>RESPONSABILIT\u00c9 SOCIALE\u00a0<\/strong><\/h4>\n<p>&nbsp;<\/p>\n<hr \/>\n<p>&nbsp;<\/p>\n<p>\u00c0 l&rsquo;H\u00f4tel Arrey Alella, nous avons un engagement clair envers la soci\u00e9t\u00e9 qui nous entoure et envers la protection de l&rsquo;environnement. Nous voulons d\u00e9passer les attentes de nos employ\u00e9s et clients, c&rsquo;est pourquoi nous nous engageons pour une bonne gestion et la durabilit\u00e9 de notre h\u00f4tel.<\/p>\n<p>&nbsp;<\/p>\n<p>Notre objectif est de faire en sorte que nos clients vivent des exp\u00e9riences non seulement inoubliables, mais aussi enrichissantes et b\u00e9n\u00e9fiques pour leur vie et pour la soci\u00e9t\u00e9 dans son ensemble.<\/p>\n<p>&nbsp;<\/p>\n<p>Notre engagement envers le client est bas\u00e9 sur la qualit\u00e9 et l&rsquo;excellence du service. Accessibilit\u00e9 pour les personnes handicap\u00e9es. Et implication responsable dans l&rsquo;exp\u00e9rience touristique; Nous encourageons nos clients \u00e0 participer \u00e0 nos initiatives environnementales (recyclage, r\u00e9utilisation des serviettes, sensibilisation \u00e0 l&rsquo;\u00e9conomie d&rsquo;eau \u00e0 travers des affiches&#8230;).<\/p>\n<p>&nbsp;<\/p>\n<p>Afin de promouvoir le march\u00e9 local et d&rsquo;\u00e9viter les \u00e9missions de transport inutiles, nous collaborons avec des fournisseurs de proximit\u00e9 et locaux, offrant \u00e0 nos clients des produits saisonniers et km0.<\/p>\n<p>&nbsp;<\/p>\n<p>Nous nous soucions de la protection et de l&rsquo;am\u00e9lioration de l&rsquo;environnement, c&rsquo;est pourquoi nous apportons notre grain de sable \u00e0 travers des actions telles que :<\/p>\n<p>&#8211; La gestion des d\u00e9chets<br \/>\n&#8211; Plan d&rsquo;efficacit\u00e9 \u00e9nerg\u00e9tique<br \/>\n&#8211; Utilisation responsable de l&rsquo;eau<br \/>\n&#8211; Produits \u00e9cologiques et biod\u00e9gradables<\/p>\n<p>&nbsp;<\/p>\n<p>&nbsp;<\/p>\n","protected":false},"excerpt":{"rendered":"<p>&nbsp; RESPONSABILIT\u00c9 SOCIALE\u00a0 &nbsp; &nbsp; \u00c0 l&rsquo;H\u00f4tel Arrey Alella, nous avons un engagement clair envers la soci\u00e9t\u00e9 qui nous entoure et envers la protection de l&rsquo;environnement. Nous voulons d\u00e9passer les attentes de nos employ\u00e9s et clients, c&rsquo;est pourquoi nous nous engageons pour une bonne gestion&#8230;<\/p>\n","protected":false},"author":3,"featured_media":0,"parent":0,"menu_order":0,"comment_status":"closed","ping_status":"closed","template":"","meta":[],"_links":{"self":[{"href":"https:\/\/hotelarreyalella.com\/fr\/wp-json\/wp\/v2\/pages\/3767"}],"collection":[{"href":"https:\/\/hotelarreyalella.com\/fr\/wp-json\/wp\/v2\/pages"}],"about":[{"href":"https:\/\/hotelarreyalella.com\/fr\/wp-json\/wp\/v2\/types\/page"}],"author":[{"embeddable":true,"href":"https:\/\/hotelarreyalella.com\/fr\/wp-json\/wp\/v2\/users\/3"}],"replies":[{"embeddable":true,"href":"https:\/\/hotelarreyalella.com\/fr\/wp-json\/wp\/v2\/comments?post=3767"}],"version-history":[{"count":2,"href":"https:\/\/hotelarreyalella.com\/fr\/wp-json\/wp\/v2\/pages\/3767\/revisions"}],"predecessor-version":[{"id":3769,"href":"https:\/\/hotelarreyalella.com\/fr\/wp-json\/wp\/v2\/pages\/3767\/revisions\/3769"}],"wp:attachment":[{"href":"https:\/\/hotelarreyalella.com\/fr\/wp-json\/wp\/v2\/media?parent=3767"}],"curies":[{"name":"wp","href":"https:\/\/api.w.org\/{rel}","templated":true}]}}