{"id":2303,"date":"2021-10-19T06:47:41","date_gmt":"2021-10-19T06:47:41","guid":{"rendered":"https:\/\/hotelarreyalella.com\/experiencias\/"},"modified":"2023-10-11T09:39:16","modified_gmt":"2023-10-11T09:39:16","slug":"environnement","status":"publish","type":"page","link":"https:\/\/hotelarreyalella.com\/fr\/environnement\/","title":{"rendered":"Environnement"},"content":{"rendered":"<p>[vc_row css_animation=\u00a0\u00bb\u00a0\u00bb row_type=\u00a0\u00bbrow\u00a0\u00bb use_row_as_full_screen_section=\u00a0\u00bbno\u00a0\u00bb type=\u00a0\u00bbfull_width\u00a0\u00bb angled_section=\u00a0\u00bbno\u00a0\u00bb text_align=\u00a0\u00bbcenter\u00a0\u00bb background_image_as_pattern=\u00a0\u00bbwithout_pattern\u00a0\u00bb z_index=\u00a0\u00bb\u00a0\u00bb][vc_column][vc_single_image image=\u00a0\u00bb2223&Prime; img_size=\u00a0\u00bb1905&#215;472&Prime; alignment=\u00a0\u00bbcenter\u00a0\u00bb qode_css_animation=\u00a0\u00bb\u00a0\u00bb][\/vc_column][\/vc_row][vc_row css_animation=\u00a0\u00bb\u00a0\u00bb row_type=\u00a0\u00bbrow\u00a0\u00bb use_row_as_full_screen_section=\u00a0\u00bbno\u00a0\u00bb type=\u00a0\u00bbgrid\u00a0\u00bb angled_section=\u00a0\u00bbno\u00a0\u00bb text_align=\u00a0\u00bbcenter\u00a0\u00bb background_image_as_pattern=\u00a0\u00bbwithout_pattern\u00a0\u00bb z_index=\u00a0\u00bb\u00a0\u00bb][vc_column][vc_row_inner row_type=\u00a0\u00bbrow\u00a0\u00bb type=\u00a0\u00bbfull_width\u00a0\u00bb text_align=\u00a0\u00bbcenter\u00a0\u00bb css_animation=\u00a0\u00bb\u00a0\u00bb][vc_column_inner width=\u00a0\u00bb1\/2&Prime;][vc_empty_space height=\u00a0\u00bb50px\u00a0\u00bb][vc_empty_space height=\u00a0\u00bb50px\u00a0\u00bb][vc_column_text]<\/p>\n<h2 style=\"text-align: center;\">OENOTOURISME 360\u00ba<\/h2>\n<p>[\/vc_column_text][vc_separator type=\u00a0\u00bbsmall\u00a0\u00bb position=\u00a0\u00bbcenter\u00a0\u00bb color=\u00a0\u00bb#5b7e96&Prime;][vc_column_text el_class=\u00a0\u00bbtxt-c-e\u00a0\u00bb]<\/p>\n<p style=\"text-align: center;\">La terre du Pansa Blanca.<br \/>\nD\u00e9gustations du vin, promen\u00e9es, pique-niques et yoga entre des vignes, d\u00eeners sous la lune pleine, repas de cal\u00e7ots, petits-d\u00e9jeuners de fourchette, d\u00e9gustations du vin \u00e0 haute mer, visites \u00e0 une cave romaine ou moderniste, un vin bar\u2026 Et beaucoup des surprises en plus!<\/p>\n<p>[\/vc_column_text][vc_empty_space]<a itemprop=\"url\" href=\"http:\/\/www.enoturismedoalella.com\/wp-content\/uploads\/2021\/05\/Maparuta2021.pdf\" target=\"_self\" class=\"qbutton  center default\" style=\"\" rel=\"noopener\">D\u00c9COUVRE LA ROUTE DU VIN D.O ALELLA<\/a>[vc_empty_space][vc_empty_space height=\u00a0\u00bb50px\u00a0\u00bb][\/vc_column_inner][vc_column_inner width=\u00a0\u00bb1\/2&Prime;][vc_empty_space][vc_single_image image=\u00a0\u00bb2241&Prime; img_size=\u00a0\u00bb385&#215;490&Prime; alignment=\u00a0\u00bbcenter\u00a0\u00bb onclick=\u00a0\u00bbcustom_link\u00a0\u00bb img_link_target=\u00a0\u00bb_blank\u00a0\u00bb qode_css_animation=\u00a0\u00bb\u00a0\u00bb link=\u00a0\u00bbhttps:\/\/hotelarreyalella.com\/wp-content\/uploads\/2021\/10\/mapa-alella.pdf\u00a0\u00bb][\/vc_column_inner][\/vc_row_inner][vc_empty_space height=\u00a0\u00bb50px\u00a0\u00bb][\/vc_column][\/vc_row][vc_row css_animation=\u00a0\u00bb\u00a0\u00bb row_type=\u00a0\u00bbrow\u00a0\u00bb use_row_as_full_screen_section=\u00a0\u00bbno\u00a0\u00bb type=\u00a0\u00bbfull_width\u00a0\u00bb angled_section=\u00a0\u00bbno\u00a0\u00bb text_align=\u00a0\u00bbcenter\u00a0\u00bb background_image_as_pattern=\u00a0\u00bbwithout_pattern\u00a0\u00bb z_index=\u00a0\u00bb\u00a0\u00bb css=\u00a0\u00bb.vc_custom_1634800896666{background-color: #fefaf6 !important;}\u00a0\u00bb][vc_column][vc_empty_space height=\u00a0\u00bb50px\u00a0\u00bb][vc_column_text]<\/p>\n<h2 style=\"text-align: center;\">ENTR\u00c9 DANS LA CULTURE DU VIN<\/h2>\n<p>[\/vc_column_text][vc_empty_space][vc_row_inner row_type=\u00a0\u00bbrow\u00a0\u00bb type=\u00a0\u00bbfull_width\u00a0\u00bb text_align=\u00a0\u00bbcenter\u00a0\u00bb css_animation=\u00a0\u00bb\u00a0\u00bb css=\u00a0\u00bb.vc_custom_1634800906557{background-color: #fefaf6 !important;}\u00a0\u00bb][vc_column_inner width=\u00a0\u00bb1\/5&Prime;]<div class=\"qode-banner qode-banner-va-center\"><a class=\"qode-banner-link\" href=\"https:\/\/alella.cat\/14163\" target=\"_blank\" rel=\"noopener\"><\/a><div class=\"qode-banner-image\"><img itemprop=\"image\" src=\"https:\/\/hotelarreyalella.com\/wp-content\/uploads\/2021\/10\/alella-vinicola.jpg\" alt=\"\" \/><\/div><div class=\"qode-banner-content\"><div class=\"qode-banner-content-inner\"><div class=\"qode-banner-text-holder\"><strong>Alella Vin\u00edcola<\/strong><\/p>\n<p>Cave familiale embl\u00e9matique cr\u00e9\u00e9e en 1906 au centre de la commune<\/div><\/div><\/div><\/div>[\/vc_column_inner][vc_column_inner width=\u00a0\u00bb1\/5&Prime;]<div class=\"qode-banner qode-banner-va-center\"><a class=\"qode-banner-link\" href=\"https:\/\/alella.cat\/14157\" target=\"_blank\" rel=\"noopener\"><\/a><div class=\"qode-banner-image\"><img itemprop=\"image\" src=\"https:\/\/hotelarreyalella.com\/wp-content\/uploads\/2021\/10\/alta-alella.jpg\" alt=\"\" \/><\/div><div class=\"qode-banner-content\"><div class=\"qode-banner-content-inner\"><div class=\"qode-banner-text-holder\"><strong>Alta Alella\u00a0<\/strong><\/p>\n<p>La cave familiale d\u2019agriculture biologique la plus proche de Barcelone.<\/div><\/div><\/div><\/div>[\/vc_column_inner][vc_column_inner width=\u00a0\u00bb1\/5&Prime;]<div class=\"qode-banner qode-banner-va-center\"><a class=\"qode-banner-link\" href=\"https:\/\/alella.cat\/14159\" target=\"_blank\" rel=\"noopener\"><\/a><div class=\"qode-banner-image\"><img itemprop=\"image\" src=\"https:\/\/hotelarreyalella.com\/wp-content\/uploads\/2021\/10\/bouquet-alella.jpeg\" alt=\"\" \/><\/div><div class=\"qode-banner-content\"><div class=\"qode-banner-content-inner\"><div class=\"qode-banner-text-holder\"><strong>Bouquet d&rsquo;Alella\u00a0<\/strong><\/p>\n<p>Petite cave familiale avec des vins biologiques et un espace naturel idyllique.<\/div><\/div><\/div><\/div>[\/vc_column_inner][vc_column_inner width=\u00a0\u00bb1\/5&Prime;]<div class=\"qode-banner qode-banner-va-center\"><a class=\"qode-banner-link\" href=\"https:\/\/alella.cat\/14162\" target=\"_blank\" rel=\"noopener\"><\/a><div class=\"qode-banner-image\"><img itemprop=\"image\" src=\"https:\/\/hotelarreyalella.com\/wp-content\/uploads\/2021\/10\/celler-de-les-aus.jpg\" alt=\"\" \/><\/div><div class=\"qode-banner-content\"><div class=\"qode-banner-content-inner\"><div class=\"qode-banner-text-holder\"><strong>Celler de les Aus\u00a0<\/strong><\/p>\n<p>La cave \u00e0 vin radicale d\u2019Alta Alella.<\/div><\/div><\/div><\/div>[\/vc_column_inner][vc_column_inner width=\u00a0\u00bb1\/5&Prime;]<div class=\"qode-banner qode-banner-va-center\"><a class=\"qode-banner-link\" href=\"https:\/\/alella.cat\/14161\" target=\"_blank\" rel=\"noopener\"><\/a><div class=\"qode-banner-image\"><img itemprop=\"image\" src=\"https:\/\/hotelarreyalella.com\/wp-content\/uploads\/2021\/10\/roura-1.jpg\" alt=\"\" \/><\/div><div class=\"qode-banner-content\"><div class=\"qode-banner-content-inner\"><div class=\"qode-banner-text-holder\"><strong>Roura\u00a0<\/strong><\/p>\n<p>Bodegas Roure produit des vins de do Alella, DO Cava et DO Catalunya.<\/div><\/div><\/div><\/div>[\/vc_column_inner][\/vc_row_inner][vc_empty_space height=\u00a0\u00bb50px\u00a0\u00bb][\/vc_column][\/vc_row][vc_row css_animation=\u00a0\u00bb\u00a0\u00bb row_type=\u00a0\u00bbrow\u00a0\u00bb use_row_as_full_screen_section=\u00a0\u00bbno\u00a0\u00bb type=\u00a0\u00bbgrid\u00a0\u00bb angled_section=\u00a0\u00bbno\u00a0\u00bb text_align=\u00a0\u00bbcenter\u00a0\u00bb background_image_as_pattern=\u00a0\u00bbwithout_pattern\u00a0\u00bb z_index=\u00a0\u00bb\u00a0\u00bb][vc_column width=\u00a0\u00bb1\/2&Prime;][vc_empty_space][vc_single_image image=\u00a0\u00bb2282&Prime; img_size=\u00a0\u00bb385&#215;490&Prime; alignment=\u00a0\u00bbcenter\u00a0\u00bb onclick=\u00a0\u00bbcustom_link\u00a0\u00bb img_link_target=\u00a0\u00bb_blank\u00a0\u00bb qode_css_animation=\u00a0\u00bb\u00a0\u00bb link=\u00a0\u00bbhttps:\/\/hotelarreyalella.com\/wp-content\/uploads\/2021\/10\/MapaInformador_SerraladaLitoral.pdf\u00a0\u00bb][vc_empty_space height=\u00a0\u00bb50px\u00a0\u00bb][\/vc_column][vc_column width=\u00a0\u00bb1\/2&Prime;][vc_empty_space height=\u00a0\u00bb50px\u00a0\u00bb][vc_column_text]<\/p>\n<h2 style=\"text-align: center;\">LA NATURE<\/h2>\n<p>[\/vc_column_text][vc_separator type=\u00a0\u00bbsmall\u00a0\u00bb position=\u00a0\u00bbcenter\u00a0\u00bb color=\u00a0\u00bb#5b7e96&Prime;][vc_column_text el_class=\u00a0\u00bbtxt-c-e\u00a0\u00bb]<\/p>\n<p style=\"text-align: center;\">Situ\u00e9 sur la pente sud de la cha\u00eene c\u00f4ti\u00e8re. Son\u00a0enclave\u00a0privil\u00e9gi\u00e9e\u00a0ouvre\u00a0la\u00a0porte\u00a0\u00e0\u00a0les\u00a0espaces\u00a0naturels spectaculaires\u00a0de\u00a0grand\u00a0valeur,\u00a0donnant\u00a0naissance\u00a0\u00e0\u00a0des\u00a0zones foresti\u00e8res,\u00a0agricoles\u00a0et\u00a0urbaines\u00a0qui\u00a0se\u00a0fondent\u00a0dans\u00a0une\u00a0mosa\u00efque visuelle\u00a0qui\u00a0contraste\u00a0avec\u00a0les\u00a0fonds\u00a0marins\u00a0tout\u00a0pr\u00e9servant\u00a0et\u00a0enharmonisant\u00a0la<br \/>\nbiodiversit\u00e9.\u00a0Cette\u00a0fusion\u00a0d&rsquo;\u00e9cosyst\u00e8mes\u00a0est\u00a0devenue le\u00a0refuge\u00a0de\u00a0nombreuses\u00a0esp\u00e8ces\u00a0de\u00a0la\u00a0faune\u00a0et\u00a0de\u00a0la\u00a0richesse floristique.<\/p>\n<p>[\/vc_column_text][vc_empty_space]<a itemprop=\"url\" href=\"https:\/\/hotelarreyalella.com\/wp-content\/uploads\/2021\/10\/MapaInformador_SerraladaLitoral.pdf\" target=\"_blank\" class=\"qbutton  center default\" style=\"\">D\u00e9couvrez les itin\u00e9raires \u00e0 travers la cha\u00eene c\u00f4ti\u00e8re<\/a>[vc_empty_space][vc_column_text el_class=\u00a0\u00bbtxt-c-e\u00a0\u00bb]<\/p>\n<h2 style=\"text-align: center;\">Enfonce-toi sur la nature d&rsquo;Alella!<\/h2>\n<p>[\/vc_column_text][vc_empty_space height=\u00a0\u00bb50px\u00a0\u00bb][\/vc_column][\/vc_row]<\/p>\n","protected":false},"excerpt":{"rendered":"<p>[vc_row css_animation=\u00a0\u00bb\u00a0\u00bb row_type=\u00a0\u00bbrow\u00a0\u00bb use_row_as_full_screen_section=\u00a0\u00bbno\u00a0\u00bb type=\u00a0\u00bbfull_width\u00a0\u00bb angled_section=\u00a0\u00bbno\u00a0\u00bb text_align=\u00a0\u00bbcenter\u00a0\u00bb background_image_as_pattern=\u00a0\u00bbwithout_pattern\u00a0\u00bb z_index=\u00a0\u00bb\u00a0\u00bb][vc_column][vc_single_image image=\u00a0\u00bb2223&Prime; img_size=\u00a0\u00bb1905&#215;472&Prime; alignment=\u00a0\u00bbcenter\u00a0\u00bb qode_css_animation=\u00a0\u00bb\u00a0\u00bb][\/vc_column][\/vc_row][vc_row css_animation=\u00a0\u00bb\u00a0\u00bb row_type=\u00a0\u00bbrow\u00a0\u00bb use_row_as_full_screen_section=\u00a0\u00bbno\u00a0\u00bb type=\u00a0\u00bbgrid\u00a0\u00bb angled_section=\u00a0\u00bbno\u00a0\u00bb text_align=\u00a0\u00bbcenter\u00a0\u00bb background_image_as_pattern=\u00a0\u00bbwithout_pattern\u00a0\u00bb z_index=\u00a0\u00bb\u00a0\u00bb][vc_column][vc_row_inner row_type=\u00a0\u00bbrow\u00a0\u00bb type=\u00a0\u00bbfull_width\u00a0\u00bb text_align=\u00a0\u00bbcenter\u00a0\u00bb css_animation=\u00a0\u00bb\u00a0\u00bb][vc_column_inner width=\u00a0\u00bb1\/2&Prime;][vc_empty_space height=\u00a0\u00bb50px\u00a0\u00bb][vc_empty_space height=\u00a0\u00bb50px\u00a0\u00bb][vc_column_text] OENOTOURISME 360\u00ba [\/vc_column_text][vc_separator type=\u00a0\u00bbsmall\u00a0\u00bb position=\u00a0\u00bbcenter\u00a0\u00bb color=\u00a0\u00bb#5b7e96&Prime;][vc_column_text el_class=\u00a0\u00bbtxt-c-e\u00a0\u00bb] La terre du Pansa Blanca. D\u00e9gustations du vin, promen\u00e9es, pique-niques&#8230;<\/p>\n","protected":false},"author":3,"featured_media":0,"parent":0,"menu_order":0,"comment_status":"closed","ping_status":"closed","template":"full_width.php","meta":[],"_links":{"self":[{"href":"https:\/\/hotelarreyalella.com\/fr\/wp-json\/wp\/v2\/pages\/2303"}],"collection":[{"href":"https:\/\/hotelarreyalella.com\/fr\/wp-json\/wp\/v2\/pages"}],"about":[{"href":"https:\/\/hotelarreyalella.com\/fr\/wp-json\/wp\/v2\/types\/page"}],"author":[{"embeddable":true,"href":"https:\/\/hotelarreyalella.com\/fr\/wp-json\/wp\/v2\/users\/3"}],"replies":[{"embeddable":true,"href":"https:\/\/hotelarreyalella.com\/fr\/wp-json\/wp\/v2\/comments?post=2303"}],"version-history":[{"count":8,"href":"https:\/\/hotelarreyalella.com\/fr\/wp-json\/wp\/v2\/pages\/2303\/revisions"}],"predecessor-version":[{"id":4638,"href":"https:\/\/hotelarreyalella.com\/fr\/wp-json\/wp\/v2\/pages\/2303\/revisions\/4638"}],"wp:attachment":[{"href":"https:\/\/hotelarreyalella.com\/fr\/wp-json\/wp\/v2\/media?parent=2303"}],"curies":[{"name":"wp","href":"https:\/\/api.w.org\/{rel}","templated":true}]}}