{"id":1372,"date":"2020-04-02T08:53:12","date_gmt":"2020-04-02T08:53:12","guid":{"rendered":"https:\/\/hotelarreyalella.com\/aviso-legal\/"},"modified":"2021-10-15T11:08:33","modified_gmt":"2021-10-15T11:08:33","slug":"aviso-legal","status":"publish","type":"page","link":"https:\/\/hotelarreyalella.com\/fr\/aviso-legal\/","title":{"rendered":"Aviso Legal"},"content":{"rendered":"<p>[vc_row css_animation=\u00a0\u00bb\u00a0\u00bb row_type=\u00a0\u00bbrow\u00a0\u00bb use_row_as_full_screen_section=\u00a0\u00bbno\u00a0\u00bb type=\u00a0\u00bbgrid\u00a0\u00bb angled_section=\u00a0\u00bbno\u00a0\u00bb text_align=\u00a0\u00bbleft\u00a0\u00bb background_image_as_pattern=\u00a0\u00bbwithout_pattern\u00a0\u00bb z_index=\u00a0\u00bb\u00a0\u00bb][vc_column][vc_empty_space height=\u00a0\u00bb50px\u00a0\u00bb][vc_column_text]<\/p>\n<h1 style=\"text-align: center;\">POLITIQUE DE CONFIDENTIALIT\u00c9 DES DONN\u00c9ES<\/h1>\n<p>[\/vc_column_text][vc_separator type=\u00a0\u00bbsmall\u00a0\u00bb position=\u00a0\u00bbcenter\u00a0\u00bb color=\u00a0\u00bb#5b7e96&Prime;][vc_empty_space height=\u00a0\u00bb50px\u00a0\u00bb][vc_column_text]Ce site Web est la propri\u00e9t\u00e9 de HOTELS CMC FUTURA, S.L. avec NIF N\u00b0 B06775092 et adresse \u00e0 Calle Charles Rivel 6-8 (08328 Alella) et Inscrit au Registre du Commerce de Barcelone dans le Volume 47851 Folio 1, page 564243 Inscription 1<\/p>\n<p>Pour toute question ou proposition, contactez-nous \u00e0 l&rsquo;e-mail: recepcion@hotelarreyalella.com<\/p>\n<p>Ce site Web est r\u00e9gi par la r\u00e9glementation exclusivement applicable en Espagne, y \u00e9tant soumis, tant les nationaux que les \u00e9trangers qui utilisent ce site Web.<\/p>\n<p>L&rsquo;acc\u00e8s \u00e0 notre site Internet par l&rsquo;UTILISATEUR est libre et est subordonn\u00e9 \u00e0 la lecture pr\u00e9alable et \u00e0 l&rsquo;acceptation pleine, expresse et sans r\u00e9serve des pr\u00e9sentes CONDITIONS GENERALES D&rsquo;UTILISATION en vigueur au moment de l&rsquo;acc\u00e8s, que nous vous demandons de lire attentivement. L&rsquo;UTILISATEUR lorsqu&rsquo;il utilise notre portail, ses contenus ou ses services, accepte et se soumet express\u00e9ment aux conditions g\u00e9n\u00e9rales d&rsquo;utilisation de celui-ci. Si l&rsquo;utilisateur n&rsquo;est pas d&rsquo;accord avec ces conditions d&rsquo;utilisation, il doit s&rsquo;abstenir d&rsquo;utiliser ce portail et d&rsquo;op\u00e9rer \u00e0 travers celui-ci.<\/p>\n<p>\u00c0 tout moment, nous pouvons modifier la pr\u00e9sentation et la configuration de notre site Web, \u00e9tendre ou r\u00e9duire les services, voire le supprimer du r\u00e9seau, ainsi que les services et contenus fournis, le tout unilat\u00e9ralement et sans pr\u00e9avis.<\/p>\n<p>&nbsp;<\/p>\n<p><strong>A. PROPRI\u00c9T\u00c9 INTELLECTUELLE<\/strong><\/p>\n<p>Tous les contenus, textes, images, marques et codes sources sont la propri\u00e9t\u00e9 de nous ou de tiers dont les droits d&rsquo;exploitation ont \u00e9t\u00e9 acquis, et sont prot\u00e9g\u00e9s par les droits de propri\u00e9t\u00e9 intellectuelle et industrielle.<\/p>\n<p>L&rsquo;utilisateur n&rsquo;a qu&rsquo;un droit d&rsquo;usage priv\u00e9 et non lucratif sur celui-ci et a besoin d&rsquo;une autorisation expresse pour modifier, reproduire, exploiter, distribuer ou exercer tout droit appartenant \u00e0 son propri\u00e9taire.<\/p>\n<p>&nbsp;<\/p>\n<p><strong>B. CONDITIONS D&rsquo;ACCES<\/strong><\/p>\n<p>L&rsquo;acc\u00e8s \u00e0 notre site Web est gratuit et ne n\u00e9cessite pas d&rsquo;abonnement ou d&rsquo;inscription pr\u00e9alable.<\/p>\n<p>L&rsquo;envoi de donn\u00e9es personnelles implique l&rsquo;acceptation expresse par l&rsquo;UTILISATEUR de notre politique de confidentialit\u00e9.<\/p>\n<p>L&rsquo;utilisateur doit acc\u00e9der \u00e0 notre site Web en conformit\u00e9 avec la bonne foi, les r\u00e8gles d&rsquo;ordre public et les pr\u00e9sentes conditions g\u00e9n\u00e9rales d&rsquo;utilisation. L&rsquo;acc\u00e8s \u00e0 notre site Internet se fait sous la seule et exclusive responsabilit\u00e9 de l&rsquo;utilisateur, qui sera en tout \u00e9tat de cause responsable des dommages qui pourraient \u00eatre caus\u00e9s \u00e0 des tiers ou \u00e0 nous-m\u00eames.<\/p>\n<p>Compte tenu de l&rsquo;impossibilit\u00e9 de contr\u00f4ler les informations, contenus et services contenus dans d&rsquo;autres pages Web accessibles via les liens que notre page Web peut mettre \u00e0 votre disposition, nous vous informons que nous sommes exon\u00e9r\u00e9s de toute responsabilit\u00e9 pour les dommages de tout nature pouvant d\u00e9couler de l&rsquo;utilisation de ces pages Web, en dehors de notre entreprise, par l&rsquo;utilisateur.<\/p>\n<p>&nbsp;<\/p>\n<p><strong>C. POLITIQUE DE CONFIDENTIALIT\u00c9<\/strong><\/p>\n<p>La confidentialit\u00e9 et la s\u00e9curit\u00e9 sont des valeurs primordiales des HOTELS CMC FUTURA, S.L. et, par cons\u00e9quent, nous nous engageons \u00e0 garantir la confidentialit\u00e9 de l&rsquo;utilisateur \u00e0 tout moment et \u00e0 ne pas collecter d&rsquo;informations inutiles. Ci-dessous, nous vous fournissons toutes les informations n\u00e9cessaires sur notre politique de confidentialit\u00e9 en ce qui concerne les donn\u00e9es personnelles que nous collectons, en expliquant :<\/p>\n<ul>\n<li>Qui est responsable du traitement de vos donn\u00e9es.<\/li>\n<li>\u00c0 quelles fins nous collectons les donn\u00e9es que nous demandons.<\/li>\n<li>Quelle est la l\u00e9gitimit\u00e9 de son traitement.<\/li>\n<li>Combien de temps nous les gardons.<\/li>\n<li>A quels destinataires vos donn\u00e9es sont communiqu\u00e9es.<\/li>\n<li>Quels sont vos droits et comment les exercer.<\/li>\n<\/ul>\n<ol>\n<li><strong>RESPONSABLE<\/strong> : voir les donn\u00e9es dans la rubrique.<\/li>\n<li><strong>FINALIT\u00c9S, L\u00c9GITIMATION ET CONSERVATION<\/strong> des traitements de donn\u00e9es transmis via\u00a0:<\/li>\n<\/ol>\n<ul>\n<li>Formulaire de contact.<\/li>\n<\/ul>\n<p>Finalit\u00e9 : Vous fournir un moyen par lequel vous pouvez nous contacter et r\u00e9pondre \u00e0 vos demandes d&rsquo;informations, ainsi que vous envoyer des communications sur nos produits, services et activit\u00e9s, y compris par voie \u00e9lectronique (e-mail, SMS, etc.), si vous cochez la case d&rsquo;acceptation.<\/p>\n<p>L\u00e9gitimation : Le consentement de l&rsquo;utilisateur lors de la demande d&rsquo;informations via notre formulaire de contact et en cochant la case d&rsquo;acceptation pour l&rsquo;envoi d&rsquo;informations.<\/p>\n<p>Conservation: Une fois votre demande r\u00e9solue via notre formulaire ou r\u00e9pondue par e-mail, si vous n&rsquo;avez pas g\u00e9n\u00e9r\u00e9 de nouveau traitement et si vous avez accept\u00e9 de recevoir des envois commerciaux, jusqu&rsquo;\u00e0 ce que vous en demandiez l&rsquo;annulation.<\/p>\n<ul>\n<li>Envoyer des emails.<\/li>\n<\/ul>\n<p>Finalit\u00e9 : R\u00e9pondre \u00e0 vos demandes d&rsquo;informations, \u00eatre \u00e0 l&rsquo;\u00e9coute de vos demandes et r\u00e9pondre \u00e0 vos questions ou doutes. En cas de r\u00e9ception de votre Curriculum Vitae, vos donn\u00e9es personnelles et curriculaires peuvent faire partie de nos bases de donn\u00e9es pour participer \u00e0 nos processus de s\u00e9lection actuels et futurs.<\/p>\n<p>L\u00e9gitimation : Le consentement de l&rsquo;utilisateur lorsqu&rsquo;il nous demande des informations via l&rsquo;adresse e-mail ou nous envoie ses donn\u00e9es et son CV pour participer \u00e0 nos processus de s\u00e9lection.<\/p>\n<p>Conservation : Une fois votre demande r\u00e9pondue par email, si vous n&rsquo;avez pas g\u00e9n\u00e9r\u00e9 de nouveau traitement. En cas de r\u00e9ception de votre CV, vos donn\u00e9es pourront \u00eatre conserv\u00e9es pendant un an maximum pour les futurs processus de s\u00e9lection.<\/p>\n<p>Obligation de nous fournir vos donn\u00e9es personnelles et cons\u00e9quences de ne pas le faire.<\/p>\n<p>La fourniture de donn\u00e9es personnelles requiert un \u00e2ge minimum de 14 ans ou, le cas \u00e9ch\u00e9ant, l&rsquo;\u00e2ge minimum \u00e9tabli par la r\u00e9glementation applicable en mati\u00e8re de protection des donn\u00e9es et\/ou avoir une capacit\u00e9 juridique suffisante pour contracter.<\/p>\n<p>Les donn\u00e9es personnelles demand\u00e9es sont n\u00e9cessaires pour g\u00e9rer vos demandes, vous enregistrer en tant qu&rsquo;utilisateur et\/ou vous fournir les services que vous pouvez contracter, donc si vous ne les fournissez pas, nous ne pourrons pas vous servir correctement ou fournir le service Vous avez demand\u00e9.<\/p>\n<p>Dans tous les cas, nous nous r\u00e9servons le droit de d\u00e9cider d&rsquo;inclure ou non vos donn\u00e9es personnelles et autres informations dans nos bases de donn\u00e9es.<\/p>\n<p>&nbsp;<\/p>\n<ol start=\"3\">\n<li><strong>DESTINATAIRES DE VOS DONN\u00c9ES.<\/strong><\/li>\n<\/ol>\n<p>Vos donn\u00e9es sont confidentielles et ne seront pas c\u00e9d\u00e9es \u00e0 des tiers, sauf obligation l\u00e9gale.<\/p>\n<p>&nbsp;<\/p>\n<ol start=\"4\">\n<li><strong>COOKIES<\/strong><\/li>\n<\/ol>\n<p>Ce site Web peut utiliser des cookies mais en aucun cas ils ne traitent des donn\u00e9es personnelles, ne capturent les habitudes de navigation de l&rsquo;utilisateur ou ne sont utilis\u00e9s \u00e0 des fins publicitaires, et sont donc dispens\u00e9s de se conformer aux obligations \u00e9tablies \u00e0 l&rsquo;article 22 de la loi sur les services de la soci\u00e9t\u00e9 de l&rsquo;information. Cependant, l&rsquo;utilisateur consent \u00e0 l&rsquo;utilisation de cookies qui nous permettent de communiquer entre l&rsquo;\u00e9quipement de l&rsquo;utilisateur et le r\u00e9seau, de fournir un service express\u00e9ment demand\u00e9 par l&rsquo;utilisateur, l&rsquo;authentification ou l&rsquo;identification de l&rsquo;utilisateur (session uniquement), d&rsquo;assurer la s\u00e9curit\u00e9 de l&rsquo;utilisateur, les sessions de lecteur multim\u00e9dia , les sessions d&rsquo;\u00e9quilibrage de charge, la personnalisation de l&rsquo;interface utilisateur et des plugins (plug-in) et le partage de contenu social. Dans tous les cas, l&rsquo;utilisateur, s&rsquo;il le souhaite, peut d\u00e9sactiver et\/ou supprimer ces cookies en suivant les instructions de son navigateur Internet.<\/p>\n<p>&nbsp;<\/p>\n<ol start=\"5\">\n<li><strong>DROITS CONCERNANT VOS DONN\u00c9ES PERSONNELLES.<\/strong><\/li>\n<\/ol>\n<p>Toute personne peut retirer son consentement \u00e0 tout moment, lorsqu&rsquo;il a \u00e9t\u00e9 accord\u00e9 pour le traitement de ses donn\u00e9es. En aucun cas, le retrait de ce consentement ne conditionne l&rsquo;ex\u00e9cution du contrat d&rsquo;abonnement ou des relations g\u00e9n\u00e9r\u00e9es pr\u00e9c\u00e9demment.<\/p>\n<p>De m\u00eame, vous pouvez exercer les droits suivants :<\/p>\n<ul>\n<li>Demander l&rsquo;acc\u00e8s \u00e0 vos donn\u00e9es personnelles ou leur rectification lorsqu&rsquo;elles sont inexactes.<\/li>\n<li>Demander leur suppression lorsque, entre autres raisons, les donn\u00e9es ne sont plus n\u00e9cessaires aux fins pour lesquelles elles ont \u00e9t\u00e9 collect\u00e9es.<\/li>\n<li>Demander la limitation de votre traitement dans certaines circonstances.<\/li>\n<li>Demander une opposition au traitement de vos donn\u00e9es pour des raisons li\u00e9es \u00e0 votre situation particuli\u00e8re.<\/li>\n<li>Demander la portabilit\u00e9 des donn\u00e9es dans les cas pr\u00e9vus par la r\u00e9glementation.<\/li>\n<li>Autres droits reconnus dans la r\u00e9glementation applicable.<\/li>\n<\/ul>\n<p>O\u00f9 et comment demander vos Droits : En \u00e9crivant au responsable \u00e0 son adresse postale ou \u00e9lectronique (indiqu\u00e9e dans la section A), en indiquant la r\u00e9f\u00e9rence \u00ab\u00a0Donn\u00e9es personnelles\u00a0\u00bb, en pr\u00e9cisant le droit \u00e0 exercer et \u00e0 l&rsquo;\u00e9gard de quelles donn\u00e9es personnelles.<\/p>\n<p>En cas de divergences avec la soci\u00e9t\u00e9 concernant le traitement de vos donn\u00e9es, vous pouvez d\u00e9poser une r\u00e9clamation aupr\u00e8s de l&rsquo;Agence de protection des donn\u00e9es (www.agpd.es).<\/p>\n<p>&nbsp;<\/p>\n<ol start=\"6\">\n<li><strong>S\u00c9CURIT\u00c9 DE VOS DONN\u00c9ES PERSONNELLES<\/strong><\/li>\n<\/ol>\n<p>Dans le but de garantir la s\u00e9curit\u00e9 de vos donn\u00e9es personnelles, nous vous informons que nous avons adopt\u00e9 toutes les mesures techniques et organisationnelles n\u00e9cessaires pour garantir la s\u00e9curit\u00e9 des donn\u00e9es personnelles fournies contre leur alt\u00e9ration, perte et traitement ou acc\u00e8s non autoris\u00e9.<\/p>\n<p>&nbsp;<\/p>\n<ol start=\"7\">\n<li><strong>MISE \u00c0 JOUR DE VOS DONN\u00c9ES<\/strong><\/li>\n<\/ol>\n<p>Il est important que, pour que nous puissions maintenir vos donn\u00e9es personnelles \u00e0 jour, vous nous informiez chaque fois qu&rsquo;elles ont \u00e9t\u00e9 modifi\u00e9es, sinon nous ne sommes pas responsables de leur v\u00e9racit\u00e9.<\/p>\n<p>Nous ne sommes pas responsables de la politique de confidentialit\u00e9 concernant les donn\u00e9es personnelles que vous pouvez fournir \u00e0 des tiers via les liens disponibles sur notre site Web.<\/p>\n<p>Cette politique de confidentialit\u00e9 a \u00e9t\u00e9 modifi\u00e9e le 1er octobre 2021 et peut \u00eatre modifi\u00e9e pour les adapter aux changements qui surviennent sur notre site Web, ainsi qu&rsquo;aux modifications l\u00e9gislatives ou jurisprudentielles sur les donn\u00e9es personnelles qui apparaissent, elle n\u00e9cessite donc une lecture, chaque fois que vous nous fournissez avec vos donn\u00e9es via ce site Web.<\/p>\n<p>&nbsp;<\/p>\n<p><strong>D. RESPONSABILIT\u00c9S<\/strong><\/p>\n<p>En mettant ce site Web \u00e0 la disposition de l&rsquo;utilisateur, nous voulons offrir un service de qualit\u00e9, en utilisant la plus grande diligence dans sa fourniture, ainsi que dans les moyens technologiques utilis\u00e9s. Cependant, nous ne serons pas responsables de la pr\u00e9sence de virus et autres \u00e9l\u00e9ments pouvant endommager de quelque mani\u00e8re que ce soit le syst\u00e8me informatique de l&rsquo;utilisateur.<\/p>\n<p>Nous ne garantissons pas que la disponibilit\u00e9 du service sera continue et ininterrompue.<\/p>\n<p>L&rsquo;UTILISATEUR s&rsquo;interdit tout type d&rsquo;action sur notre portail qui provoque une surcharge de fonctionnement excessive de nos syst\u00e8mes informatiques, ainsi que l&rsquo;introduction de virus, ou l&rsquo;installation de robots, ou de logiciels qui alt\u00e8rent le fonctionnement normal de notre site Web, ou peuvent finalement causer des dommages \u00e0 nos syst\u00e8mes informatiques.<\/p>\n<p>L&rsquo;UTILISATEUR assume toutes les responsabilit\u00e9s d\u00e9coulant de l&rsquo;utilisation de notre site Web.<\/p>\n<p>L&rsquo;UTILISATEUR reconna\u00eet avoir compris toutes les informations concernant les conditions d&rsquo;utilisation de notre portail, et reconna\u00eet qu&rsquo;elles sont suffisantes pour l&rsquo;exclusion de l&rsquo;erreur, et par cons\u00e9quent, il les accepte int\u00e9gralement et express\u00e9ment.[\/vc_column_text][vc_empty_space height=\u00a0\u00bb50px\u00a0\u00bb][vc_empty_space height=\u00a0\u00bb50px\u00a0\u00bb][vc_empty_space height=\u00a0\u00bb50px\u00a0\u00bb][\/vc_column][\/vc_row]<\/p>\n","protected":false},"excerpt":{"rendered":"<p>[vc_row css_animation=\u00a0\u00bb\u00a0\u00bb row_type=\u00a0\u00bbrow\u00a0\u00bb use_row_as_full_screen_section=\u00a0\u00bbno\u00a0\u00bb type=\u00a0\u00bbgrid\u00a0\u00bb angled_section=\u00a0\u00bbno\u00a0\u00bb text_align=\u00a0\u00bbleft\u00a0\u00bb background_image_as_pattern=\u00a0\u00bbwithout_pattern\u00a0\u00bb z_index=\u00a0\u00bb\u00a0\u00bb][vc_column][vc_empty_space height=\u00a0\u00bb50px\u00a0\u00bb][vc_column_text] POLITIQUE DE CONFIDENTIALIT\u00c9 DES DONN\u00c9ES [\/vc_column_text][vc_separator type=\u00a0\u00bbsmall\u00a0\u00bb position=\u00a0\u00bbcenter\u00a0\u00bb color=\u00a0\u00bb#5b7e96&Prime;][vc_empty_space height=\u00a0\u00bb50px\u00a0\u00bb][vc_column_text]Ce site Web est la propri\u00e9t\u00e9 de HOTELS CMC FUTURA, S.L. avec NIF N\u00b0 B06775092 et adresse \u00e0 Calle Charles Rivel 6-8 (08328 Alella) et Inscrit&#8230;<\/p>\n","protected":false},"author":3,"featured_media":0,"parent":0,"menu_order":0,"comment_status":"closed","ping_status":"closed","template":"","meta":[],"_links":{"self":[{"href":"https:\/\/hotelarreyalella.com\/fr\/wp-json\/wp\/v2\/pages\/1372"}],"collection":[{"href":"https:\/\/hotelarreyalella.com\/fr\/wp-json\/wp\/v2\/pages"}],"about":[{"href":"https:\/\/hotelarreyalella.com\/fr\/wp-json\/wp\/v2\/types\/page"}],"author":[{"embeddable":true,"href":"https:\/\/hotelarreyalella.com\/fr\/wp-json\/wp\/v2\/users\/3"}],"replies":[{"embeddable":true,"href":"https:\/\/hotelarreyalella.com\/fr\/wp-json\/wp\/v2\/comments?post=1372"}],"version-history":[{"count":6,"href":"https:\/\/hotelarreyalella.com\/fr\/wp-json\/wp\/v2\/pages\/1372\/revisions"}],"predecessor-version":[{"id":2127,"href":"https:\/\/hotelarreyalella.com\/fr\/wp-json\/wp\/v2\/pages\/1372\/revisions\/2127"}],"wp:attachment":[{"href":"https:\/\/hotelarreyalella.com\/fr\/wp-json\/wp\/v2\/media?parent=1372"}],"curies":[{"name":"wp","href":"https:\/\/api.w.org\/{rel}","templated":true}]}}