{"id":1364,"date":"2020-06-12T07:30:13","date_gmt":"2020-06-12T07:30:13","guid":{"rendered":"https:\/\/hotelarreyalella.com\/politica-de-privacidad\/"},"modified":"2023-02-07T16:22:34","modified_gmt":"2023-02-07T16:22:34","slug":"politique-de-confidentialite-des-donnees","status":"publish","type":"page","link":"https:\/\/hotelarreyalella.com\/fr\/politique-de-confidentialite-des-donnees\/","title":{"rendered":"POLITIQUE DE CONFIDENTIALIT\u00c9 DES DONN\u00c9ES"},"content":{"rendered":"<p>[vc_row css_animation=\u00a0\u00bb\u00a0\u00bb row_type=\u00a0\u00bbrow\u00a0\u00bb use_row_as_full_screen_section=\u00a0\u00bbno\u00a0\u00bb type=\u00a0\u00bbgrid\u00a0\u00bb angled_section=\u00a0\u00bbno\u00a0\u00bb text_align=\u00a0\u00bbleft\u00a0\u00bb background_image_as_pattern=\u00a0\u00bbwithout_pattern\u00a0\u00bb z_index=\u00a0\u00bb\u00a0\u00bb][vc_column][vc_empty_space height=\u00a0\u00bb50px\u00a0\u00bb][vc_column_text]<\/p>\n<h1 style=\"text-align: center;\">POLITIQUE DE CONFIDENTIALIT\u00c9 DES DONN\u00c9ES<\/h1>\n<p>[\/vc_column_text][vc_separator type=\u00a0\u00bbsmall\u00a0\u00bb position=\u00a0\u00bbcenter\u00a0\u00bb color=\u00a0\u00bb#5b7e96&Prime;][vc_empty_space height=\u00a0\u00bb50px\u00a0\u00bb][vc_column_text]<strong>Qui est responsable du traitement de vos donn\u00e9es ?<\/strong><\/p>\n<p>&nbsp;<\/p>\n<p><strong>HOTELS CMC FUTURA S.L., ci-apr\u00e8s HOTEL ARREY ALELLA<\/strong><br \/>\n<strong>NIF. B-06775092<\/strong><br \/>\n<strong>C\/CHARLES\u00a0 RIVEL 6-8, ALELLA, 08328 (BARCELONE)<\/strong><br \/>\n<strong>Courriel : info@hotelscmc.com<\/strong><\/p>\n<p>&nbsp;<\/p>\n<p><strong>INFORMATIONS G\u00c9N\u00c9RALES SUR LA CONFIDENTIALIT\u00c9<\/strong><\/p>\n<p>&nbsp;<\/p>\n<p><strong>AVERTISSEMENT JURIDIQUE<\/strong><\/p>\n<p>&nbsp;<\/p>\n<p>Ce site web est la propri\u00e9t\u00e9 de HOTELS CMC FUTURA, S.L. avec n\u00b0 NIF B06775092 et adresse Carrer Charles Rivel 6-8 (08328 Alella).<\/p>\n<p>Pour toute question ou proposition, contactez-nous par e-mail : direccion@hotelarreyalella.com<\/p>\n<p>Ce site Web est r\u00e9gi par la r\u00e9glementation exclusivement applicable \u00e0 l&rsquo;Espagne, et les nationaux et les \u00e9trangers qui utilisent ce site Web y sont soumis.<\/p>\n<p>L&rsquo;acc\u00e8s \u00e0 notre site par l&rsquo;UTILISATEUR est gratuit et soumis \u00e0 la lecture pr\u00e9alable et \u00e0 l&rsquo;acceptation int\u00e9grale, expresse et sans r\u00e9serve des pr\u00e9sentes CONDITIONS G\u00c9N\u00c9RALES D&rsquo;UTILISATION en vigueur au moment de l&rsquo;acc\u00e8s, que nous vous demandons de lire attentivement. Lorsque l&rsquo;UTILISATEUR utilise notre portail, ses contenus ou services, il accepte et se soumet express\u00e9ment aux conditions g\u00e9n\u00e9rales d&rsquo;utilisation de celui-ci. Si l&rsquo;utilisateur n&rsquo;est pas d&rsquo;accord avec les pr\u00e9sentes conditions d&rsquo;utilisation, il doit s&rsquo;abstenir d&rsquo;utiliser ce portail et op\u00e9rer \u00e0 travers celui-ci.<\/p>\n<p>\u00c0 tout moment, nous pouvons modifier la pr\u00e9sentation et la configuration de notre site Web, \u00e9tendre ou r\u00e9duire les services, et m\u00eame le supprimer du r\u00e9seau, ainsi que les services et contenus fournis, tout cela unilat\u00e9ralement et sans pr\u00e9avis.<\/p>\n<p>&nbsp;<\/p>\n<p><strong>A. PROPRI\u00c9T\u00c9 INTELLECTUELLE<\/strong><\/p>\n<p>Tous les contenus, textes, images, marques et codes sources sont notre propri\u00e9t\u00e9 ou celle de tiers dont nous avons acquis les droits d&rsquo;exploitation, et sont prot\u00e9g\u00e9s par les droits de Propri\u00e9t\u00e9 Intellectuelle et Industrielle.<\/p>\n<p>L&rsquo;utilisateur n&rsquo;a droit qu&rsquo;\u00e0 un usage priv\u00e9 de ceux-ci, sans but lucratif, et a besoin d&rsquo;une autorisation expresse pour les modifier, les reproduire, les exploiter, les diffuser ou exercer tout droit appartenant \u00e0 leur titulaire.<\/p>\n<p><strong>B. CONDITIONS D&rsquo;ACC\u00c8S<\/strong><\/p>\n<p>L&rsquo;acc\u00e8s \u00e0 notre site Web est gratuit et ne n\u00e9cessite pas d&rsquo;abonnement ou d&rsquo;inscription pr\u00e9alable.<\/p>\n<p>L&rsquo;envoi de donn\u00e9es personnelles implique l&rsquo;acceptation expresse par l&rsquo;UTILISATEUR de notre politique de confidentialit\u00e9.<\/p>\n<p>L&rsquo;utilisateur doit acc\u00e9der de bonne foi \u00e0 notre site Internet, aux r\u00e8gles d&rsquo;ordre public et aux pr\u00e9sentes Conditions G\u00e9n\u00e9rales d&rsquo;Utilisation. L&rsquo;acc\u00e8s \u00e0 notre site Web s&rsquo;effectue sous la responsabilit\u00e9 propre et exclusive de l&rsquo;utilisateur, qui sera en tout \u00e9tat de cause responsable des dommages qui pourraient \u00eatre caus\u00e9s \u00e0 des tiers ou \u00e0 nous-m\u00eames.<\/p>\n<p>Compte tenu de l&rsquo;impossibilit\u00e9 de contr\u00f4ler les informations, contenus et services contenus dans d&rsquo;autres pages Web accessibles via les liens que notre page Web peut mettre \u00e0 votre disposition, nous vous informons que nous sommes exon\u00e9r\u00e9s de toute responsabilit\u00e9 pour les dommages de toute nature pouvant r\u00e9sulter de l&rsquo;utilisation de ces pages Web, sans rapport avec notre entreprise, par l&rsquo;utilisateur.<\/p>\n<p><strong>C. POLITIQUE DE CONFIDENTIALIT\u00c9<\/strong><\/p>\n<p>La confidentialit\u00e9 et la s\u00e9curit\u00e9 sont les valeurs premi\u00e8res de *HOTELS *CMC FUTURA, S.L. et, par cons\u00e9quent, nous assumons l&rsquo;engagement de garantir \u00e0 tout moment la confidentialit\u00e9 de l&rsquo;Utilisateur et de ne pas collecter d&rsquo;informations inutiles. Ci-dessous, nous vous fournissons toutes les informations n\u00e9cessaires sur notre politique de confidentialit\u00e9 en ce qui concerne les donn\u00e9es personnelles que nous collectons, expliquant :<\/p>\n<p>Qui est responsable du traitement de vos donn\u00e9es.<br \/>\n\u00c0 quelles fins nous recueillons les donn\u00e9es que nous demandons.<br \/>\nQuelle est la l\u00e9gitimation de son traitement.<br \/>\nCombien de temps les gardons-nous ?<br \/>\nA quels destinataires vos donn\u00e9es sont communiqu\u00e9es.<br \/>\nQuels sont vos droits et comment les exercer.<br \/>\nRESPONSABLE\u00a0: voir les donn\u00e9es dans la rubrique.<\/p>\n<p><strong>2. FINALIT\u00c9S, L\u00c9GITIMATION ET CONSERVATION du traitement des donn\u00e9es transmises via :<\/strong><\/p>\n<p>Formulaire de contact.<\/p>\n<p>Objectif : Vous fournir un moyen pour que vous puissiez nous contacter et r\u00e9pondre \u00e0 vos demandes d&rsquo;informations, ainsi que vous envoyer des communications sur nos produits, services et activit\u00e9s, y compris par voie \u00e9lectronique (e-mail, SMS, etc.), si vous cochez la case d&rsquo;acceptation.<br \/>\nL\u00e9gitimit\u00e9 : Le consentement de l&rsquo;utilisateur lorsqu&rsquo;il nous demande des informations via notre formulaire de contact et en cochant la case d&rsquo;acceptation de l&rsquo;envoi d&rsquo;informations.<br \/>\nConservation : Une fois votre demande r\u00e9solue via notre formulaire ou r\u00e9pondue par email, si elle n&rsquo;a pas g\u00e9n\u00e9r\u00e9 de nouveau traitement, et dans le cas o\u00f9 vous avez accept\u00e9 de recevoir des envois commerciaux, jusqu&rsquo;\u00e0 ce que vous demandiez l&rsquo;annulation de ceux-ci.<br \/>\nEnvoyer des emails.<\/p>\n<p>Objectif : r\u00e9pondre \u00e0 vos demandes d&rsquo;informations, r\u00e9pondre \u00e0 vos demandes et r\u00e9pondre \u00e0 vos questions ou doutes. Si nous recevons votre Curriculum Vitae, vos donn\u00e9es personnelles et curriculaires feront partie de nos bases de donn\u00e9es pour participer \u00e0 nos processus de s\u00e9lection actuels et futurs.<br \/>\nL\u00e9gitimation : Le consentement de l&rsquo;utilisateur lorsqu&rsquo;il demande des informations via l&rsquo;adresse e-mail ou nous envoie ses donn\u00e9es et son CV pour participer \u00e0 nos processus de s\u00e9lection.<br \/>\nConservation : Une fois votre demande par email r\u00e9pondue, si elle n&rsquo;a pas g\u00e9n\u00e9r\u00e9 de nouveau traitement. En cas de r\u00e9ception de votre CV, vos donn\u00e9es pourront \u00eatre conserv\u00e9es pendant un an maximum pour les futurs processus de s\u00e9lection.<br \/>\nObligation de nous fournir vos donn\u00e9es personnelles et cons\u00e9quences de ne pas le faire.<\/p>\n<p>La fourniture de donn\u00e9es personnelles requiert un \u00e2ge minimum de 14 ans ou, le cas \u00e9ch\u00e9ant, l&rsquo;\u00e2ge minimum \u00e9tabli par la r\u00e9glementation applicable en mati\u00e8re de protection des donn\u00e9es et\/ou ayant une capacit\u00e9 juridique suffisante pour contracter.<\/p>\n<p>Les donn\u00e9es personnelles demand\u00e9es sont n\u00e9cessaires pour g\u00e9rer vos demandes, vous enregistrer en tant qu&rsquo;utilisateur et\/ou vous fournir les services que vous pourriez contracter, par cons\u00e9quent, si vous ne nous les fournissez pas, nous ne pourrons pas vous servir correctement ou vous fournir le service que vous avez demand\u00e9.<\/p>\n<p>Dans tous les cas, nous nous r\u00e9servons le droit de d\u00e9cider d&rsquo;int\u00e9grer ou non vos donn\u00e9es personnelles et autres informations dans nos bases de donn\u00e9es.<\/p>\n<p><strong>DESTINATAIRES DE VOS DONN\u00c9ES.<\/strong><\/p>\n<p>Vos donn\u00e9es sont confidentielles et ne seront pas c\u00e9d\u00e9es \u00e0 des tiers, sauf obligation l\u00e9gale.<\/p>\n<p><strong>BISCUITS<\/strong><\/p>\n<p>Ce site Web peut utiliser des cookies, mais en aucun cas ils ne traitent des donn\u00e9es personnelles, ne capturent les habitudes de navigation de l&rsquo;utilisateur ou ne sont utilis\u00e9s \u00e0 des fins publicitaires, et sont donc exempt\u00e9s du respect des obligations \u00e9tablies \u00e0 l&rsquo;article 22 de la loi sur les services de la soci\u00e9t\u00e9 de l&rsquo;information. Cependant, l&rsquo;utilisateur consent \u00e0 l&rsquo;utilisation de cookies qui nous permettent de communiquer entre l&rsquo;\u00e9quipement de l&rsquo;utilisateur et le r\u00e9seau, de fournir un service express\u00e9ment demand\u00e9 par l&rsquo;utilisateur, l&rsquo;authentification ou l&rsquo;identification de l&rsquo;utilisateur (session uniquement), d&rsquo;assurer la s\u00e9curit\u00e9 de l&rsquo;utilisateur, sessions de lecteur multim\u00e9dia, sessions d&rsquo;\u00e9quilibrage de charge, personnalisation de l&rsquo;interface utilisateur et des plugins (connecteur) et \u00e9change de contenu social. En tout \u00e9tat de cause, si l&rsquo;utilisateur le souhaite, il peut d\u00e9sactiver et\/ou supprimer ces cookies en suivant les instructions de son navigateur Internet.<\/p>\n<p><strong>DROITS SUR VOS DONN\u00c9ES PERSONNELLES.<\/strong><\/p>\n<p>Toute personne peut retirer son consentement \u00e0 tout moment, lorsqu&rsquo;il a \u00e9t\u00e9 accord\u00e9 pour le traitement de ses donn\u00e9es. En aucun cas, le retrait de ce consentement ne conditionne l&rsquo;ex\u00e9cution du contrat d&rsquo;abonnement ou des relations g\u00e9n\u00e9r\u00e9es pr\u00e9c\u00e9demment.<\/p>\n<p>De m\u00eame, vous pouvez exercer les droits suivants :<\/p>\n<p>Demander l&rsquo;acc\u00e8s \u00e0 vos donn\u00e9es personnelles ou leur rectification lorsqu&rsquo;elles sont inexactes.<br \/>\nDemander sa suppression lorsque, entre autres raisons, les donn\u00e9es ne sont plus n\u00e9cessaires aux fins pour lesquelles elles ont \u00e9t\u00e9 collect\u00e9es.<br \/>\nDemander la limitation de votre traitement dans certaines circonstances.<br \/>\nDemander l&rsquo;opposition au traitement de vos donn\u00e9es pour des raisons li\u00e9es \u00e0 votre situation particuli\u00e8re.<br \/>\nDemander la portabilit\u00e9 des donn\u00e9es dans les cas pr\u00e9vus par la r\u00e9glementation.<br \/>\nAutres droits reconnus dans la r\u00e9glementation applicable.<\/p>\n<p>O\u00f9 et comment demander vos droits : Par une lettre adress\u00e9e au responsable \u00e0 son adresse postale ou \u00e9lectronique (indiqu\u00e9e dans la section A), en indiquant la r\u00e9f\u00e9rence \u00ab\u00a0Donn\u00e9es personnelles\u00a0\u00bb, en pr\u00e9cisant le droit que vous souhaitez exercer et en ce qui concerne quelles donn\u00e9es personnelles.<\/p>\n<p>En cas de d\u00e9saccord avec l&rsquo;entreprise concernant le traitement de vos donn\u00e9es, vous pouvez d\u00e9poser une r\u00e9clamation aupr\u00e8s de l&rsquo;Agence de protection des donn\u00e9es (www.agpd.es).<\/p>\n<p><strong>S\u00c9CURIT\u00c9 DE VOS DONN\u00c9ES PERSONNELLES<\/strong><\/p>\n<p>Dans le but de sauvegarder la s\u00e9curit\u00e9 de vos donn\u00e9es personnelles, nous vous informons que nous avons adopt\u00e9 toutes les mesures techniques et organisationnelles n\u00e9cessaires pour garantir la s\u00e9curit\u00e9 des donn\u00e9es personnelles fournies contre l&rsquo;alt\u00e9ration, la perte et le traitement ou l&rsquo;acc\u00e8s non autoris\u00e9<\/p>\n<p><strong>MISE \u00c0 JOUR DE VOS DONN\u00c9ES<\/strong><\/p>\n<p>Il est important que, pour que nous puissions tenir \u00e0 jour vos donn\u00e9es personnelles, vous nous informiez chaque fois qu&rsquo;il y a eu une modification de celles-ci, sinon nous ne sommes pas responsables de la v\u00e9racit\u00e9 de celles-ci.<\/p>\n<p>Nous ne sommes pas responsables de la politique de confidentialit\u00e9 concernant les donn\u00e9es personnelles qui peuvent \u00eatre fournies \u00e0 des tiers via les liens disponibles sur notre site Web.<\/p>\n<p>Cette politique de confidentialit\u00e9 a \u00e9t\u00e9 modifi\u00e9e le _______ et peut \u00eatre modifi\u00e9e pour s&rsquo;adapter aux changements qui se produisent sur notre site Web, ainsi qu&rsquo;aux modifications l\u00e9gislatives ou jurisprudentielles sur les donn\u00e9es personnelles qui apparaissent, elle n\u00e9cessite donc votre lecture, chaque fois que vous nous fournissez vos donn\u00e9es par le biais de ce site Web.<\/p>\n<p><strong>D. RESPONSABILIT\u00c9S<\/strong><\/p>\n<p>En mettant ce site Web \u00e0 la disposition de l&rsquo;utilisateur, nous souhaitons offrir un service de qualit\u00e9, en faisant preuve de la plus grande diligence dans sa fourniture, ainsi que dans les moyens technologiques utilis\u00e9s. Cependant, nous ne serons pas responsables de la pr\u00e9sence de virus et d&rsquo;autres \u00e9l\u00e9ments susceptibles d&rsquo;endommager d&rsquo;une mani\u00e8re ou d&rsquo;une autre le syst\u00e8me informatique de l&rsquo;utilisateur.<\/p>\n<p>Nous ne garantissons pas que la disponibilit\u00e9 du service sera continue et ininterrompue.<\/p>\n<p>L&rsquo;UTILISATEUR s&rsquo;interdit tout type d&rsquo;action sur notre portail qui provoque une surcharge de fonctionnement excessive sur nos syst\u00e8mes informatiques, ainsi que l&rsquo;introduction de virus, ou l&rsquo;installation de robots, ou de logiciels qui alt\u00e8rent le fonctionnement normal de notre site Web, ou finalement pourrait causer des dommages \u00e0 nos syst\u00e8mes informatiques.<\/p>\n<p>L&rsquo;UTILISATEUR assume toute responsabilit\u00e9 d\u00e9coulant de l&rsquo;utilisation de notre site Web.<\/p>\n<p>L&rsquo;UTILISATEUR reconna\u00eet avoir compris toutes les informations concernant les conditions d&rsquo;utilisation de notre portail, et reconna\u00eet qu&rsquo;elles sont suffisantes pour exclure l&rsquo;erreur qu&rsquo;elles contiennent, et par cons\u00e9quent, les accepte pleinement et express\u00e9ment.[\/vc_column_text][vc_empty_space height=\u00a0\u00bb100px\u00a0\u00bb][\/vc_column][\/vc_row]<\/p>\n","protected":false},"excerpt":{"rendered":"<p>[vc_row css_animation=\u00a0\u00bb\u00a0\u00bb row_type=\u00a0\u00bbrow\u00a0\u00bb use_row_as_full_screen_section=\u00a0\u00bbno\u00a0\u00bb type=\u00a0\u00bbgrid\u00a0\u00bb angled_section=\u00a0\u00bbno\u00a0\u00bb text_align=\u00a0\u00bbleft\u00a0\u00bb background_image_as_pattern=\u00a0\u00bbwithout_pattern\u00a0\u00bb z_index=\u00a0\u00bb\u00a0\u00bb][vc_column][vc_empty_space height=\u00a0\u00bb50px\u00a0\u00bb][vc_column_text] POLITIQUE DE CONFIDENTIALIT\u00c9 DES DONN\u00c9ES [\/vc_column_text][vc_separator type=\u00a0\u00bbsmall\u00a0\u00bb position=\u00a0\u00bbcenter\u00a0\u00bb color=\u00a0\u00bb#5b7e96&Prime;][vc_empty_space height=\u00a0\u00bb50px\u00a0\u00bb][vc_column_text]Qui est responsable du traitement de vos donn\u00e9es ? &nbsp; HOTELS CMC FUTURA S.L., ci-apr\u00e8s HOTEL ARREY ALELLA NIF. B-06775092 C\/CHARLES\u00a0 RIVEL 6-8, ALELLA, 08328 (BARCELONE)&#8230;<\/p>\n","protected":false},"author":3,"featured_media":0,"parent":0,"menu_order":0,"comment_status":"closed","ping_status":"closed","template":"","meta":[],"_links":{"self":[{"href":"https:\/\/hotelarreyalella.com\/fr\/wp-json\/wp\/v2\/pages\/1364"}],"collection":[{"href":"https:\/\/hotelarreyalella.com\/fr\/wp-json\/wp\/v2\/pages"}],"about":[{"href":"https:\/\/hotelarreyalella.com\/fr\/wp-json\/wp\/v2\/types\/page"}],"author":[{"embeddable":true,"href":"https:\/\/hotelarreyalella.com\/fr\/wp-json\/wp\/v2\/users\/3"}],"replies":[{"embeddable":true,"href":"https:\/\/hotelarreyalella.com\/fr\/wp-json\/wp\/v2\/comments?post=1364"}],"version-history":[{"count":6,"href":"https:\/\/hotelarreyalella.com\/fr\/wp-json\/wp\/v2\/pages\/1364\/revisions"}],"predecessor-version":[{"id":4370,"href":"https:\/\/hotelarreyalella.com\/fr\/wp-json\/wp\/v2\/pages\/1364\/revisions\/4370"}],"wp:attachment":[{"href":"https:\/\/hotelarreyalella.com\/fr\/wp-json\/wp\/v2\/media?parent=1364"}],"curies":[{"name":"wp","href":"https:\/\/api.w.org\/{rel}","templated":true}]}}