{"id":1362,"date":"2020-04-02T08:48:27","date_gmt":"2020-04-02T08:48:27","guid":{"rendered":"https:\/\/hotelarreyalella.com\/politica-de-cookies\/"},"modified":"2020-06-23T07:42:35","modified_gmt":"2020-06-23T07:42:35","slug":"politica-de-cookies","status":"publish","type":"page","link":"https:\/\/hotelarreyalella.com\/fr\/politica-de-cookies\/","title":{"rendered":"Pol\u00edtica de Cookies"},"content":{"rendered":"<p>[vc_row css_animation=\u00a0\u00bb\u00a0\u00bb row_type=\u00a0\u00bbrow\u00a0\u00bb use_row_as_full_screen_section=\u00a0\u00bbno\u00a0\u00bb type=\u00a0\u00bbgrid\u00a0\u00bb angled_section=\u00a0\u00bbno\u00a0\u00bb text_align=\u00a0\u00bbleft\u00a0\u00bb background_image_as_pattern=\u00a0\u00bbwithout_pattern\u00a0\u00bb z_index=\u00a0\u00bb\u00a0\u00bb][vc_column][vc_empty_space height=\u00a0\u00bb50px\u00a0\u00bb][vc_column_text]<\/p>\n<h1 style=\"text-align: center;\">Pol\u00edtica de Cookies<\/h1>\n<p>[\/vc_column_text][vc_separator type=\u00a0\u00bbsmall\u00a0\u00bb position=\u00a0\u00bbcenter\u00a0\u00bb color=\u00a0\u00bb#5b7e96&Prime;][vc_empty_space height=\u00a0\u00bb50px\u00a0\u00bb][vc_column_text]<\/p>\n<h3>\u00bfQu\u00e9 son las cookies?<\/h3>\n<p>&nbsp;<\/p>\n<p>Cookie es un fichero que se descarga en su ordenador al acceder a la mayor\u00eda de p\u00e1ginas Web. Las cookies permiten a una p\u00e1gina web, entre otras cosas, almacenar y recuperar informaci\u00f3n sobre los h\u00e1bitos de navegaci\u00f3n de un usuario o de su equipo y, dependiendo de la informaci\u00f3n que contengan y de la forma en que utilice su equipo, pueden utilizarse para reconocer al usuario. Cuando acceda a una web que utiliza cookies, la web hace que el navegador cree en su equipo (ordenador, tableta, tel\u00e9fono o similar ) peque\u00f1os ficheros con informaci\u00f3n necesaria para el funcionamiento de la Web. Estos ficheros denominados cookies, forman parte de la tecnolog\u00eda necesaria para el correcto funcionamiento del sitio web. Las cookies no contienen ninguna clase de informaci\u00f3n personal espec\u00edfica, y la mayor\u00eda de las mismas se borran del disco duro al finalizar la sesi\u00f3n del navegador (las denominadas cookies de sesi\u00f3n) si bien su historial de navegaci\u00f3n y cookies se almacenan en su equipo. Las cookies, de forma similar al historial de navegaci\u00f3n o cach\u00e9 del navegador, pueden dejar un rastro sobre su actividad en l\u00ednea. Esto es especialmente importante si otras personas pueden acceder a su equipo. Por lo que en el caso de que est\u00e9 utilizando un equipo compartido, le recomendamos que antes de cerrar la sesi\u00f3n elimine la informaci\u00f3n sobre el historial de navegaci\u00f3n, cach\u00e9 y cookies.<\/p>\n<p>&nbsp;<\/p>\n<p>La mayor\u00eda de los navegadores aceptan como est\u00e1ndar a las cookies y, con independencia permiten o impiden en los ajustes de seguridad las cookies temporales o memorizadas. Por lo que es posible desactivar las cookies, pero la web no funcionar\u00e1 correctamente. Puede desactivar completamente el uso de cookies en el apartado de configuraci\u00f3n de su navegador.<\/p>\n<p>&nbsp;<\/p>\n<h3>\u00bfQu\u00e9 tipos de cookies utiliza esta p\u00e1gina web?<\/h3>\n<p>&nbsp;<\/p>\n<p><strong>Cookies t\u00e9cnicas:<\/strong> Son aqu\u00e9llas que permiten al usuario la navegaci\u00f3n a trav\u00e9s de una p\u00e1gina web, plataforma o aplicaci\u00f3n y la utilizaci\u00f3n de las diferentes opciones o servicios que en ella existan como, por ejemplo, controlar el tr\u00e1fico y la comunicaci\u00f3n de datos, identificar la sesi\u00f3n, acceder a partes de acceso restringido, recordar los elementos que integran un pedido, realizar el proceso de compra de un pedido, realizar la solicitud de inscripci\u00f3n o participaci\u00f3n en un evento, utilizar elementos de seguridad durante la navegaci\u00f3n, almacenar contenidos para la difusi\u00f3n de videos o sonido o compartir contenidos a trav\u00e9s de redes sociales.<\/p>\n<p>&nbsp;<\/p>\n<p><strong>Cookies de personalizaci\u00f3n:<\/strong> Son aqu\u00e9llas que permiten al usuario acceder al servicio con algunas caracter\u00edsticas de car\u00e1cter general predefinidas en funci\u00f3n de una serie de criterios en el terminal del usuario como por ejemplo serian el idioma, el tipo de navegador a trav\u00e9s del cual accede al servicio, la configuraci\u00f3n regional desde donde accede al servicio, etc.<\/p>\n<p>&nbsp;<\/p>\n<p><strong>Cookies de an\u00e1lisis:<\/strong> Son aqu\u00e9llas que bien tratadas por nosotros o por terceros, nos permiten cuantificar el n\u00famero de usuarios y as\u00ed realizar la medici\u00f3n y an\u00e1lisis estad\u00edstico de la utilizaci\u00f3n que hacen los usuarios del servicio ofertado. Para ello se analiza su navegaci\u00f3n en nuestra p\u00e1gina web con el fin de mejorar la oferta de productos o servicios que le ofrecemos.<\/p>\n<p>&nbsp;<\/p>\n<p><strong>Cookies publicitarias:<\/strong> Son aqu\u00e9llas que, bien tratadas por nosotros o por terceros, nos permiten gestionar de la forma m\u00e1s eficaz posible la oferta de los espacios publicitarios que hay en la p\u00e1gina web, adecuando el contenido del anuncio al contenido del servicio solicitado o al uso que realice de nuestra p\u00e1gina web. Para ello podemos analizar sus h\u00e1bitos de navegaci\u00f3n en Internet y podemos mostrarle publicidad relacionada con su perfil de navegaci\u00f3n.<\/p>\n<p>&nbsp;<\/p>\n<p><strong>Cookies de publicidad comportamental:<\/strong> Son aqu\u00e9llas que permiten la gesti\u00f3n, de la forma m\u00e1s eficaz posible, de los espacios publicitarios que, en su caso, el editor haya incluido en una p\u00e1gina web, aplicaci\u00f3n o plataforma desde la que presta el servicio solicitado. Estas cookies almacenan informaci\u00f3n del comportamiento de los usuarios obtenida a trav\u00e9s de la observaci\u00f3n continuada de sus h\u00e1bitos de navegaci\u00f3n, lo que permite desarrollar un perfil espec\u00edfico para mostrar publicidad en funci\u00f3n del mismo.<\/p>\n<p>&nbsp;<\/p>\n<p><strong>Cookies de terceros:<\/strong> Esta web puede utilizar servicios de terceros que, por cuenta de los mismos recopilaran informaci\u00f3n con fines estad\u00edsticos, de uso del Site por parte del usuario y para la prestaci\u00f3n de otros servicios relacionados con la actividad del Website y otros servicios de Internet.<\/p>\n<p>&nbsp;<\/p>\n<p>La tabla que te mostramos identifica las cookies que usamos propias y de terceros y los prop\u00f3sitos de cada una:<\/p>\n<p>&nbsp;<\/p>\n<table>\n<tbody>\n<tr>\n<td>Cookie<\/td>\n<td>Tipo<\/td>\n<td>Duraci\u00f3n<\/td>\n<td>Prop\u00f3sito y finalidad<\/td>\n<\/tr>\n<tr>\n<td>cookie_notice_accepted<\/td>\n<td>cookie permanente<\/td>\n<td>1 mes<\/td>\n<td>Mostrar el mensaje de aceptaci\u00f3n de cookies a los usuarios que no las han aceptado.<\/td>\n<\/tr>\n<tr>\n<td>_utma<\/td>\n<td>cookie de terceros<\/td>\n<td>2 a\u00f1os<\/td>\n<td>Realiza el recuento de las visitas que hace el usuario a la web. Tambien registra cuando fue la primera y ultima vez que visito la web.<\/td>\n<\/tr>\n<tr>\n<td>_utmb<\/td>\n<td>cookie de terceros<\/td>\n<td>30 minutos<\/td>\n<td>Calcula cuando se ha acabado la sesi\u00f3n. Registra la hora de llegada a la web.<\/td>\n<\/tr>\n<tr>\n<td>_utmc<\/td>\n<td>cookie de terceros<\/td>\n<td>Se elimina al finalizar la sesi\u00f3n<\/td>\n<td>Calcula cuando se ha acabado una sesi\u00f3n. Comprueba si se tiene que crear una nueva sesi\u00f3n o hace falta mantenerla abierta.<\/td>\n<\/tr>\n<tr>\n<td>_utmt<\/td>\n<td>cookie de terceros<\/td>\n<td>Se elimina al finalizar la sesi\u00f3n<\/td>\n<td>Registra el tipo de petici\u00f3n hecha por el usuario.<\/td>\n<\/tr>\n<tr>\n<td>_utmz<\/td>\n<td>cookie de terceros<\/td>\n<td>6 meses<\/td>\n<td>Registra el origen del usuario y las palabras clave.<br \/>\nCalcula cuando se ha acabado una sesi\u00f3n. Comprueba si se ha de crear una nueva sesi\u00f3n o mantenerla abierta.<\/td>\n<\/tr>\n<tr>\n<td>wp-wpml_current_language<\/td>\n<td>cookie de terceros<\/td>\n<td>6 meses<\/td>\n<td>Detecta el idioma determinado por el usuario<\/td>\n<\/tr>\n<\/tbody>\n<\/table>\n<p>&nbsp;<\/p>\n<h3>Aceptaci\u00f3n Expresa del usuario para uso de Cookies de esta Web.<\/h3>\n<p>&nbsp;<\/p>\n<p><em>Navegar por esta web con las cookies activadas conlleva aceptar expresamente el tratamiento de la informaci\u00f3n recabada; en la forma y con los fines anteriormente mencionados.<\/em><\/p>\n<p>&nbsp;<\/p>\n<p>De igual forma el usuario declara conocer la posibilidad de rechazar el tratamiento de tales datos o informaci\u00f3n rechazando el \u201cuso de Cookies\u201d mediante la selecci\u00f3n de la configuraci\u00f3n en su navegador.<\/p>\n<p>&nbsp;<\/p>\n<h3>Desactivar las Cookies. Opciones del Navegador<\/h3>\n<p>&nbsp;<\/p>\n<p>La mayor\u00eda de navegadores le permiten desactivar las cookies. Los navegadores tambi\u00e9n le permiten borrar las cookies creadas por un sitio web espec\u00edfico. Para ello puede consultar la ayuda de su navegador.<\/p>\n<p>&nbsp;<\/p>\n<p><strong>La opci\u00f3n de bloqueo de Cookies en su navegador puede no permitirle el uso completo de todas las funciones de esta Web.<\/strong><\/p>\n<p>&nbsp;<\/p>\n<p>Aqu\u00ed puede consultar la ayuda de los principales navegadores Web:<\/p>\n<p>&nbsp;<\/p>\n<ul>\n<li>Chrome: http:\/\/support.google.com\/chrome\/bin\/answer.py?hl=es&amp;answer=95647<\/li>\n<li>Explorer: http:\/\/windows.microsoft.com\/es-es\/windows7\/how-to-manage-cookies-in-internet-explorer-9<\/li>\n<li>Firefox: http:\/\/support.mozilla.org\/es\/kb\/habilitar-y-deshabilitar-cookies-que-los-sitios-we<\/li>\n<li>Safari: http:\/\/support.apple.com\/kb\/ph5042<\/li>\n<li>Safari para IOS:http:\/\/support.apple.com\/kb\/HT1677?viewlocale=es_ES&amp;locale=es_ES<\/li>\n<li>Opera: http:\/\/help.opera.com\/Windows\/11.50\/es-ES\/cookies.html<\/li>\n<\/ul>\n<p>&nbsp;<\/p>\n<p>Si aun as\u00ed precisa de m\u00e1s informaci\u00f3n sobre el particular, no dude en contactarnos: <a href=\"mailto:recepcion@hotelarreyalella.com\">recepcion@hotelarreyalella.com <\/a>[\/vc_column_text][vc_empty_space height=\u00a0\u00bb100px\u00a0\u00bb][\/vc_column][\/vc_row]<\/p>\n","protected":false},"excerpt":{"rendered":"<p>[vc_row css_animation=\u00a0\u00bb\u00a0\u00bb row_type=\u00a0\u00bbrow\u00a0\u00bb use_row_as_full_screen_section=\u00a0\u00bbno\u00a0\u00bb type=\u00a0\u00bbgrid\u00a0\u00bb angled_section=\u00a0\u00bbno\u00a0\u00bb text_align=\u00a0\u00bbleft\u00a0\u00bb background_image_as_pattern=\u00a0\u00bbwithout_pattern\u00a0\u00bb z_index=\u00a0\u00bb\u00a0\u00bb][vc_column][vc_empty_space height=\u00a0\u00bb50px\u00a0\u00bb][vc_column_text] Pol\u00edtica de Cookies [\/vc_column_text][vc_separator type=\u00a0\u00bbsmall\u00a0\u00bb position=\u00a0\u00bbcenter\u00a0\u00bb color=\u00a0\u00bb#5b7e96&Prime;][vc_empty_space height=\u00a0\u00bb50px\u00a0\u00bb][vc_column_text] \u00bfQu\u00e9 son las cookies? &nbsp; Cookie es un fichero que se descarga en su ordenador al acceder a la mayor\u00eda de p\u00e1ginas Web. Las cookies permiten a&#8230;<\/p>\n","protected":false},"author":3,"featured_media":0,"parent":0,"menu_order":0,"comment_status":"closed","ping_status":"closed","template":"","meta":[],"_links":{"self":[{"href":"https:\/\/hotelarreyalella.com\/fr\/wp-json\/wp\/v2\/pages\/1362"}],"collection":[{"href":"https:\/\/hotelarreyalella.com\/fr\/wp-json\/wp\/v2\/pages"}],"about":[{"href":"https:\/\/hotelarreyalella.com\/fr\/wp-json\/wp\/v2\/types\/page"}],"author":[{"embeddable":true,"href":"https:\/\/hotelarreyalella.com\/fr\/wp-json\/wp\/v2\/users\/3"}],"replies":[{"embeddable":true,"href":"https:\/\/hotelarreyalella.com\/fr\/wp-json\/wp\/v2\/comments?post=1362"}],"version-history":[{"count":2,"href":"https:\/\/hotelarreyalella.com\/fr\/wp-json\/wp\/v2\/pages\/1362\/revisions"}],"predecessor-version":[{"id":1381,"href":"https:\/\/hotelarreyalella.com\/fr\/wp-json\/wp\/v2\/pages\/1362\/revisions\/1381"}],"wp:attachment":[{"href":"https:\/\/hotelarreyalella.com\/fr\/wp-json\/wp\/v2\/media?parent=1362"}],"curies":[{"name":"wp","href":"https:\/\/api.w.org\/{rel}","templated":true}]}}