{"id":1335,"date":"2020-03-11T08:07:18","date_gmt":"2020-03-11T08:07:18","guid":{"rendered":"https:\/\/hotelarreyalella.com\/blog\/"},"modified":"2022-06-14T14:25:11","modified_gmt":"2022-06-14T14:25:11","slug":"blog","status":"publish","type":"page","link":"https:\/\/hotelarreyalella.com\/fr\/blog\/","title":{"rendered":"Blog"},"content":{"rendered":"<p>[vc_row css_animation=\u00a0\u00bb\u00a0\u00bb row_type=\u00a0\u00bbrow\u00a0\u00bb use_row_as_full_screen_section=\u00a0\u00bbno\u00a0\u00bb type=\u00a0\u00bbfull_width\u00a0\u00bb angled_section=\u00a0\u00bbno\u00a0\u00bb text_align=\u00a0\u00bbcenter\u00a0\u00bb background_image_as_pattern=\u00a0\u00bbwithout_pattern\u00a0\u00bb z_index=\u00a0\u00bb\u00a0\u00bb][vc_column][vc_single_image image=\u00a0\u00bb1336&Prime; img_size=\u00a0\u00bbfull\u00a0\u00bb alignment=\u00a0\u00bbcenter\u00a0\u00bb qode_css_animation=\u00a0\u00bb\u00a0\u00bb][\/vc_column][\/vc_row][vc_row css_animation=\u00a0\u00bb\u00a0\u00bb row_type=\u00a0\u00bbrow\u00a0\u00bb use_row_as_full_screen_section=\u00a0\u00bbno\u00a0\u00bb type=\u00a0\u00bbgrid\u00a0\u00bb angled_section=\u00a0\u00bbno\u00a0\u00bb text_align=\u00a0\u00bbleft\u00a0\u00bb background_image_as_pattern=\u00a0\u00bbwithout_pattern\u00a0\u00bb z_index=\u00a0\u00bb\u00a0\u00bb][vc_column][vc_empty_space height=\u00a0\u00bb50px\u00a0\u00bb][vc_column_text]<\/p>\n<h1 style=\"text-align: center;\">Blog<\/h1>\n<p>[\/vc_column_text][vc_separator type=\u00a0\u00bbsmall\u00a0\u00bb position=\u00a0\u00bbcenter\u00a0\u00bb color=\u00a0\u00bb#5b7e96&Prime;][vc_empty_space height=\u00a0\u00bb50px\u00a0\u00bb]<div class='q_masonry_blog'><div class=\"q_masonry_blog_grid_sizer\"><\/div><div class=\"q_masonry_blog_grid_gutter\"><\/div><article  class='post-2466 post type-post status-publish format-standard has-post-thumbnail hentry category-non-classifiee '><div class=\"q_masonry_blog_post_image\"><a itemprop=\"url\" href=\"https:\/\/hotelarreyalella.com\/fr\/hotel-arrey-alella-historia-y-tradicion-enologica-desde-el-sxix\/\" target=\"_self\"><img itemprop=\"image\" src=\"https:\/\/hotelarreyalella.com\/wp-content\/uploads\/2021\/11\/cal-balcells-80s.jpg\" \/><\/a><\/div><div class=\"q_masonry_blog_post_text\"><h5 itemprop=\"name\" class=\"q_masonry_blog_title entry_title\"><a itemprop=\"url\" href=\"https:\/\/hotelarreyalella.com\/fr\/hotel-arrey-alella-historia-y-tradicion-enologica-desde-el-sxix\/\">HOTEL ARREY ALELLA: HISTORIA Y TRADICI\u00d3N EN\u00d3LOGICA DESDE EL S.XIX<\/a><\/h5><p itemprop=\"description\" class=\"q_masonry_blog_excerpt\">El Hotel Arrey Alella, siempre asociado a la tradici\u00f3n del vino, se integra en la Ruta del Vino de la DO Alella, en la comarca del Maresme (Barcelona). Se encuentra tan solo a dos 2 kil\u00f3metros de la playa del Masnou y a 20 kil\u00f3metros de Barcelona. Igual que sus vinos con DO de Alella, la singularidad de este hotel es indiscutible....<\/p><div class=\"q_masonry_blog_post_info\"><\/div><\/div><\/article><article  class='post-2098 post type-post status-publish format-standard has-post-thumbnail hentry category-non-classifiee '><div class=\"q_masonry_blog_post_image\"><a itemprop=\"url\" href=\"https:\/\/hotelarreyalella.com\/fr\/hotel-arrey-alella-enoturismo-gastronomia-y-negocios\/\" target=\"_self\"><img itemprop=\"image\" src=\"https:\/\/hotelarreyalella.com\/wp-content\/uploads\/2021\/10\/Brown-Illustrated-Architecture-Ancient-History-Presentation.jpg\" \/><\/a><\/div><div class=\"q_masonry_blog_post_text\"><h5 itemprop=\"name\" class=\"q_masonry_blog_title entry_title\"><a itemprop=\"url\" href=\"https:\/\/hotelarreyalella.com\/fr\/hotel-arrey-alella-enoturismo-gastronomia-y-negocios\/\">GRUPO HOTELS CMC: HOSPITALIDAD, CONFORT Y PROFESIONALIDAD<\/a><\/h5><p itemprop=\"description\" class=\"q_masonry_blog_excerpt\">Hotels CMC es un proyecto creado en 2020 por tres socios con amplia experiencia en la hosteler\u00eda y el turismo.\r\n\r\nHotel Mas Salvi, Hotel Albons, Hotel Arrey Alella i Hotel CMC Girona son los cuatro hoteles que forman el grupo CMC Hotels. Cada uno con su esencia y personalidad, crean un ecosistema hotelero diferenciado....<\/p><div class=\"q_masonry_blog_post_info\"><\/div><\/div><\/article><article  class='post-1196 post type-post status-publish format-standard has-post-thumbnail hentry category-entrada-2-fr category-non-classifiee '><div class=\"q_masonry_blog_post_image\"><a itemprop=\"url\" href=\"https:\/\/hotelarreyalella.com\/fr\/estrenamos-nueva-web\/\" target=\"_self\"><img itemprop=\"image\" src=\"https:\/\/hotelarreyalella.com\/wp-content\/uploads\/2020\/07\/descarga.jpg\" \/><\/a><\/div><div class=\"q_masonry_blog_post_text\"><h5 itemprop=\"name\" class=\"q_masonry_blog_title entry_title\"><a itemprop=\"url\" href=\"https:\/\/hotelarreyalella.com\/fr\/estrenamos-nueva-web\/\">\u00a1Estrenamos nueva web!<\/a><\/h5><p itemprop=\"description\" class=\"q_masonry_blog_excerpt\">En la actualidad, las herramientas inform\u00e1ticas nos hacen m\u00e1s c\u00f3moda la vida, es por ello que la p\u00e1gina web de cualquier empresa se ha convertido en un buen escaparate de los productos y servicios que ofrece al mundo.\r\n...<\/p><div class=\"q_masonry_blog_post_info\"><\/div><\/div><\/article><\/div>[\/vc_column][\/vc_row]<\/p>\n","protected":false},"excerpt":{"rendered":"<p>[vc_row css_animation=\u00a0\u00bb\u00a0\u00bb row_type=\u00a0\u00bbrow\u00a0\u00bb use_row_as_full_screen_section=\u00a0\u00bbno\u00a0\u00bb type=\u00a0\u00bbfull_width\u00a0\u00bb angled_section=\u00a0\u00bbno\u00a0\u00bb text_align=\u00a0\u00bbcenter\u00a0\u00bb background_image_as_pattern=\u00a0\u00bbwithout_pattern\u00a0\u00bb z_index=\u00a0\u00bb\u00a0\u00bb][vc_column][vc_single_image image=\u00a0\u00bb1336&Prime; img_size=\u00a0\u00bbfull\u00a0\u00bb alignment=\u00a0\u00bbcenter\u00a0\u00bb qode_css_animation=\u00a0\u00bb\u00a0\u00bb][\/vc_column][\/vc_row][vc_row css_animation=\u00a0\u00bb\u00a0\u00bb row_type=\u00a0\u00bbrow\u00a0\u00bb use_row_as_full_screen_section=\u00a0\u00bbno\u00a0\u00bb type=\u00a0\u00bbgrid\u00a0\u00bb angled_section=\u00a0\u00bbno\u00a0\u00bb text_align=\u00a0\u00bbleft\u00a0\u00bb background_image_as_pattern=\u00a0\u00bbwithout_pattern\u00a0\u00bb z_index=\u00a0\u00bb\u00a0\u00bb][vc_column][vc_empty_space height=\u00a0\u00bb50px\u00a0\u00bb][vc_column_text] Blog [\/vc_column_text][vc_separator type=\u00a0\u00bbsmall\u00a0\u00bb position=\u00a0\u00bbcenter\u00a0\u00bb color=\u00a0\u00bb#5b7e96&Prime;][vc_empty_space height=\u00a0\u00bb50px\u00a0\u00bb][\/vc_column][\/vc_row]<\/p>\n","protected":false},"author":3,"featured_media":0,"parent":0,"menu_order":0,"comment_status":"closed","ping_status":"closed","template":"full_width.php","meta":[],"_links":{"self":[{"href":"https:\/\/hotelarreyalella.com\/fr\/wp-json\/wp\/v2\/pages\/1335"}],"collection":[{"href":"https:\/\/hotelarreyalella.com\/fr\/wp-json\/wp\/v2\/pages"}],"about":[{"href":"https:\/\/hotelarreyalella.com\/fr\/wp-json\/wp\/v2\/types\/page"}],"author":[{"embeddable":true,"href":"https:\/\/hotelarreyalella.com\/fr\/wp-json\/wp\/v2\/users\/3"}],"replies":[{"embeddable":true,"href":"https:\/\/hotelarreyalella.com\/fr\/wp-json\/wp\/v2\/comments?post=1335"}],"version-history":[{"count":7,"href":"https:\/\/hotelarreyalella.com\/fr\/wp-json\/wp\/v2\/pages\/1335\/revisions"}],"predecessor-version":[{"id":3502,"href":"https:\/\/hotelarreyalella.com\/fr\/wp-json\/wp\/v2\/pages\/1335\/revisions\/3502"}],"wp:attachment":[{"href":"https:\/\/hotelarreyalella.com\/fr\/wp-json\/wp\/v2\/media?parent=1335"}],"curies":[{"name":"wp","href":"https:\/\/api.w.org\/{rel}","templated":true}]}}