{"id":1151,"date":"2020-03-11T08:07:18","date_gmt":"2020-03-11T08:07:18","guid":{"rendered":"https:\/\/hotelarreyalella.com\/blog\/"},"modified":"2022-06-14T14:25:10","modified_gmt":"2022-06-14T14:25:10","slug":"blog","status":"publish","type":"page","link":"https:\/\/hotelarreyalella.com\/en\/blog\/","title":{"rendered":"Blog"},"content":{"rendered":"<p>[vc_row css_animation=&#8221;&#8221; row_type=&#8221;row&#8221; use_row_as_full_screen_section=&#8221;no&#8221; type=&#8221;full_width&#8221; angled_section=&#8221;no&#8221; text_align=&#8221;center&#8221; background_image_as_pattern=&#8221;without_pattern&#8221; z_index=&#8221;&#8221;][vc_column][vc_single_image image=&#8221;397&#8243; img_size=&#8221;full&#8221; alignment=&#8221;center&#8221; qode_css_animation=&#8221;&#8221;][\/vc_column][\/vc_row][vc_row css_animation=&#8221;&#8221; row_type=&#8221;row&#8221; use_row_as_full_screen_section=&#8221;no&#8221; type=&#8221;grid&#8221; angled_section=&#8221;no&#8221; text_align=&#8221;left&#8221; background_image_as_pattern=&#8221;without_pattern&#8221; z_index=&#8221;&#8221;][vc_column][vc_empty_space height=&#8221;50px&#8221;][vc_column_text]<\/p>\n<h1 style=\"text-align: center;\">Blog<\/h1>\n<p>[\/vc_column_text][vc_separator type=&#8221;small&#8221; position=&#8221;center&#8221; color=&#8221;#5b7e96&#8243;][vc_empty_space height=&#8221;50px&#8221;]<div class='q_masonry_blog'><div class=\"q_masonry_blog_grid_sizer\"><\/div><div class=\"q_masonry_blog_grid_gutter\"><\/div><article  class='post-2465 post type-post status-publish format-standard has-post-thumbnail hentry category-uncategorized '><div class=\"q_masonry_blog_post_image\"><a itemprop=\"url\" href=\"https:\/\/hotelarreyalella.com\/en\/hotel-arrey-alella-historia-y-tradicion-enologica-desde-el-sxix\/\" target=\"_self\"><img itemprop=\"image\" src=\"https:\/\/hotelarreyalella.com\/wp-content\/uploads\/2021\/11\/cal-balcells-80s.jpg\" \/><\/a><\/div><div class=\"q_masonry_blog_post_text\"><h5 itemprop=\"name\" class=\"q_masonry_blog_title entry_title\"><a itemprop=\"url\" href=\"https:\/\/hotelarreyalella.com\/en\/hotel-arrey-alella-historia-y-tradicion-enologica-desde-el-sxix\/\">HOTEL ARREY ALELLA: HISTORIA Y TRADICI\u00d3N EN\u00d3LOGICA DESDE EL SXIX<\/a><\/h5><p itemprop=\"description\" class=\"q_masonry_blog_excerpt\">El Hotel Arrey Alella, siempre asociado a la tradici\u00f3n del vino, se integra en la Ruta del Vino de la DO Alella, en la comarca del Maresme (Barcelona). Se encuentra tan solo a dos 2 kil\u00f3metros de la playa del Masnou y a 20 kil\u00f3metros de Barcelona. Igual que sus vinos con DO de Alella, la singularidad de este hotel es indiscutible....<\/p><div class=\"q_masonry_blog_post_info\"><\/div><\/div><\/article><article  class='post-2097 post type-post status-publish format-standard has-post-thumbnail hentry category-uncategorized '><div class=\"q_masonry_blog_post_image\"><a itemprop=\"url\" href=\"https:\/\/hotelarreyalella.com\/en\/hotel-arrey-alella-enoturismo-gastronomia-y-negocios\/\" target=\"_self\"><img itemprop=\"image\" src=\"https:\/\/hotelarreyalella.com\/wp-content\/uploads\/2021\/10\/Brown-Illustrated-Architecture-Ancient-History-Presentation.jpg\" \/><\/a><\/div><div class=\"q_masonry_blog_post_text\"><h5 itemprop=\"name\" class=\"q_masonry_blog_title entry_title\"><a itemprop=\"url\" href=\"https:\/\/hotelarreyalella.com\/en\/hotel-arrey-alella-enoturismo-gastronomia-y-negocios\/\">GRUPO HOTELS CMC: HOSPITALIDAD, CONFORT Y PROFESIONALIDAD<\/a><\/h5><p itemprop=\"description\" class=\"q_masonry_blog_excerpt\">Hotels CMC es un proyecto creado en 2020 por tres socios con amplia experiencia en la hosteler\u00eda y el turismo.\r\n\r\nHotel Mas Salvi, Hotel Albons, Hotel Arrey Alella i Hotel CMC Girona son los cuatro hoteles que forman el grupo CMC Hotels. Cada uno con su esencia y personalidad, crean un ecosistema hotelero diferenciado....<\/p><div class=\"q_masonry_blog_post_info\"><\/div><\/div><\/article><article  class='post-1195 post type-post status-publish format-standard has-post-thumbnail hentry category-entrada-2-en category-uncategorized '><div class=\"q_masonry_blog_post_image\"><a itemprop=\"url\" href=\"https:\/\/hotelarreyalella.com\/en\/estrenamos-nueva-web\/\" target=\"_self\"><img itemprop=\"image\" src=\"https:\/\/hotelarreyalella.com\/wp-content\/uploads\/2020\/07\/descarga.jpg\" \/><\/a><\/div><div class=\"q_masonry_blog_post_text\"><h5 itemprop=\"name\" class=\"q_masonry_blog_title entry_title\"><a itemprop=\"url\" href=\"https:\/\/hotelarreyalella.com\/en\/estrenamos-nueva-web\/\">\u00a1Estrenamos nueva web!<\/a><\/h5><p itemprop=\"description\" class=\"q_masonry_blog_excerpt\">En la actualidad, las herramientas inform\u00e1ticas nos hacen m\u00e1s c\u00f3moda la vida, es por ello que la p\u00e1gina web de cualquier empresa se ha convertido en un buen escaparate de los productos y servicios que ofrece al mundo.\r\n...<\/p><div class=\"q_masonry_blog_post_info\"><\/div><\/div><\/article><\/div>[\/vc_column][\/vc_row]<\/p>\n","protected":false},"excerpt":{"rendered":"<p>[vc_row css_animation=&#8221;&#8221; row_type=&#8221;row&#8221; use_row_as_full_screen_section=&#8221;no&#8221; type=&#8221;full_width&#8221; angled_section=&#8221;no&#8221; text_align=&#8221;center&#8221; background_image_as_pattern=&#8221;without_pattern&#8221; z_index=&#8221;&#8221;][vc_column][vc_single_image image=&#8221;397&#8243; img_size=&#8221;full&#8221; alignment=&#8221;center&#8221; qode_css_animation=&#8221;&#8221;][\/vc_column][\/vc_row][vc_row css_animation=&#8221;&#8221; row_type=&#8221;row&#8221; use_row_as_full_screen_section=&#8221;no&#8221; type=&#8221;grid&#8221; angled_section=&#8221;no&#8221; text_align=&#8221;left&#8221; background_image_as_pattern=&#8221;without_pattern&#8221; z_index=&#8221;&#8221;][vc_column][vc_empty_space height=&#8221;50px&#8221;][vc_column_text] Blog [\/vc_column_text][vc_separator type=&#8221;small&#8221; position=&#8221;center&#8221; color=&#8221;#5b7e96&#8243;][vc_empty_space height=&#8221;50px&#8221;][\/vc_column][\/vc_row]<\/p>\n","protected":false},"author":3,"featured_media":0,"parent":0,"menu_order":0,"comment_status":"closed","ping_status":"closed","template":"full_width.php","meta":[],"_links":{"self":[{"href":"https:\/\/hotelarreyalella.com\/en\/wp-json\/wp\/v2\/pages\/1151"}],"collection":[{"href":"https:\/\/hotelarreyalella.com\/en\/wp-json\/wp\/v2\/pages"}],"about":[{"href":"https:\/\/hotelarreyalella.com\/en\/wp-json\/wp\/v2\/types\/page"}],"author":[{"embeddable":true,"href":"https:\/\/hotelarreyalella.com\/en\/wp-json\/wp\/v2\/users\/3"}],"replies":[{"embeddable":true,"href":"https:\/\/hotelarreyalella.com\/en\/wp-json\/wp\/v2\/comments?post=1151"}],"version-history":[{"count":7,"href":"https:\/\/hotelarreyalella.com\/en\/wp-json\/wp\/v2\/pages\/1151\/revisions"}],"predecessor-version":[{"id":3501,"href":"https:\/\/hotelarreyalella.com\/en\/wp-json\/wp\/v2\/pages\/1151\/revisions\/3501"}],"wp:attachment":[{"href":"https:\/\/hotelarreyalella.com\/en\/wp-json\/wp\/v2\/media?parent=1151"}],"curies":[{"name":"wp","href":"https:\/\/api.w.org\/{rel}","templated":true}]}}