{"id":4683,"date":"2023-11-02T16:23:10","date_gmt":"2023-11-02T16:23:10","guid":{"rendered":"https:\/\/hotelarreyalella.com\/?page_id=4683"},"modified":"2023-11-02T16:26:28","modified_gmt":"2023-11-02T16:26:28","slug":"sostenibilitat","status":"publish","type":"page","link":"https:\/\/hotelarreyalella.com\/ca\/sostenibilitat\/","title":{"rendered":"Sostenibilitat"},"content":{"rendered":"<p>[vc_row css_animation=&#8221;&#8221; row_type=&#8221;row&#8221; use_row_as_full_screen_section=&#8221;yes&#8221; type=&#8221;full_width&#8221; angled_section=&#8221;no&#8221; text_align=&#8221;left&#8221; background_image_as_pattern=&#8221;without_pattern&#8221; z_index=&#8221;&#8221; background_image=&#8221;4601&#8243; css=&#8221;.vc_custom_1698942012606{padding-top: 200px !important;padding-bottom: 200px !important;}&#8221;][vc_column][vc_column_text][\/vc_column_text][\/vc_column][\/vc_row][vc_row css_animation=&#8221;&#8221; row_type=&#8221;row&#8221; use_row_as_full_screen_section=&#8221;no&#8221; type=&#8221;grid&#8221; angled_section=&#8221;no&#8221; text_align=&#8221;left&#8221; background_image_as_pattern=&#8221;without_pattern&#8221; z_index=&#8221;&#8221;][vc_column][vc_empty_space height=&#8221;50px&#8221;][vc_column_text]<\/p>\n<h1 style=\"text-align: center;\">Desde l\u2019Hotel CMC Arrey Alella estem compromesos al 100% amb la sostenibilitat<\/h1>\n<p>[\/vc_column_text][vc_separator type=&#8221;small&#8221; position=&#8221;center&#8221; color=&#8221;#5b7e96&#8243;][vc_column_text el_class=&#8221;txt-c-e&#8221;]<\/p>\n<p style=\"text-align: center;\">Oferim gastronomia mediterr\u00e0nia d&#8217;alta qualitat, elaborada amb productes de temporada. A l&#8217;hotel apostem pel turisme responsable i sostenible, i apostem per reduir l&#8217;impacte que genera el nostre hotel en el medi ambient.<\/p>\n<h3><\/h3>\n<h3 style=\"text-align: center;\"><strong>Certificaci\u00f3 BIOSPHERE<\/strong><\/h3>\n<p style=\"text-align: center;\"><strong>\u00a0<\/strong><\/p>\n<p style=\"text-align: center;\">La Certificaci\u00f3 Biosphere \u00e9s un sistema de certificaci\u00f3 volunt\u00e0ria i independent per al turisme sostenible.\u00a0 Aquesta certificaci\u00f3 s&#8217; emmarca en els principis de la sostenibilitat i millora constant i s&#8217; enfoca en el present i futur del turisme sostenible.<\/p>\n<p>&nbsp;<\/p>\n<p style=\"text-align: center;\">Conforme van passant els anys i les noves generacions s&#8217;endinsen en els sectors productius, s&#8217;observa que el sector tur\u00edstic t\u00e9 cada vegada m\u00e9s preocupaci\u00f3 per la seva salut i per afavorir aquelles opcions que m\u00e9s contribueixin a la salut del planeta, al desenvolupament local i al benestar de totes les persones involucrades.<\/p>\n<p>&nbsp;<\/p>\n<p style=\"text-align: center;\">Amb la mira en els objectius de l&#8217;ONU per al 2030, i amb la intenci\u00f3 de desenvolupar un turisme sostenible que aprofiti sense cap mena de risc els recursos naturals, que conservi i valoritzi la identitat cultural aut\u00f2ctona i que impulsi l&#8217;economia global, s&#8217;ha creat la Certificaci\u00f3 Biosphere.<\/p>\n<p>[\/vc_column_text][vc_empty_space height=&#8221;20px&#8221;][vc_single_image image=&#8221;4466&#8243; img_size=&#8221;full&#8221; alignment=&#8221;center&#8221; qode_css_animation=&#8221;&#8221; css=&#8221;.vc_custom_1698941869190{padding-top: 20px !important;}&#8221;][vc_empty_space height=&#8221;50px&#8221;][\/vc_column][\/vc_row]<\/p>\n","protected":false},"excerpt":{"rendered":"<p>[vc_row css_animation=&#8221;&#8221; row_type=&#8221;row&#8221; use_row_as_full_screen_section=&#8221;yes&#8221; type=&#8221;full_width&#8221; angled_section=&#8221;no&#8221; text_align=&#8221;left&#8221; background_image_as_pattern=&#8221;without_pattern&#8221; z_index=&#8221;&#8221; background_image=&#8221;4601&#8243; css=&#8221;.vc_custom_1698942012606{padding-top: 200px !important;padding-bottom: 200px !important;}&#8221;][vc_column][vc_column_text][\/vc_column_text][\/vc_column][\/vc_row][vc_row css_animation=&#8221;&#8221; row_type=&#8221;row&#8221; use_row_as_full_screen_section=&#8221;no&#8221; type=&#8221;grid&#8221; angled_section=&#8221;no&#8221; text_align=&#8221;left&#8221; background_image_as_pattern=&#8221;without_pattern&#8221; z_index=&#8221;&#8221;][vc_column][vc_empty_space height=&#8221;50px&#8221;][vc_column_text] Desde l\u2019Hotel CMC Arrey Alella estem compromesos al 100% amb la sostenibilitat [\/vc_column_text][vc_separator type=&#8221;small&#8221; position=&#8221;center&#8221; color=&#8221;#5b7e96&#8243;][vc_column_text el_class=&#8221;txt-c-e&#8221;] Oferim gastronomia mediterr\u00e0nia d&#8217;alta&#8230;<\/p>\n","protected":false},"author":4,"featured_media":4602,"parent":0,"menu_order":0,"comment_status":"closed","ping_status":"closed","template":"full_width.php","meta":[],"_links":{"self":[{"href":"https:\/\/hotelarreyalella.com\/ca\/wp-json\/wp\/v2\/pages\/4683"}],"collection":[{"href":"https:\/\/hotelarreyalella.com\/ca\/wp-json\/wp\/v2\/pages"}],"about":[{"href":"https:\/\/hotelarreyalella.com\/ca\/wp-json\/wp\/v2\/types\/page"}],"author":[{"embeddable":true,"href":"https:\/\/hotelarreyalella.com\/ca\/wp-json\/wp\/v2\/users\/4"}],"replies":[{"embeddable":true,"href":"https:\/\/hotelarreyalella.com\/ca\/wp-json\/wp\/v2\/comments?post=4683"}],"version-history":[{"count":4,"href":"https:\/\/hotelarreyalella.com\/ca\/wp-json\/wp\/v2\/pages\/4683\/revisions"}],"predecessor-version":[{"id":4696,"href":"https:\/\/hotelarreyalella.com\/ca\/wp-json\/wp\/v2\/pages\/4683\/revisions\/4696"}],"wp:featuredmedia":[{"embeddable":true,"href":"https:\/\/hotelarreyalella.com\/ca\/wp-json\/wp\/v2\/media\/4602"}],"wp:attachment":[{"href":"https:\/\/hotelarreyalella.com\/ca\/wp-json\/wp\/v2\/media?parent=4683"}],"curies":[{"name":"wp","href":"https:\/\/api.w.org\/{rel}","templated":true}]}}