{"id":3748,"date":"2022-08-19T13:44:44","date_gmt":"2022-08-19T13:44:44","guid":{"rendered":"https:\/\/hotelarreyalella.com\/?page_id=3748"},"modified":"2022-08-19T13:44:44","modified_gmt":"2022-08-19T13:44:44","slug":"responsabilitat-social","status":"publish","type":"page","link":"https:\/\/hotelarreyalella.com\/ca\/responsabilitat-social\/","title":{"rendered":"Responsabilitat Social"},"content":{"rendered":"<h4><\/h4>\n<h4><\/h4>\n<h4 style=\"text-align: center;\"><strong>RESPONSABILITAT SOCIAL<\/strong><\/h4>\n<hr \/>\n<p>&nbsp;<\/p>\n<p style=\"text-align: left;\">\n<p>En Hotel Arrey Alella tenim un <strong>comprom\u00eds<\/strong> clar amb la societat que ens envolta i amb la<strong> protecci\u00f3 del medi ambient<\/strong>. Volem superar les expectatives dels nostres empleats i clients, per aix\u00f2 apostem per una <strong>bona gesti\u00f3 i sostenibilitat<\/strong> al nostre hotel.<\/p>\n<p>&nbsp;<\/p>\n<p style=\"text-align: left;\">\nEl nostre objectiu \u00e9s aconseguir que els nostres clients tinguin experi\u00e8ncies no sols inoblidables, sin\u00f3 tamb\u00e9 enriquidores i beneficioses per a les seves vides i per a la societat en el seu conjunt.<\/p>\n<p>&nbsp;<\/p>\n<p style=\"text-align: left;\">\n<p>El nostre comprom\u00eds amb el client es basa en qualitat i excel\u00b7l\u00e8ncia en el servei. Accessibilitat per a persones amb discapacitat. I implicaci\u00f3 responsable en l&#8217;experi\u00e8ncia tur\u00edstica; animem als nostres clients a participar en les nostres iniciatives mediambientals (reciclatge, refuso de tovalloles, consci\u00e8ncia amb l&#8217;estalvi de l&#8217;aigua a trav\u00e9s de cartells \u2026).<\/p>\n<p>&nbsp;<\/p>\n<p style=\"text-align: left;\">\nAmb la finalitat de promoure el mercat local i evitar emissions de transport innecess\u00e0ries, col\u00b7laborem amb <strong>prove\u00efdors de proximitat i locals<\/strong>, oferint als nostres clients productes de temporada i de\u00a0km0.<\/p>\n<p>&nbsp;<\/p>\n<p style=\"text-align: left;\">\nEns preocupem per la <strong>protecci\u00f3 i millora del medi ambient<\/strong>, per aquest motiu aportem el nostre granet de sorra a trav\u00e9s d&#8217;accions com:<\/p>\n<p style=\"text-align: left;\">\nGesti\u00f3 de residus<br \/>\nPla d&#8217;efici\u00e8ncia energ\u00e8tica<br \/>\n\u00das responsable de l&#8217;aigua<br \/>\nProductes ecol\u00f2gics i biodegradables<\/p>\n<p>&nbsp;<\/p>\n<p>&nbsp;<\/p>\n<p>&nbsp;<\/p>\n","protected":false},"excerpt":{"rendered":"<p>RESPONSABILITAT SOCIAL &nbsp; En Hotel Arrey Alella tenim un comprom\u00eds clar amb la societat que ens envolta i amb la protecci\u00f3 del medi ambient. Volem superar les expectatives dels nostres empleats i clients, per aix\u00f2 apostem per una bona gesti\u00f3 i sostenibilitat al nostre hotel&#8230;.<\/p>\n","protected":false},"author":3,"featured_media":0,"parent":0,"menu_order":0,"comment_status":"closed","ping_status":"closed","template":"","meta":[],"_links":{"self":[{"href":"https:\/\/hotelarreyalella.com\/ca\/wp-json\/wp\/v2\/pages\/3748"}],"collection":[{"href":"https:\/\/hotelarreyalella.com\/ca\/wp-json\/wp\/v2\/pages"}],"about":[{"href":"https:\/\/hotelarreyalella.com\/ca\/wp-json\/wp\/v2\/types\/page"}],"author":[{"embeddable":true,"href":"https:\/\/hotelarreyalella.com\/ca\/wp-json\/wp\/v2\/users\/3"}],"replies":[{"embeddable":true,"href":"https:\/\/hotelarreyalella.com\/ca\/wp-json\/wp\/v2\/comments?post=3748"}],"version-history":[{"count":6,"href":"https:\/\/hotelarreyalella.com\/ca\/wp-json\/wp\/v2\/pages\/3748\/revisions"}],"predecessor-version":[{"id":3754,"href":"https:\/\/hotelarreyalella.com\/ca\/wp-json\/wp\/v2\/pages\/3748\/revisions\/3754"}],"wp:attachment":[{"href":"https:\/\/hotelarreyalella.com\/ca\/wp-json\/wp\/v2\/media?parent=3748"}],"curies":[{"name":"wp","href":"https:\/\/api.w.org\/{rel}","templated":true}]}}