{"id":2301,"date":"2021-10-19T06:47:41","date_gmt":"2021-10-19T06:47:41","guid":{"rendered":"https:\/\/hotelarreyalella.com\/experiencias\/"},"modified":"2023-10-11T09:38:07","modified_gmt":"2023-10-11T09:38:07","slug":"entorn","status":"publish","type":"page","link":"https:\/\/hotelarreyalella.com\/ca\/entorn\/","title":{"rendered":"Entorn"},"content":{"rendered":"<p>[vc_row css_animation=&#8221;&#8221; row_type=&#8221;row&#8221; use_row_as_full_screen_section=&#8221;no&#8221; type=&#8221;full_width&#8221; angled_section=&#8221;no&#8221; text_align=&#8221;center&#8221; background_image_as_pattern=&#8221;without_pattern&#8221; z_index=&#8221;&#8221;][vc_column][vc_single_image image=&#8221;2221&#8243; img_size=&#8221;1905&#215;472&#8243; alignment=&#8221;center&#8221; qode_css_animation=&#8221;&#8221;][\/vc_column][\/vc_row][vc_row css_animation=&#8221;&#8221; row_type=&#8221;row&#8221; use_row_as_full_screen_section=&#8221;no&#8221; type=&#8221;grid&#8221; angled_section=&#8221;no&#8221; text_align=&#8221;center&#8221; background_image_as_pattern=&#8221;without_pattern&#8221; z_index=&#8221;&#8221;][vc_column][vc_row_inner row_type=&#8221;row&#8221; type=&#8221;full_width&#8221; text_align=&#8221;center&#8221; css_animation=&#8221;&#8221;][vc_column_inner width=&#8221;1\/2&#8243;][vc_empty_space height=&#8221;50px&#8221;][vc_empty_space height=&#8221;50px&#8221;][vc_column_text]<\/p>\n<h2 style=\"text-align: center;\">ENOTURISME 360\u00ba<\/h2>\n<p>[\/vc_column_text][vc_separator type=&#8221;small&#8221; position=&#8221;center&#8221; color=&#8221;#5b7e96&#8243;][vc_column_text el_class=&#8221;txt-c-e&#8221;]<\/p>\n<p style=\"text-align: center;\">La terra de la Pansa Blanca.<br \/>\nTastos, passejades, p\u00edcnics i ioga entre vinyes, sopars sota la lluna plena, cal\u00e7otades, esmorzars de forquilla, tastos a alta mar, visites a un celler rom\u00e0 o modernista, un wine bar\u2026 I moltes sorpreses m\u00e9s!<\/p>\n<p>[\/vc_column_text][vc_empty_space]<a itemprop=\"url\" href=\"http:\/\/www.enoturismedoalella.com\/wp-content\/uploads\/2021\/05\/Maparuta2021.pdf\" target=\"_self\" class=\"qbutton  center default\" style=\"\" rel=\"noopener\">Descobreix la ruta del vi DO Alella<\/a>[vc_empty_space][vc_empty_space height=&#8221;50px&#8221;][\/vc_column_inner][vc_column_inner width=&#8221;1\/2&#8243;][vc_empty_space][vc_single_image image=&#8221;2239&#8243; img_size=&#8221;385&#215;490&#8243; alignment=&#8221;center&#8221; onclick=&#8221;custom_link&#8221; img_link_target=&#8221;_blank&#8221; qode_css_animation=&#8221;&#8221; link=&#8221;https:\/\/hotelarreyalella.com\/wp-content\/uploads\/2021\/10\/mapa-alella.pdf&#8221;][\/vc_column_inner][\/vc_row_inner][vc_empty_space height=&#8221;50px&#8221;][\/vc_column][\/vc_row][vc_row css_animation=&#8221;&#8221; row_type=&#8221;row&#8221; use_row_as_full_screen_section=&#8221;no&#8221; type=&#8221;full_width&#8221; angled_section=&#8221;no&#8221; text_align=&#8221;center&#8221; background_image_as_pattern=&#8221;without_pattern&#8221; z_index=&#8221;&#8221; css=&#8221;.vc_custom_1634800896666{background-color: #fefaf6 !important;}&#8221;][vc_column][vc_empty_space height=&#8221;50px&#8221;][vc_column_text]<\/p>\n<h2 style=\"text-align: center;\">ENDINSA&#8217;T A LA CULTURA DEL VI<\/h2>\n<p>[\/vc_column_text][vc_empty_space][vc_row_inner row_type=&#8221;row&#8221; type=&#8221;full_width&#8221; text_align=&#8221;center&#8221; css_animation=&#8221;&#8221; css=&#8221;.vc_custom_1634800906557{background-color: #fefaf6 !important;}&#8221;][vc_column_inner width=&#8221;1\/5&#8243;]<div class=\"qode-banner qode-banner-va-center\"><a class=\"qode-banner-link\" href=\"https:\/\/alella.cat\/14163\" target=\"_blank\" rel=\"noopener\"><\/a><div class=\"qode-banner-image\"><img itemprop=\"image\" src=\"https:\/\/hotelarreyalella.com\/wp-content\/uploads\/2021\/10\/alella-vinicola.jpg\" alt=\"\" \/><\/div><div class=\"qode-banner-content\"><div class=\"qode-banner-content-inner\"><div class=\"qode-banner-text-holder\"><strong>Alella Vin\u00edcola<\/strong><\/p>\n<p>Celler familiar emblem\u00e0tic creat el 1906 al centre del municipi<\/div><\/div><\/div><\/div>[\/vc_column_inner][vc_column_inner width=&#8221;1\/5&#8243;]<div class=\"qode-banner qode-banner-va-center\"><a class=\"qode-banner-link\" href=\"https:\/\/alella.cat\/14157\" target=\"_blank\" rel=\"noopener\"><\/a><div class=\"qode-banner-image\"><img itemprop=\"image\" src=\"https:\/\/hotelarreyalella.com\/wp-content\/uploads\/2021\/10\/alta-alella.jpg\" alt=\"\" \/><\/div><div class=\"qode-banner-content\"><div class=\"qode-banner-content-inner\"><div class=\"qode-banner-text-holder\"><strong>Alta Alella\u00a0<\/strong><\/p>\n<p>El celler familiar d&#8217;agricultura ecol\u00f2gica m\u00e9s proper a Barcelona.<\/div><\/div><\/div><\/div>[\/vc_column_inner][vc_column_inner width=&#8221;1\/5&#8243;]<div class=\"qode-banner qode-banner-va-center\"><a class=\"qode-banner-link\" href=\"https:\/\/alella.cat\/14159\" target=\"_blank\" rel=\"noopener\"><\/a><div class=\"qode-banner-image\"><img itemprop=\"image\" src=\"https:\/\/hotelarreyalella.com\/wp-content\/uploads\/2021\/10\/bouquet-alella.jpeg\" alt=\"\" \/><\/div><div class=\"qode-banner-content\"><div class=\"qode-banner-content-inner\"><div class=\"qode-banner-text-holder\"><strong>Bouquet d&#8217;Alella\u00a0<\/strong><\/p>\n<p>Petit celler familiar amb vins ecol\u00f2gics i un espai natural id\u00edl\u00b7lic.<\/div><\/div><\/div><\/div>[\/vc_column_inner][vc_column_inner width=&#8221;1\/5&#8243;]<div class=\"qode-banner qode-banner-va-center\"><a class=\"qode-banner-link\" href=\"https:\/\/alella.cat\/14162\" target=\"_blank\" rel=\"noopener\"><\/a><div class=\"qode-banner-image\"><img itemprop=\"image\" src=\"https:\/\/hotelarreyalella.com\/wp-content\/uploads\/2021\/10\/celler-de-les-aus.jpg\" alt=\"\" \/><\/div><div class=\"qode-banner-content\"><div class=\"qode-banner-content-inner\"><div class=\"qode-banner-text-holder\"><strong>Celler de les Aus\u00a0<\/strong><\/p>\n<p>El celler radical de vins naturals d&#8217;Alta Alella.<\/div><\/div><\/div><\/div>[\/vc_column_inner][vc_column_inner width=&#8221;1\/5&#8243;]<div class=\"qode-banner qode-banner-va-center\"><a class=\"qode-banner-link\" href=\"https:\/\/alella.cat\/14161\" target=\"_blank\" rel=\"noopener\"><\/a><div class=\"qode-banner-image\"><img itemprop=\"image\" src=\"https:\/\/hotelarreyalella.com\/wp-content\/uploads\/2021\/10\/roura-1.jpg\" alt=\"\" \/><\/div><div class=\"qode-banner-content\"><div class=\"qode-banner-content-inner\"><div class=\"qode-banner-text-holder\"><strong>Roura\u00a0<\/strong><\/p>\n<p>Bodegues Roure elabora vins de la DO Alella, DO Cava i DO Catalunya.<\/div><\/div><\/div><\/div>[\/vc_column_inner][\/vc_row_inner][vc_empty_space height=&#8221;50px&#8221;][\/vc_column][\/vc_row][vc_row css_animation=&#8221;&#8221; row_type=&#8221;row&#8221; use_row_as_full_screen_section=&#8221;no&#8221; type=&#8221;grid&#8221; angled_section=&#8221;no&#8221; text_align=&#8221;center&#8221; background_image_as_pattern=&#8221;without_pattern&#8221; z_index=&#8221;&#8221;][vc_column width=&#8221;1\/2&#8243;][vc_empty_space][vc_single_image image=&#8221;2280&#8243; img_size=&#8221;385&#215;490&#8243; alignment=&#8221;center&#8221; onclick=&#8221;custom_link&#8221; img_link_target=&#8221;_blank&#8221; qode_css_animation=&#8221;&#8221; link=&#8221;https:\/\/hotelarreyalella.com\/wp-content\/uploads\/2021\/10\/MapaInformador_SerraladaLitoral.pdf&#8221;][vc_empty_space height=&#8221;50px&#8221;][\/vc_column][vc_column width=&#8221;1\/2&#8243;][vc_empty_space height=&#8221;50px&#8221;][vc_column_text]<\/p>\n<h2 style=\"text-align: center;\">NATURA<\/h2>\n<p>[\/vc_column_text][vc_separator type=&#8221;small&#8221; position=&#8221;center&#8221; color=&#8221;#5b7e96&#8243;][vc_column_text el_class=&#8221;txt-c-e&#8221;]<\/p>\n<p style=\"text-align: center;\">Situat a la vessant meridional de la Serralada Litoral. El seu enclavament privilegiat ens obre les portes a espectaculars espais naturals de gran valor, donant lloc a zones forestals, agr\u00edcoles i urbanes que es barregen en un mosaic visual en contrast amb el mar de fons i alhora preservant i harmonitzant la biodiversitat. Aquesta fusi\u00f3 d&#8217;ecosistemes s&#8217;ha convertit en el refugi de moltes esp\u00e8cies de fauna i de gran riquesa flor\u00edstica.<\/p>\n<p style=\"text-align: center;\">Descobreix totes les rutes per la Serralada Litoral.<\/p>\n<p>[\/vc_column_text][vc_empty_space]<a itemprop=\"url\" href=\"https:\/\/hotelarreyalella.com\/wp-content\/uploads\/2021\/10\/MapaInformador_SerraladaLitoral.pdf\" target=\"_blank\" class=\"qbutton  center default\" style=\"\">Descobreix les rutes per la Serralada Litoral<\/a>[vc_empty_space][vc_column_text el_class=&#8221;txt-c-e&#8221;]<\/p>\n<h2 style=\"text-align: center;\">Endinsa&#8217;t a la natura d&#8217;Alella!<\/h2>\n<p>[\/vc_column_text][vc_empty_space height=&#8221;50px&#8221;][\/vc_column][\/vc_row]<\/p>\n","protected":false},"excerpt":{"rendered":"<p>[vc_row css_animation=&#8221;&#8221; row_type=&#8221;row&#8221; use_row_as_full_screen_section=&#8221;no&#8221; type=&#8221;full_width&#8221; angled_section=&#8221;no&#8221; text_align=&#8221;center&#8221; background_image_as_pattern=&#8221;without_pattern&#8221; z_index=&#8221;&#8221;][vc_column][vc_single_image image=&#8221;2221&#8243; img_size=&#8221;1905&#215;472&#8243; alignment=&#8221;center&#8221; qode_css_animation=&#8221;&#8221;][\/vc_column][\/vc_row][vc_row css_animation=&#8221;&#8221; row_type=&#8221;row&#8221; use_row_as_full_screen_section=&#8221;no&#8221; type=&#8221;grid&#8221; angled_section=&#8221;no&#8221; text_align=&#8221;center&#8221; background_image_as_pattern=&#8221;without_pattern&#8221; z_index=&#8221;&#8221;][vc_column][vc_row_inner row_type=&#8221;row&#8221; type=&#8221;full_width&#8221; text_align=&#8221;center&#8221; css_animation=&#8221;&#8221;][vc_column_inner width=&#8221;1\/2&#8243;][vc_empty_space height=&#8221;50px&#8221;][vc_empty_space height=&#8221;50px&#8221;][vc_column_text] ENOTURISME 360\u00ba [\/vc_column_text][vc_separator type=&#8221;small&#8221; position=&#8221;center&#8221; color=&#8221;#5b7e96&#8243;][vc_column_text el_class=&#8221;txt-c-e&#8221;] La terra de la Pansa Blanca. Tastos, passejades, p\u00edcnics i&#8230;<\/p>\n","protected":false},"author":3,"featured_media":0,"parent":0,"menu_order":0,"comment_status":"closed","ping_status":"closed","template":"full_width.php","meta":[],"_links":{"self":[{"href":"https:\/\/hotelarreyalella.com\/ca\/wp-json\/wp\/v2\/pages\/2301"}],"collection":[{"href":"https:\/\/hotelarreyalella.com\/ca\/wp-json\/wp\/v2\/pages"}],"about":[{"href":"https:\/\/hotelarreyalella.com\/ca\/wp-json\/wp\/v2\/types\/page"}],"author":[{"embeddable":true,"href":"https:\/\/hotelarreyalella.com\/ca\/wp-json\/wp\/v2\/users\/3"}],"replies":[{"embeddable":true,"href":"https:\/\/hotelarreyalella.com\/ca\/wp-json\/wp\/v2\/comments?post=2301"}],"version-history":[{"count":8,"href":"https:\/\/hotelarreyalella.com\/ca\/wp-json\/wp\/v2\/pages\/2301\/revisions"}],"predecessor-version":[{"id":4635,"href":"https:\/\/hotelarreyalella.com\/ca\/wp-json\/wp\/v2\/pages\/2301\/revisions\/4635"}],"wp:attachment":[{"href":"https:\/\/hotelarreyalella.com\/ca\/wp-json\/wp\/v2\/media?parent=2301"}],"curies":[{"name":"wp","href":"https:\/\/api.w.org\/{rel}","templated":true}]}}