{"id":1474,"date":"2020-04-02T08:53:12","date_gmt":"2020-04-02T08:53:12","guid":{"rendered":"https:\/\/hotelarreyalella.com\/aviso-legal\/"},"modified":"2021-10-15T11:00:45","modified_gmt":"2021-10-15T11:00:45","slug":"avis-legal","status":"publish","type":"page","link":"https:\/\/hotelarreyalella.com\/ca\/avis-legal\/","title":{"rendered":"Av\u00eds Legal"},"content":{"rendered":"<p>[vc_row css_animation=&#8221;&#8221; row_type=&#8221;row&#8221; use_row_as_full_screen_section=&#8221;no&#8221; type=&#8221;grid&#8221; angled_section=&#8221;no&#8221; text_align=&#8221;left&#8221; background_image_as_pattern=&#8221;without_pattern&#8221; z_index=&#8221;&#8221;][vc_column][vc_empty_space height=&#8221;50px&#8221;][vc_column_text]<\/p>\n<h1 style=\"text-align: center;\">Av\u00eds Legal<\/h1>\n<p>[\/vc_column_text][vc_separator type=&#8221;small&#8221; position=&#8221;center&#8221; color=&#8221;#5b7e96&#8243;][vc_empty_space height=&#8221;50px&#8221;][vc_column_text]Aquesta p\u00e0gina Web \u00e9s propietat de HOTELS CMC FUTURA, S.L. amb NIF n\u00fam B06775092 i domicili en Carrer Charles Rivel 6-8 (08328 Alella) i Inscrita en el Registre Mercantil de Barcelona al Tom 47.851 Foli 1, full 564.243 Inscripci\u00f3 1<\/p>\n<p>Per a qualsevol consulta o proposta, contacti&#8217;ns en l&#8217;e-mail: recepcion@hotelarreyalella.com<\/p>\n<p>Aquesta p\u00e0gina Web es regeix per la normativa exclusivament aplicable a Espanya, quedant sotmesa a ella, tant nacionals com estrangers que utilitzin aquesta Web.<\/p>\n<p>L&#8217;acc\u00e9s a la nostra p\u00e0gina Web per part de l&#8217;USUARI \u00e9s gratu\u00eft i est\u00e0 condicionat a la pr\u00e8via lectura i acceptaci\u00f3 integra, expressa i sense reserves de les presents CONDICIONS GENERALS D&#8217;\u00daS vigents en el moment de l&#8217;acc\u00e9s, que preguem llegeixi detingudament. L&#8217;USUARI en el moment que utilitza el nostre portal, els seus continguts o serveis, accepta i se sotmet expressament a les condicions generals d&#8217;\u00fas de la mateixa. Si l&#8217;usuari no estigu\u00e9s d&#8217;acord amb les presents condicions d&#8217;\u00fas, s&#8217;haur\u00e0 d&#8217;abstenir d&#8217;utilitzar aquest portal i operar per mitj\u00e0 del mateix.<\/p>\n<p>En qualsevol moment podrem modificar la presentaci\u00f3 i configuraci\u00f3 de la nostra Web, ampliar o reduir serveis, i fins i tot suprimir-la de la Xarxa, aix\u00ed com els serveis i continguts prestats, tot aix\u00f2 de forma unilateral i sense previ av\u00eds.<\/p>\n<p>&nbsp;<\/p>\n<p><strong>A. PROPIETAT INTEL\u00b7LECTUAL<\/strong><\/p>\n<p>Tots els continguts, textos, imatges, marques i codis font s\u00f3n de la nostra propietat o de tercers als quals s&#8217;han adquirit els seus drets d&#8217;explotaci\u00f3, i estan protegits pels drets de Propietat Intel\u00b7lectual i Industrial.<\/p>\n<p>L&#8217;usuari \u00fanicament t\u00e9 dret a un \u00fas privat dels mateixos, sense \u00e0nim de lucre, i necessita autoritzaci\u00f3 expressa per modificar-los, reproduir-los, explotar-los, distribuir-los o exercir qualsevol dret pertanyent al seu titular.<\/p>\n<p>&nbsp;<\/p>\n<p><strong>B. CONDICIONS D&#8217;ACC\u00c9S<\/strong><\/p>\n<p>L&#8217;acc\u00e9s a la nostra p\u00e0gina web \u00e9s gratu\u00eft i no exigeix \u200b\u200bpr\u00e8via subscripci\u00f3 o registre.<\/p>\n<p>L&#8217;enviament de dades personals implica l&#8217;acceptaci\u00f3 expressa per part de l&#8217;USUARI de la nostra pol\u00edtica de privacitat.<\/p>\n<p>L&#8217;usuari ha d&#8217;accedir a la nostra p\u00e0gina web conforme a la bona fe, les normes d&#8217;ordre p\u00fablic ia les presents Condicions Generals d&#8217;\u00fas. L&#8217;acc\u00e9s al nostre lloc Web es realitza sota la pr\u00f2pia i exclusiva responsabilitat de l&#8217;usuari, que respondr\u00e0 en tot cas dels danys i perjudicis que pugui causar a tercers oa nosaltres mateixos.<\/p>\n<p>Tenint en compte la impossibilitat de control respecte a la informaci\u00f3, continguts i serveis que continguin altres p\u00e0gines web als quals es pugui accedir a trav\u00e9s dels enlla\u00e7os que la nostra p\u00e0gina web pugui posar a la seva disposici\u00f3, li comuniquem que vam quedar eximits de qualsevol responsabilitat per els danys i perjudicis de tota classe que poguessin derivar per la utilitzaci\u00f3 d&#8217;aquestes p\u00e0gines web, alienes a la nostra empresa, per part de l&#8217;usuari.<\/p>\n<p>&nbsp;<\/p>\n<p><strong>C. POL\u00cdTICA DE PRIVACITAT<\/strong><\/p>\n<p>La confidencialitat i la seguretat s\u00f3n valors primordials de HOTELS CMC FUTURA, S.L. i, en conseq\u00fc\u00e8ncia, assumim el comprom\u00eds de garantir la privacitat de l&#8217;usuari en tot moment i de no recaptar informaci\u00f3 innecess\u00e0ria. A continuaci\u00f3, li proporcionem tota la informaci\u00f3 necess\u00e0ria sobre la nostra Pol\u00edtica de Privacitat en relaci\u00f3 amb les dades personals que recaptem, explicant-:<\/p>\n<ul>\n<li>Qui \u00e9s el responsable de l&#8217;tractament de les seves dades.<\/li>\n<li>Per quines finalitats demanem les dades que li demanem.<\/li>\n<li>Quina \u00e9s la legitimaci\u00f3 per al seu tractament.<\/li>\n<li>Durant quant de temps els conservem.<\/li>\n<li>A qu\u00e8 destinataris es comuniquen les seves dades.<\/li>\n<li>Quins s\u00f3n els seus drets i com exercir-los.<\/li>\n<\/ul>\n<ol>\n<li><strong>RESPONSABLE<\/strong>: veure dades a l&#8217;encap\u00e7alament.<\/li>\n<li><strong>FINALITATS, LEGITIMACI\u00d3 I CONSERVACI\u00d3<\/strong> dels tractaments de les dades enviades a trav\u00e9s de:<\/li>\n<\/ol>\n<ul>\n<li>Formulari de Contacte.<\/li>\n<\/ul>\n<p>Finalitat: Facilitar-un mitj\u00e0 perqu\u00e8 pugui posar-se en contacte amb nosaltres i contestar les seves sol\u00b7licituds d&#8217;informaci\u00f3, aix\u00ed com enviar-li comunicacions dels nostres productes, serveis i activitats, inclusivament per mitjans electr\u00f2nics (correu electr\u00f2nic, SMS, etc.), si marca la casella d&#8217;acceptaci\u00f3.<\/p>\n<p>Legitimaci\u00f3: El consentiment de l&#8217;usuari a l&#8217;sol\u00b7licitar-nos informaci\u00f3 a trav\u00e9s del nostre formulari de contactes i a l&#8217;marcar la casella d&#8217;acceptaci\u00f3 d&#8217;enviament d&#8217;informaci\u00f3.<\/p>\n<p>Conservaci\u00f3: Un cop resolta la seva sol\u00b7licitud per mitj\u00e0 del nostre formulari o contestada per correu electr\u00f2nic, si no ha generat un nou tractament, i en cas d&#8217;haver acceptat rebre enviaments comercials, fins que sol\u00b7liciti la baixa dels mateixos.<\/p>\n<ul>\n<li>Enviament de correus electr\u00f2nics.<\/li>\n<\/ul>\n<p>Finalitat: Contestar les seves sol\u00b7licituds d&#8217;informaci\u00f3, atendre les seves peticions i respondre les seves consultes o dubtes. En cas de rebre el seu Curr\u00edculum Vitae, les seves dades personals i curriculars podran formar part de les nostres bases de dades per participar en els nostres processos de selecci\u00f3 presents i futurs.<\/p>\n<p>Legitimaci\u00f3: El consentiment de l&#8217;usuari a l&#8217;sol\u00b7licitar-nos informaci\u00f3 a trav\u00e9s de l&#8217;adre\u00e7a de correu electr\u00f2nic o enviar-nos les seves dades i CV per participar en els nostres processos de selecci\u00f3.<\/p>\n<p>Conservaci\u00f3: Un cop resulta contestada la seva petici\u00f3 per correu electr\u00f2nic, si no ha generat un nou tractament. En el cas de rebre el seu CV, les seves dades podran ser conservades durant un any m\u00e0xim per a futurs processos de selecci\u00f3.<\/p>\n<p>Obligaci\u00f3 de facilitar les seves dades personals i conseq\u00fc\u00e8ncies de no fer-ho.<\/p>\n<p>El subministrament de dades personals requereix una edat m\u00ednima de 14 anys o, si \u00e9s el cas, l&#8217;edat m\u00ednima que estableixi la normativa de protecci\u00f3 de dades aplicable i \/ o disposar de capacitat jur\u00eddica suficient per contractar.<\/p>\n<p>Les dades personals sol\u00b7licitades s\u00f3n necess\u00e0ries per gestionar les seves sol\u00b7licituds, donar-li d&#8217;alta com a usuari i \/ o prestar-li els serveis que pugui contractar, de manera que, si no ens les facilita, no podrem atendre-correctament ni prestar-li el servei que ha sol\u00b7licitat.<\/p>\n<p>En tot cas, ens reservem el dret de decidir sobre la incorporaci\u00f3 o no de les seves dades personals i altra informaci\u00f3 a les nostres bases de dades.<\/p>\n<p>&nbsp;<\/p>\n<ol start=\"3\">\n<li><strong>DESTINATARIS DE LES SEVES DADES.<\/strong><\/li>\n<\/ol>\n<p>Les seves dades s\u00f3n confidencials i no se cediran a tercers, llevat que hi hagi obligaci\u00f3 legal.<\/p>\n<p>&nbsp;<\/p>\n<ol start=\"4\">\n<li><strong>COOKIES<\/strong><\/li>\n<\/ol>\n<p>Aquesta p\u00e0gina web pot utilitzar cookies per\u00f2 que en cap cas tracten dades de car\u00e0cter personal, capten h\u00e0bits de navegaci\u00f3 a l&#8217;usuari ni s\u00f3n utilitzades amb fins publicitaris, i que per tant queden exceptuats de l&#8217;acompliment de les obligacions establertes en l&#8217;article 22 de la Llei de Serveis de la Societat de la Informaci\u00f3. No obstant aix\u00f2, l&#8217;usuari consenteix l&#8217;\u00fas de les cookies que ens permetin la comunicaci\u00f3 entre l&#8217;equip de l&#8217;usuari i la xarxa, prestar un servei expressament sol\u00b7licitat per l&#8217;usuari, l&#8217;autenticaci\u00f3 o identificaci\u00f3 d&#8217;usuari (\u00fanicament de sessi\u00f3), donar seguretat a l&#8217;usuari , sessions de reproductor multim\u00e8dia, sessions per equilibrar la c\u00e0rrega, la personalitzaci\u00f3 de la interf\u00edcie d&#8217;usuari i de complements (plug-in) i intercanviar continguts socials. De tota manera, l&#8217;usuari si ho desitja pot desactivar i \/ o eliminar aquestes cookies seguint les instruccions del seu navegador d&#8217;Internet.<\/p>\n<p>&nbsp;<\/p>\n<ol start=\"5\">\n<li><strong>Drets en relaci\u00f3 amb LES SEVES DADES PERSONALS.<\/strong><\/li>\n<\/ol>\n<p>Qualsevol persona pot retirar el seu consentiment en qualsevol moment, quan el mateix s&#8217;hagi atorgat pel tractament de les seves dades. En cap cas, la retirada d&#8217;aquest consentiment condiciona l&#8217;execuci\u00f3 de l&#8217;contracte de subscripci\u00f3 o les relacions generades amb anterioritat.<\/p>\n<p>Igualment, pot exercir els seg\u00fcents drets:<\/p>\n<ul>\n<li>Sol\u00b7licitar l&#8217;acc\u00e9s a les seves dades personals o la seva rectificaci\u00f3 quan siguin inexactes.<\/li>\n<li>Sol\u00b7licitar la seva supressi\u00f3 quan, entre d&#8217;altres motius, les dades ja no siguin necessaris per als fins per als quals van ser recollides.<\/li>\n<li>Sol\u00b7licitar la limitaci\u00f3 del seu tractament en determinades circumst\u00e0ncies.<\/li>\n<li>Sol\u00b7licitar l&#8217;oposici\u00f3 a l&#8217;tractament de les seves dades per motius relacionats amb la seva situaci\u00f3 particular.<\/li>\n<li>Sol\u00b7licitar la portabilitat de les dades en els casos que preveu la normativa.<\/li>\n<li>Altres drets reconeguts en les normatives aplicables.<\/li>\n<\/ul>\n<p>On i com sol\u00b7licitar els seus Drets: Mitjan\u00e7ant un escrit dirigit a l&#8217;responsable a la seva adre\u00e7a postal o electr\u00f2nica (indicades en l&#8217;apartat A), indicant la refer\u00e8ncia &#8220;Dades Personals&#8221;, especificant el dret que es vol exercir i respecte a quines dades personals.<\/p>\n<p>En cas de diverg\u00e8ncies amb l&#8217;empresa en relaci\u00f3 amb el tractament de les seves dades, pot presentar una reclamaci\u00f3 davant l&#8217;Ag\u00e8ncia de Protecci\u00f3 de Dades (www.agpd.es).<\/p>\n<p>&nbsp;<\/p>\n<ol start=\"6\">\n<li><strong>SEGURETAT DE LES SEVES DADES PERSONALS<\/strong><\/li>\n<\/ol>\n<p>Amb l&#8217;objectiu de salvaguardar la seguretat de les seves dades personals, l&#8217;informem que hem adoptat totes les mesures d&#8217;\u00edndole t\u00e8cnica i organitzativa necess\u00e0ries per garantir la seguretat de les dades personals subministrades de la seva alteraci\u00f3, p\u00e8rdua i tractaments o accessos no autoritzats.<\/p>\n<p>&nbsp;<\/p>\n<ol start=\"7\">\n<li><strong>ACTUALITZACI\u00d3 DE LES SEVES DADES<\/strong><\/li>\n<\/ol>\n<p>\u00c9s important que perqu\u00e8 puguem mantenir les seves dades personals actualitzades, ens informi sempre que hagi hagut alguna modificaci\u00f3 en ells, en cas contrari, no responem de la veracitat dels mateixos.<\/p>\n<p>No ens fem responsables de la pol\u00edtica de privacitat respecte a les dades personals que pugui facilitar a tercers per mitj\u00e0 dels enlla\u00e7os disponibles a la nostra p\u00e0gina web.<\/p>\n<p>La present Pol\u00edtica de Privacitat ha estat modificada en data 1 d&#8217;octubre 2021 i pot ser modificada per adaptar-les als canvis que es produeixin en la nostra web, aix\u00ed com modificacions legislatives o jurisprudencials sobre dades personals que vagin apareixent, pel que exigeix \u200b\u200bla seva lectura, cada vegada que ens faciliti les seves dades a trav\u00e9s d&#8217;aquesta web.<\/p>\n<p>&nbsp;<\/p>\n<p><strong>D. RESPONSABILITATS<\/strong><\/p>\n<p>A posar a disposici\u00f3 de l&#8217;usuari aquesta p\u00e0gina Web volem oferir-li un servei de qualitat, utilitzant la m\u00e0xima dilig\u00e8ncia en la prestaci\u00f3 del mateix, aix\u00ed com en els mitjans tecnol\u00f2gics utilitzats. No obstant, no respondrem de la pres\u00e8ncia de virus i altres elements que d&#8217;alguna manera puguin danyar el sistema inform\u00e0tic de l&#8217;usuari.<\/p>\n<p>No garantim que la disponibilitat de el servei sigui cont\u00ednua i ininterrompuda.<\/p>\n<p>L&#8217;usuari t\u00e9 prohibit qualsevol tipus d&#8217;acci\u00f3 sobre el nostre portal que origini una excessiva sobrec\u00e0rrega de funcionament als nostres sistemes inform\u00e0tics, aix\u00ed com la introducci\u00f3 de virus, o instal\u00b7laci\u00f3 de robots, o programari que alteri el normal funcionament de la nostra web, o en definitiva pugui causar danys als nostres sistemes inform\u00e0tics.<\/p>\n<p>L&#8217;usuari assumeix tota la responsabilitat derivada de l&#8217;\u00fas de la nostra p\u00e0gina web.<\/p>\n<p>L&#8217;USUARI reconeix que ha ent\u00e8s tota la informaci\u00f3 respecte a les condicions d&#8217;\u00fas del nostre portal, i reconeix que s\u00f3n suficients per a l&#8217;exclusi\u00f3 de l&#8217;error en les mateixes, i per tant, les accepta integra i expressament.[\/vc_column_text][vc_empty_space height=&#8221;50px&#8221;][vc_empty_space height=&#8221;50px&#8221;][vc_empty_space height=&#8221;50px&#8221;][\/vc_column][\/vc_row]<\/p>\n","protected":false},"excerpt":{"rendered":"<p>[vc_row css_animation=&#8221;&#8221; row_type=&#8221;row&#8221; use_row_as_full_screen_section=&#8221;no&#8221; type=&#8221;grid&#8221; angled_section=&#8221;no&#8221; text_align=&#8221;left&#8221; background_image_as_pattern=&#8221;without_pattern&#8221; z_index=&#8221;&#8221;][vc_column][vc_empty_space height=&#8221;50px&#8221;][vc_column_text] Av\u00eds Legal [\/vc_column_text][vc_separator type=&#8221;small&#8221; position=&#8221;center&#8221; color=&#8221;#5b7e96&#8243;][vc_empty_space height=&#8221;50px&#8221;][vc_column_text]Aquesta p\u00e0gina Web \u00e9s propietat de HOTELS CMC FUTURA, S.L. amb NIF n\u00fam B06775092 i domicili en Carrer Charles Rivel 6-8 (08328 Alella) i Inscrita en el Registre Mercantil&#8230;<\/p>\n","protected":false},"author":3,"featured_media":0,"parent":0,"menu_order":0,"comment_status":"closed","ping_status":"closed","template":"","meta":[],"_links":{"self":[{"href":"https:\/\/hotelarreyalella.com\/ca\/wp-json\/wp\/v2\/pages\/1474"}],"collection":[{"href":"https:\/\/hotelarreyalella.com\/ca\/wp-json\/wp\/v2\/pages"}],"about":[{"href":"https:\/\/hotelarreyalella.com\/ca\/wp-json\/wp\/v2\/types\/page"}],"author":[{"embeddable":true,"href":"https:\/\/hotelarreyalella.com\/ca\/wp-json\/wp\/v2\/users\/3"}],"replies":[{"embeddable":true,"href":"https:\/\/hotelarreyalella.com\/ca\/wp-json\/wp\/v2\/comments?post=1474"}],"version-history":[{"count":4,"href":"https:\/\/hotelarreyalella.com\/ca\/wp-json\/wp\/v2\/pages\/1474\/revisions"}],"predecessor-version":[{"id":2124,"href":"https:\/\/hotelarreyalella.com\/ca\/wp-json\/wp\/v2\/pages\/1474\/revisions\/2124"}],"wp:attachment":[{"href":"https:\/\/hotelarreyalella.com\/ca\/wp-json\/wp\/v2\/media?parent=1474"}],"curies":[{"name":"wp","href":"https:\/\/api.w.org\/{rel}","templated":true}]}}