{"id":1417,"date":"2020-03-11T11:55:39","date_gmt":"2020-03-11T11:55:39","guid":{"rendered":"https:\/\/hotelarreyalella.com\/habitacion-superior\/"},"modified":"2024-08-13T14:46:17","modified_gmt":"2024-08-13T14:46:17","slug":"habitacio-superior","status":"publish","type":"page","link":"https:\/\/hotelarreyalella.com\/ca\/habitacio-superior\/","title":{"rendered":"Habitaci\u00f3 Superior"},"content":{"rendered":"<p>[vc_row css_animation=&#8221;&#8221; row_type=&#8221;row&#8221; use_row_as_full_screen_section=&#8221;no&#8221; type=&#8221;full_width&#8221; angled_section=&#8221;no&#8221; text_align=&#8221;left&#8221; background_image_as_pattern=&#8221;without_pattern&#8221;][vc_column][vc_single_image image=&#8221;1418&#8243; img_size=&#8221;full&#8221; alignment=&#8221;center&#8221; qode_css_animation=&#8221;&#8221;][\/vc_column][\/vc_row][vc_row css_animation=&#8221;&#8221; row_type=&#8221;row&#8221; use_row_as_full_screen_section=&#8221;no&#8221; type=&#8221;grid&#8221; angled_section=&#8221;no&#8221; text_align=&#8221;left&#8221; background_image_as_pattern=&#8221;without_pattern&#8221; z_index=&#8221;&#8221; el_class=&#8221;ss-b-g&#8221;][vc_column][vc_empty_space height=&#8221;50px&#8221;][vc_column_text]<\/p>\n<h1 style=\"text-align: center;\">Habitaci\u00f3 Superior<\/h1>\n<p>[\/vc_column_text][vc_separator type=&#8221;small&#8221; position=&#8221;center&#8221; color=&#8221;#5b7e96&#8243;][vc_column_text]<\/p>\n<p style=\"text-align: center;\">Habitaci\u00f3 molt \u00e0mplia i lluminosa dissenyada amb eleg\u00e0ncia per oferir a l&#8217;hoste una estada confortable i agradable.<\/p>\n<p>[\/vc_column_text][vc_empty_space height=&#8221;50px&#8221;][\/vc_column][\/vc_row][vc_row css_animation=&#8221;&#8221; row_type=&#8221;row&#8221; use_row_as_full_screen_section=&#8221;no&#8221; type=&#8221;grid&#8221; angled_section=&#8221;no&#8221; text_align=&#8221;left&#8221; background_image_as_pattern=&#8221;without_pattern&#8221; z_index=&#8221;&#8221; el_class=&#8221;ss-b-g&#8221;][vc_column][vc_row_inner row_type=&#8221;row&#8221; type=&#8221;full_width&#8221; text_align=&#8221;center&#8221; css_animation=&#8221;&#8221;][vc_column_inner width=&#8221;1\/5&#8243;][vc_single_image image=&#8221;954&#8243; img_size=&#8221;full&#8221; alignment=&#8221;center&#8221; qode_css_animation=&#8221;element_from_bottom&#8221; qode_hover_animation=&#8221;zoom_in&#8221;][vc_empty_space height=&#8221;15px&#8221;][vc_column_text]Llit de 180 \u00d7 200 o 2 llits de 90 \u00d7 200[\/vc_column_text][vc_empty_space][\/vc_column_inner][vc_column_inner width=&#8221;1\/5&#8243;][vc_single_image image=&#8221;957&#8243; img_size=&#8221;full&#8221; alignment=&#8221;center&#8221; qode_css_animation=&#8221;element_from_bottom&#8221; qode_hover_animation=&#8221;zoom_in&#8221;][vc_empty_space height=&#8221;15px&#8221;][vc_column_text]Llen\u00e7ols[\/vc_column_text][vc_empty_space][\/vc_column_inner][vc_column_inner width=&#8221;1\/5&#8243;][vc_single_image image=&#8221;960&#8243; img_size=&#8221;full&#8221; alignment=&#8221;center&#8221; qode_css_animation=&#8221;element_from_bottom&#8221; qode_hover_animation=&#8221;zoom_in&#8221;][vc_empty_space height=&#8221;15px&#8221;][vc_column_text]Tovalloles i servei de tovalloles de piscina[\/vc_column_text][vc_empty_space][\/vc_column_inner][vc_column_inner width=&#8221;1\/5&#8243;][vc_single_image image=&#8221;963&#8243; img_size=&#8221;full&#8221; alignment=&#8221;center&#8221; qode_css_animation=&#8221;element_from_bottom&#8221; qode_hover_animation=&#8221;zoom_in&#8221;][vc_empty_space height=&#8221;15px&#8221;][vc_column_text]Televisi\u00f3 de 40 \/ 42&#8243;[\/vc_column_text][vc_empty_space][\/vc_column_inner][vc_column_inner width=&#8221;1\/5&#8243;][vc_single_image image=&#8221;966&#8243; img_size=&#8221;full&#8221; alignment=&#8221;center&#8221; qode_css_animation=&#8221;element_from_bottom&#8221; qode_hover_animation=&#8221;zoom_in&#8221;][vc_empty_space height=&#8221;15px&#8221;][vc_column_text]Wifi gratu\u00eft[\/vc_column_text][vc_empty_space][\/vc_column_inner][\/vc_row_inner][vc_row_inner row_type=&#8221;row&#8221; type=&#8221;full_width&#8221; text_align=&#8221;center&#8221; css_animation=&#8221;&#8221;][vc_column_inner width=&#8221;1\/5&#8243;][vc_single_image image=&#8221;970&#8243; img_size=&#8221;full&#8221; alignment=&#8221;center&#8221; qode_css_animation=&#8221;element_from_bottom&#8221; qode_hover_animation=&#8221;zoom_in&#8221;][vc_empty_space height=&#8221;15px&#8221;][vc_column_text]Col\u00b7lecci\u00f3 de cosm\u00e8tics eco-amigables LANDE[\/vc_column_text][vc_empty_space][\/vc_column_inner][vc_column_inner width=&#8221;1\/5&#8243;][vc_single_image image=&#8221;973&#8243; img_size=&#8221;full&#8221; alignment=&#8221;center&#8221; qode_css_animation=&#8221;element_from_bottom&#8221; qode_hover_animation=&#8221;zoom_in&#8221;][vc_empty_space height=&#8221;15px&#8221;][vc_column_text]Escriptori de treball[\/vc_column_text][vc_empty_space][\/vc_column_inner][vc_column_inner width=&#8221;1\/5&#8243;][vc_single_image image=&#8221;976&#8243; img_size=&#8221;full&#8221; alignment=&#8221;center&#8221; qode_css_animation=&#8221;element_from_bottom&#8221; qode_hover_animation=&#8221;zoom_in&#8221;][vc_empty_space height=&#8221;15px&#8221;][vc_column_text]Tel\u00e8fon[\/vc_column_text][vc_empty_space][\/vc_column_inner][vc_column_inner width=&#8221;1\/5&#8243;][vc_single_image image=&#8221;979&#8243; img_size=&#8221;full&#8221; alignment=&#8221;center&#8221; qode_css_animation=&#8221;element_from_bottom&#8221; qode_hover_animation=&#8221;zoom_in&#8221;][vc_empty_space height=&#8221;15px&#8221;][vc_column_text]Cafetera de c\u00e0psules[\/vc_column_text][vc_empty_space][\/vc_column_inner][vc_column_inner width=&#8221;1\/5&#8243;][vc_single_image image=&#8221;982&#8243; img_size=&#8221;full&#8221; alignment=&#8221;center&#8221; qode_css_animation=&#8221;element_from_bottom&#8221; qode_hover_animation=&#8221;zoom_in&#8221;][vc_empty_space height=&#8221;15px&#8221;][vc_column_text]Caixa forta[\/vc_column_text][vc_empty_space][\/vc_column_inner][\/vc_row_inner][vc_row_inner row_type=&#8221;row&#8221; type=&#8221;full_width&#8221; text_align=&#8221;center&#8221; css_animation=&#8221;&#8221;][vc_column_inner width=&#8221;1\/5&#8243;][vc_single_image image=&#8221;985&#8243; img_size=&#8221;full&#8221; alignment=&#8221;center&#8221; qode_css_animation=&#8221;element_from_bottom&#8221; qode_hover_animation=&#8221;zoom_in&#8221;][vc_empty_space height=&#8221;15px&#8221;][vc_column_text]Bany amb dutxa[\/vc_column_text][vc_empty_space][\/vc_column_inner][vc_column_inner width=&#8221;1\/5&#8243;][vc_single_image image=&#8221;988&#8243; img_size=&#8221;full&#8221; alignment=&#8221;center&#8221; qode_css_animation=&#8221;element_from_bottom&#8221; qode_hover_animation=&#8221;zoom_in&#8221;][vc_empty_space height=&#8221;15px&#8221;][vc_column_text]Assecador[\/vc_column_text][vc_empty_space][\/vc_column_inner][vc_column_inner width=&#8221;1\/5&#8243;][vc_single_image image=&#8221;991&#8243; img_size=&#8221;full&#8221; alignment=&#8221;center&#8221; qode_css_animation=&#8221;element_from_bottom&#8221; qode_hover_animation=&#8221;zoom_in&#8221;][vc_empty_space height=&#8221;15px&#8221;][vc_column_text]Mirall d&#8217;augment[\/vc_column_text][vc_empty_space][\/vc_column_inner][vc_column_inner width=&#8221;1\/5&#8243;][vc_single_image image=&#8221;994&#8243; img_size=&#8221;full&#8221; alignment=&#8221;center&#8221; qode_css_animation=&#8221;element_from_bottom&#8221; qode_hover_animation=&#8221;zoom_in&#8221;][vc_empty_space height=&#8221;15px&#8221;][vc_column_text]Barn\u00fas i sabatilles[\/vc_column_text][vc_empty_space][\/vc_column_inner][vc_column_inner width=&#8221;1\/5&#8243;][vc_single_image image=&#8221;997&#8243; img_size=&#8221;full&#8221; alignment=&#8221;center&#8221; qode_css_animation=&#8221;element_from_bottom&#8221; qode_hover_animation=&#8221;zoom_in&#8221;][vc_empty_space height=&#8221;15px&#8221;][vc_column_text]Aire condicionat independent[\/vc_column_text][vc_empty_space][\/vc_column_inner][\/vc_row_inner][vc_empty_space height=&#8221;50px&#8221;][\/vc_column][\/vc_row][vc_row css_animation=&#8221;&#8221; row_type=&#8221;row&#8221; use_row_as_full_screen_section=&#8221;no&#8221; type=&#8221;full_width&#8221; angled_section=&#8221;no&#8221; text_align=&#8221;left&#8221; background_image_as_pattern=&#8221;without_pattern&#8221;][vc_column][vc_gallery type=&#8221;image_grid&#8221; images=&#8221;163,162,167,160,164,166,161,165,159&#8243; img_size=&#8221;full&#8221; column_number=&#8221;3&#8243; grayscale=&#8221;no&#8221; images_space=&#8221;gallery_without_space&#8221;][\/vc_column][\/vc_row]<\/p>\n","protected":false},"excerpt":{"rendered":"<p>[vc_row css_animation=&#8221;&#8221; row_type=&#8221;row&#8221; use_row_as_full_screen_section=&#8221;no&#8221; type=&#8221;full_width&#8221; angled_section=&#8221;no&#8221; text_align=&#8221;left&#8221; background_image_as_pattern=&#8221;without_pattern&#8221;][vc_column][vc_single_image image=&#8221;1418&#8243; img_size=&#8221;full&#8221; alignment=&#8221;center&#8221; qode_css_animation=&#8221;&#8221;][\/vc_column][\/vc_row][vc_row css_animation=&#8221;&#8221; row_type=&#8221;row&#8221; use_row_as_full_screen_section=&#8221;no&#8221; type=&#8221;grid&#8221; angled_section=&#8221;no&#8221; text_align=&#8221;left&#8221; background_image_as_pattern=&#8221;without_pattern&#8221; z_index=&#8221;&#8221; el_class=&#8221;ss-b-g&#8221;][vc_column][vc_empty_space height=&#8221;50px&#8221;][vc_column_text] Habitaci\u00f3 Superior [\/vc_column_text][vc_separator type=&#8221;small&#8221; position=&#8221;center&#8221; color=&#8221;#5b7e96&#8243;][vc_column_text] Habitaci\u00f3 molt \u00e0mplia i lluminosa dissenyada amb eleg\u00e0ncia per oferir a l&#8217;hoste una estada confortable i agradable&#8230;.<\/p>\n","protected":false},"author":3,"featured_media":0,"parent":0,"menu_order":0,"comment_status":"closed","ping_status":"closed","template":"full_width.php","meta":[],"_links":{"self":[{"href":"https:\/\/hotelarreyalella.com\/ca\/wp-json\/wp\/v2\/pages\/1417"}],"collection":[{"href":"https:\/\/hotelarreyalella.com\/ca\/wp-json\/wp\/v2\/pages"}],"about":[{"href":"https:\/\/hotelarreyalella.com\/ca\/wp-json\/wp\/v2\/types\/page"}],"author":[{"embeddable":true,"href":"https:\/\/hotelarreyalella.com\/ca\/wp-json\/wp\/v2\/users\/3"}],"replies":[{"embeddable":true,"href":"https:\/\/hotelarreyalella.com\/ca\/wp-json\/wp\/v2\/comments?post=1417"}],"version-history":[{"count":6,"href":"https:\/\/hotelarreyalella.com\/ca\/wp-json\/wp\/v2\/pages\/1417\/revisions"}],"predecessor-version":[{"id":5082,"href":"https:\/\/hotelarreyalella.com\/ca\/wp-json\/wp\/v2\/pages\/1417\/revisions\/5082"}],"wp:attachment":[{"href":"https:\/\/hotelarreyalella.com\/ca\/wp-json\/wp\/v2\/media?parent=1417"}],"curies":[{"name":"wp","href":"https:\/\/api.w.org\/{rel}","templated":true}]}}