{"id":1401,"date":"2020-03-11T08:06:09","date_gmt":"2020-03-11T08:06:09","guid":{"rendered":"https:\/\/hotelarreyalella.com\/hotel\/"},"modified":"2021-09-29T11:39:42","modified_gmt":"2021-09-29T11:39:42","slug":"hotel","status":"publish","type":"page","link":"https:\/\/hotelarreyalella.com\/ca\/hotel\/","title":{"rendered":"Hotel"},"content":{"rendered":"<p>[vc_row css_animation=&#8221;&#8221; row_type=&#8221;row&#8221; use_row_as_full_screen_section=&#8221;no&#8221; type=&#8221;full_width&#8221; angled_section=&#8221;no&#8221; text_align=&#8221;left&#8221; background_image_as_pattern=&#8221;without_pattern&#8221;][vc_column][vc_single_image image=&#8221;1032&#8243; img_size=&#8221;full&#8221; alignment=&#8221;center&#8221; qode_css_animation=&#8221;&#8221;][\/vc_column][\/vc_row][vc_row css_animation=&#8221;&#8221; row_type=&#8221;row&#8221; use_row_as_full_screen_section=&#8221;no&#8221; type=&#8221;grid&#8221; angled_section=&#8221;no&#8221; text_align=&#8221;left&#8221; background_image_as_pattern=&#8221;without_pattern&#8221; z_index=&#8221;&#8221;][vc_column][vc_empty_space height=&#8221;50px&#8221;][vc_column_text]<\/p>\n<h2 style=\"text-align: center;\">Benvinguts a l&#8217;Hotel Arrey Alella<\/h2>\n<p>[\/vc_column_text][vc_separator type=&#8221;small&#8221; position=&#8221;center&#8221; color=&#8221;#5b7e96&#8243;][vc_empty_space][vc_column_text]<\/p>\n<p style=\"text-align: center;\">L&#8217;Hotel Arrey est\u00e0 situat a Alella, zona privilegiada de Maresme (a la costa barcelonina),<\/p>\n<p style=\"text-align: center;\">que destaca a m\u00e9s per la seva denominaci\u00f3 d&#8217;origen.<\/p>\n<p>&nbsp;<\/p>\n<p style=\"text-align: center;\">L&#8217;edifici principal de l&#8217;Hotel forma part de la hist\u00f2ria d&#8217;Alella, Can Balcells una casa de mitjan el segle XIX, coneguda al poble com &#8220;La casa xina&#8221;, on durant anys van tenir la seva seu les Caves Signat.<\/p>\n<p>&nbsp;<\/p>\n<p style=\"text-align: center;\">Arrey Hotels ha recuperat part d&#8217;aquesta hist\u00f2ria, fent una acurada rehabilitaci\u00f3 i transformaci\u00f3 de la casa i les caves.<\/p>\n<p>&nbsp;<\/p>\n<p style=\"text-align: center;\">Li oferim l&#8217;oportunitat de gaudir d&#8217;aquest singular i especial espai amb nosaltres.<\/p>\n<p>[\/vc_column_text][vc_empty_space height=&#8221;150px&#8221;][\/vc_column][\/vc_row]<\/p>\n<p>[vc_row css_animation=&#8221;&#8221; row_type=&#8221;row&#8221; use_row_as_full_screen_section=&#8221;no&#8221; type=&#8221;full_width&#8221; angled_section=&#8221;no&#8221; text_align=&#8221;left&#8221; background_image_as_pattern=&#8221;without_pattern&#8221; z_index=&#8221;&#8221; padding_top=&#8221;100&#8243; padding_bottom=&#8221;100&#8243;][vc_column][vc_row_inner row_type=&#8221;row&#8221; type=&#8221;grid&#8221; text_align=&#8221;left&#8221; css_animation=&#8221;&#8221;][vc_column_inner width=&#8221;1\/3&#8243;][vc_single_image image=&#8221;891&#8243; img_size=&#8221;full&#8221; alignment=&#8221;center&#8221; qode_css_animation=&#8221;&#8221; qode_hover_animation=&#8221;zoom_in&#8221;][vc_empty_space][\/vc_column_inner][vc_column_inner width=&#8221;1\/3&#8243;][vc_single_image image=&#8221;942&#8243; img_size=&#8221;full&#8221; alignment=&#8221;center&#8221; qode_css_animation=&#8221;&#8221; qode_hover_animation=&#8221;zoom_in&#8221;][vc_empty_space][\/vc_column_inner][vc_column_inner width=&#8221;1\/3&#8243;][vc_single_image image=&#8221;897&#8243; img_size=&#8221;full&#8221; alignment=&#8221;center&#8221; qode_css_animation=&#8221;&#8221; qode_hover_animation=&#8221;zoom_in&#8221;][vc_empty_space][\/vc_column_inner][\/vc_row_inner][\/vc_column][\/vc_row]<\/p>\n","protected":false},"excerpt":{"rendered":"<p>[vc_row css_animation=&#8221;&#8221; row_type=&#8221;row&#8221; use_row_as_full_screen_section=&#8221;no&#8221; type=&#8221;full_width&#8221; angled_section=&#8221;no&#8221; text_align=&#8221;left&#8221; background_image_as_pattern=&#8221;without_pattern&#8221;][vc_column][vc_single_image image=&#8221;1032&#8243; img_size=&#8221;full&#8221; alignment=&#8221;center&#8221; qode_css_animation=&#8221;&#8221;][\/vc_column][\/vc_row][vc_row css_animation=&#8221;&#8221; row_type=&#8221;row&#8221; use_row_as_full_screen_section=&#8221;no&#8221; type=&#8221;grid&#8221; angled_section=&#8221;no&#8221; text_align=&#8221;left&#8221; background_image_as_pattern=&#8221;without_pattern&#8221; z_index=&#8221;&#8221;][vc_column][vc_empty_space height=&#8221;50px&#8221;][vc_column_text] Benvinguts a l&#8217;Hotel Arrey Alella [\/vc_column_text][vc_separator type=&#8221;small&#8221; position=&#8221;center&#8221; color=&#8221;#5b7e96&#8243;][vc_empty_space][vc_column_text] L&#8217;Hotel Arrey est\u00e0 situat a Alella, zona privilegiada de Maresme (a la costa barcelonina), que&#8230;<\/p>\n","protected":false},"author":3,"featured_media":0,"parent":0,"menu_order":0,"comment_status":"closed","ping_status":"closed","template":"full_width.php","meta":[],"_links":{"self":[{"href":"https:\/\/hotelarreyalella.com\/ca\/wp-json\/wp\/v2\/pages\/1401"}],"collection":[{"href":"https:\/\/hotelarreyalella.com\/ca\/wp-json\/wp\/v2\/pages"}],"about":[{"href":"https:\/\/hotelarreyalella.com\/ca\/wp-json\/wp\/v2\/types\/page"}],"author":[{"embeddable":true,"href":"https:\/\/hotelarreyalella.com\/ca\/wp-json\/wp\/v2\/users\/3"}],"replies":[{"embeddable":true,"href":"https:\/\/hotelarreyalella.com\/ca\/wp-json\/wp\/v2\/comments?post=1401"}],"version-history":[{"count":7,"href":"https:\/\/hotelarreyalella.com\/ca\/wp-json\/wp\/v2\/pages\/1401\/revisions"}],"predecessor-version":[{"id":2005,"href":"https:\/\/hotelarreyalella.com\/ca\/wp-json\/wp\/v2\/pages\/1401\/revisions\/2005"}],"wp:attachment":[{"href":"https:\/\/hotelarreyalella.com\/ca\/wp-json\/wp\/v2\/media?parent=1401"}],"curies":[{"name":"wp","href":"https:\/\/api.w.org\/{rel}","templated":true}]}}