{"id":1395,"date":"2020-03-11T07:55:52","date_gmt":"2020-03-11T07:55:52","guid":{"rendered":"https:\/\/hotelarreyalella.com\/home\/"},"modified":"2025-02-11T09:42:10","modified_gmt":"2025-02-11T09:42:10","slug":"home","status":"publish","type":"page","link":"https:\/\/hotelarreyalella.com\/ca\/","title":{"rendered":"Home"},"content":{"rendered":"<p>[vc_row css_animation=&#8221;&#8221; row_type=&#8221;row&#8221; use_row_as_full_screen_section=&#8221;no&#8221; type=&#8221;full_width&#8221; angled_section=&#8221;no&#8221; text_align=&#8221;center&#8221; background_image_as_pattern=&#8221;without_pattern&#8221; z_index=&#8221;&#8221;][vc_column]\n\t\t\t<!-- START Slider 1 REVOLUTION SLIDER 6.1.8 --><p class=\"rs-p-wp-fix\"><\/p>\n\t\t\t<rs-module-wrap id=\"rev_slider_1_1_wrapper\" data-source=\"gallery\" style=\"background:transparent;padding:0;\">\n\t\t\t\t<rs-module id=\"rev_slider_1_1\" style=\"display:none;\" data-version=\"6.1.8\">\n\t\t\t\t\t<rs-slides>\n\t\t\t\t\t\t<rs-slide data-key=\"rs-8\" data-title=\"Slide\" data-anim=\"ei:d;eo:d;s:1000;r:0;t:fade;sl:0;\">\n\t\t\t\t\t\t\t<img src=\"\/\/hotelarreyalella.com\/wp-content\/plugins\/revslider\/public\/assets\/assets\/transparent.png\" title=\"Home\" class=\"rev-slidebg\" data-no-retina>\n\t\t\t\t\t\t\t<rs-bgvideo \n\t\t\t\t\t\t\t\tdata-video=\"vc:none;w:100%;h:100%;nse:false;l:true;ptimer:false;\"\n\t\t\t\t\t\t\t\tdata-ytid=\"VmQsgYuH2HM\"\n\t\t\t\t\t\t\t\tdata-vatr=\"version=3&amp;enablejsapi=1&amp;html5=1&amp;hd=1&amp;wmode=opaque&amp;showinfo=0&amp;rel=0&amp;origin=https:\/\/hotelarreyalella.com;\"\n\t\t\t\t\t\t\t><\/rs-bgvideo>\n<!--\n\t\t\t\t\t\t\t--><rs-layer\n\t\t\t\t\t\t\t\tid=\"slider-1-slide-8-layer-0\" \n\t\t\t\t\t\t\t\tdata-type=\"text\"\n\t\t\t\t\t\t\t\tdata-tsh=\"c:rgba(0,0,0,0.45);h:15px,12px,9px,5px;v:15px,12px,9px,5px;b:20px,16px,12px,7px;\"\n\t\t\t\t\t\t\t\tdata-rsp_ch=\"on\"\n\t\t\t\t\t\t\t\tdata-xy=\"x:c;xo:0,0,-2px,1px;y:m;yo:-168px,-138px,-265px,-103px;\"\n\t\t\t\t\t\t\t\tdata-text=\"w:normal;s:19,15,11,14;l:18,14,10,14;ls:5px,4px,3px,2px;a:center;\"\n\t\t\t\t\t\t\t\tdata-dim=\"w:255px,210px,159px,228px;\"\n\t\t\t\t\t\t\t\tdata-frame_999=\"o:0;st:w;\"\n\t\t\t\t\t\t\t\tstyle=\"z-index:10;font-family:Poppins;\"\n\t\t\t\t\t\t\t>SIGNATURE HOTEL \n\t\t\t\t\t\t\t<\/rs-layer><!--\n\n\t\t\t\t\t\t\t--><rs-layer\n\t\t\t\t\t\t\t\tid=\"slider-1-slide-8-layer-1\" \n\t\t\t\t\t\t\t\tdata-type=\"text\"\n\t\t\t\t\t\t\t\tdata-tsh=\"c:rgba(0,0,0,0.45);h:15px,12px,9px,5px;v:15px,12px,9px,5px;b:20px,16px,12px,7px;\"\n\t\t\t\t\t\t\t\tdata-rsp_ch=\"on\"\n\t\t\t\t\t\t\t\tdata-xy=\"x:c;xo:4px,3px,1px,2px;y:m;yo:-66px,-54px,-196px,-51px;\"\n\t\t\t\t\t\t\t\tdata-text=\"w:normal;s:86,71,53,42;l:80,66,50,40;a:center;\"\n\t\t\t\t\t\t\t\tdata-dim=\"w:673.0799999999999px,555px,421px,342px;\"\n\t\t\t\t\t\t\t\tdata-frame_999=\"o:0;st:w;\"\n\t\t\t\t\t\t\t\tstyle=\"z-index:9;font-family:Marcellus;\"\n\t\t\t\t\t\t\t>Bienvenidos a la desconexi\u00f3n \n\t\t\t\t\t\t\t<\/rs-layer><!--\n\n\t\t\t\t\t\t\t--><rs-layer\n\t\t\t\t\t\t\t\tid=\"slider-1-slide-8-layer-2\" \n\t\t\t\t\t\t\t\tdata-type=\"shape\"\n\t\t\t\t\t\t\t\tdata-rsp_ch=\"on\"\n\t\t\t\t\t\t\t\tdata-xy=\"x:c;y:m;\"\n\t\t\t\t\t\t\t\tdata-text=\"w:normal;s:20,16,12,7;l:0,20,15,9;\"\n\t\t\t\t\t\t\t\tdata-dim=\"w:2376px,1962px,1792px,1509px;h:1426px,1177px,1075px,905px;\"\n\t\t\t\t\t\t\t\tdata-frame_999=\"o:0;st:w;\"\n\t\t\t\t\t\t\t\tstyle=\"z-index:8;background-color:rgba(0,0,0,0.36);\"\n\t\t\t\t\t\t\t> \n\t\t\t\t\t\t\t<\/rs-layer><!--\n\n\t\t\t\t\t\t\t--><a id=\"slider-1-slide-8-layer-3\" class=\"rs-layer rev-btn\" href=\"https:\/\/hotelarreyalella.booking-hospedium.com\/\" target=\"_self\" rel=\"nofollow noopener\" data-type=\"button\" data-color=\"#000000\" data-rsp_ch=\"on\" data-xy=\"x:c;xo:0,-1px,0,-3px;yo:384px,413px,351px,366px;\" data-text=\"w:normal;s:21,17,12,9;l:45,37,28,22;ls:1px,0px,0px,0px;fw:500;a:center;\" data-dim=\"w:226,186,141,111;h:46px,37px,28px,22px;minh:0,none,none,none;\" data-padding=\"r:28,23,17,13;l:28,23,17,13;\" data-frame_999=\"o:0;st:w;\" data-frame_hover=\"c:#fff;bgc:#000;bor:0px,0px,0px,0px;\" style=\"z-index:11;background-color:rgba(255,255,255,1);font-family:Poppins;\">RESERVAR \n\t\t\t\t\t\t\t<\/a><!--\n-->\t\t\t\t\t\t<\/rs-slide>\n\t\t\t\t\t<\/rs-slides>\n\t\t\t\t\t<rs-progress class=\"rs-bottom\" style=\"visibility: hidden !important;\"><\/rs-progress>\n\t\t\t\t<\/rs-module>\n\t\t\t\t<script type=\"text\/javascript\">\n\t\t\t\t\tsetREVStartSize({c: 'rev_slider_1_1',rl:[1240,1024,778,480],el:[700,768,960,720],gw:[1240,1024,778,480],gh:[700,768,960,720],type:'standard',justify:'',layout:'fullscreen',offsetContainer:'',offset:'',mh:\"0\"});\n\t\t\t\t\tvar\trevapi1,\n\t\t\t\t\t\ttpj;\n\t\t\t\t\tjQuery(function() {\n\t\t\t\t\t\ttpj = jQuery;\n\t\t\t\t\t\tif(tpj(\"#rev_slider_1_1\").revolution == undefined){\n\t\t\t\t\t\t\trevslider_showDoubleJqueryError(\"#rev_slider_1_1\");\n\t\t\t\t\t\t}else{\n\t\t\t\t\t\t\trevapi1 = tpj(\"#rev_slider_1_1\").show().revolution({\n\t\t\t\t\t\t\t\tjsFileLocation:\"\/\/hotelarreyalella.com\/wp-content\/plugins\/revslider\/public\/assets\/js\/\",\n\t\t\t\t\t\t\t\tsliderLayout:\"fullscreen\",\n\t\t\t\t\t\t\t\tduration:\"4000ms\",\n\t\t\t\t\t\t\t\tvisibilityLevels:\"1240,1024,778,480\",\n\t\t\t\t\t\t\t\tgridwidth:\"1240,1024,778,480\",\n\t\t\t\t\t\t\t\tgridheight:\"700,768,960,720\",\n\t\t\t\t\t\t\t\tspinner:\"spinner0\",\n\t\t\t\t\t\t\t\teditorheight:\"700,768,960,720\",\n\t\t\t\t\t\t\t\tresponsiveLevels:\"1240,1024,778,480\",\n\t\t\t\t\t\t\t\tdisableProgressBar:\"on\",\n\t\t\t\t\t\t\t\tnavigation: {\n\t\t\t\t\t\t\t\t\tonHoverStop:false\n\t\t\t\t\t\t\t\t},\n\t\t\t\t\t\t\t\tfallbacks: {\n\t\t\t\t\t\t\t\t\tallowHTML5AutoPlayOnAndroid:true\n\t\t\t\t\t\t\t\t},\n\t\t\t\t\t\t\t});\n\t\t\t\t\t\t}\n\t\t\t\t\t\t\n\t\t\t\t\t});\n\t\t\t\t<\/script>\n\t\t\t<\/rs-module-wrap>\n\t\t\t<!-- END REVOLUTION SLIDER -->\n[\/vc_column][\/vc_row][vc_row css_animation=&#8221;&#8221; row_type=&#8221;row&#8221; use_row_as_full_screen_section=&#8221;no&#8221; type=&#8221;grid&#8221; angled_section=&#8221;no&#8221; text_align=&#8221;center&#8221; background_image_as_pattern=&#8221;without_pattern&#8221; z_index=&#8221;&#8221; background_image=&#8221;929&#8243; el_class=&#8221;section-c-c&#8221;][vc_column][vc_column_text el_class=&#8221;title-w&#8221;]<\/p>\n<h2 style=\"text-align: center;\">Benvinguts<\/h2>\n<p>[\/vc_column_text][vc_separator type=&#8221;small&#8221; position=&#8221;center&#8221; color=&#8221;#5b7e96&#8243;][vc_column_text]<\/p>\n<h4 style=\"text-align: center;\">No es conformi nom\u00e9s amb una habitaci\u00f3 de somni.<br \/>\nAqu\u00ed tot succeeix d&#8217;una altra manera.<\/h4>\n<p>[\/vc_column_text][vc_empty_space][vc_column_text]<\/p>\n<p style=\"text-align: center; color: white;\">L\u2019Hotel Arrey est\u00e0 situat a Alella, zona privilegiada de Maresme (a la costa barcelonina),que destaca a m\u00e9s per la seva denominaci\u00f3 d\u2019origen.<\/p>\n<p style=\"text-align: center; color: white;\">L\u2019edifici principal de l\u2019Hotel forma part de la hist\u00f2ria d\u2019Alella, Can Balcells una casa de mitjan el segle XIX, coneguda al poble com \u201cLa casa xina\u201d, on durant anys van tenir la seva seu les Caves Signat.<\/p>\n<p style=\"text-align: center; color: white;\">Arrey Hotels ha recuperat part d\u2019aquesta hist\u00f2ria, fent una acurada rehabilitaci\u00f3 i transformaci\u00f3 de la casa i les caves.<\/p>\n<p style=\"text-align: center; color: white;\">Li oferim l\u2019oportunitat de gaudir d\u2019aquest singular i especial espai amb nosaltres.<\/p>\n<p>[\/vc_column_text][vc_empty_space height=&#8221;50px&#8221;][vc_row_inner row_type=&#8221;row&#8221; type=&#8221;grid&#8221; text_align=&#8221;left&#8221; css_animation=&#8221;&#8221; el_class=&#8221;custom-row&#8221;][vc_column_inner width=&#8221;1\/3&#8243;][vc_single_image image=&#8221;934&#8243; img_size=&#8221;full&#8221; alignment=&#8221;center&#8221; onclick=&#8221;custom_link&#8221; qode_css_animation=&#8221;element_from_left&#8221; qode_hover_animation=&#8221;zoom_in&#8221; link=&#8221;\/ca\/habitacions\/&#8221;][vc_empty_space height=&#8221;15px&#8221;][vc_column_text]<\/p>\n<h3 style=\"text-align: center;\">Les nostres habitacions<\/h3>\n<p>[\/vc_column_text][vc_empty_space][vc_column_text el_class=&#8221;txt-j-h&#8221;]<\/p>\n<p style=\"text-align: center;\">37 habitacions dissenyades i pensades per proporcionar el millor dels descansos.<\/p>\n<p>[\/vc_column_text][vc_empty_space height=&#8221;110px&#8221;][\/vc_column_inner][vc_column_inner width=&#8221;1\/3&#8243;][vc_single_image image=&#8221;1028&#8243; img_size=&#8221;full&#8221; alignment=&#8221;center&#8221; onclick=&#8221;custom_link&#8221; qode_css_animation=&#8221;element_from_bottom&#8221; qode_hover_animation=&#8221;zoom_in&#8221; link=&#8221;\/ca\/terrassa-i-jardi\/&#8221;][vc_empty_space height=&#8221;15px&#8221;][vc_column_text]<\/p>\n<h3 style=\"text-align: center;\">Jardins Arrey<\/h3>\n<p>[\/vc_column_text][vc_empty_space][vc_column_text el_class=&#8221;txt-j-h&#8221;]<\/p>\n<p style=\"text-align: center;\">Gaudiu d&#8217;un espectacular espai a l&#8217;aire lliure, en un entorn tranquil on prendre una copa amb amics.<\/p>\n<p>[\/vc_column_text][vc_empty_space height=&#8221;110px&#8221;][\/vc_column_inner][vc_column_inner width=&#8221;1\/3&#8243;][vc_single_image image=&#8221;1396&#8243; img_size=&#8221;full&#8221; alignment=&#8221;center&#8221; onclick=&#8221;custom_link&#8221; qode_css_animation=&#8221;element_from_right&#8221; qode_hover_animation=&#8221;zoom_in&#8221; link=&#8221;\/ca\/sales-de-reunio\/&#8221;][vc_empty_space height=&#8221;15px&#8221;][vc_column_text]<\/p>\n<h3 style=\"text-align: center;\">Sales de Reunions<\/h3>\n<p>[\/vc_column_text][vc_empty_space][vc_column_text el_class=&#8221;txt-j-h&#8221;]<\/p>\n<p style=\"text-align: center;\">Disposem de tres sales de reuni\u00f3 totalment equipades per a les seves reunions d&#8217;empresa, formacions, presentacions o qualsevol tipus d&#8217;esdeveniment que vulgui realitzar.<\/p>\n<p>[\/vc_column_text][vc_empty_space][\/vc_column_inner][\/vc_row_inner][vc_empty_space height=&#8221;50px&#8221;]<a  itemprop=\"url\" href=\"\/ca\/reserves\/\" target=\"_self\"  class=\"qbutton  large center default\" style=\"color: #ffffff; border-color: #ffffff; background-color: #5a7e96;\">RESERVAR ARA<\/a>[vc_empty_space height=&#8221;50px&#8221;][vc_separator type=&#8221;normal&#8221;][vc_empty_space height=&#8221;50px&#8221;][vc_column_text]<\/p>\n<div class=\"textarea-origen col-xs-12 col-sm-6\">\n<div>\n<div>\n<div><\/div>\n<\/div>\n<\/div>\n<\/div>\n<div class=\"textarea-desti col-xs-12 col-sm-6\">\n<div class=\"form-control second-textarea\" style=\"text-align: center;\">Aquest Sant Valent\u00ed, regalar moments inoblidables i viure una experi\u00e8ncia \u00fanica \u00e9s molt f\u00e0cil en\u00a0<strong>Arrey\u00a0Alella<\/strong>\u00a0by\u00a0Hotels\u00a0CMC.<\/div>\n<\/div>\n<p>[\/vc_column_text][vc_empty_space height=&#8221;50px&#8221;][vc_row_inner row_type=&#8221;row&#8221; type=&#8221;full_width&#8221; text_align=&#8221;left&#8221; css_animation=&#8221;&#8221;][vc_column_inner width=&#8221;1\/3&#8243;][vc_column_text]<\/p>\n<div class=\"traductor-textarea form-group\">\n<div class=\"textarea-desti col-xs-12 col-sm-6\">\n<div class=\"form-control second-textarea\" style=\"text-align: center;\">\n<p data-pm-slice=\"1 1 []\"><strong>ALLOTJAMENT<\/strong><\/p>\n<p>&nbsp;<\/p>\n<p>-15% amb el CODI PROMOCIONAL (nom\u00e9s a la nostra web): SV25<\/p>\n<p>Estades del 10-02-2025\u00a0 a 16-02-2025<\/p>\n<p>Reserves entre 01-02-2025 i 14-02-2025<\/p>\n<p>INCLOU: 2 copes de cava de benvinguda, bombons a l&#8217;habitaci\u00f3 i late check out<\/p>\n<\/div>\n<\/div>\n<\/div>\n<div class=\"traductor-checkbox form-group\">\n<div class=\"row\">\n<div class=\"col-sm-5\"><\/div>\n<\/div>\n<\/div>\n<p>[\/vc_column_text][\/vc_column_inner][vc_column_inner width=&#8221;1\/3&#8243;][vc_single_image image=&#8221;5086&#8243; img_size=&#8221;large&#8221; qode_css_animation=&#8221;&#8221;][\/vc_column_inner][vc_column_inner width=&#8221;1\/3&#8243;][vc_column_text]<\/p>\n<p style=\"text-align: center;\" data-pm-slice=\"1 1 []\"><strong>RESTAURACI\u00d3<\/strong><\/p>\n<p>[\/vc_column_text]<a itemprop=\"url\" href=\"https:\/\/hotelarreyalella.com\/wp-content\/uploads\/2025\/02\/Sant-valenti\u0301-Can-Balcells.pdf\" target=\"_self\" class=\"qbutton  small center default\" style=\"color: #ffffff; border-color: #ffffff; margin: 80px; background-color: #17617c;\">CONSULTA AQU\u00cd EL MEN\u00da<\/a>[\/vc_column_inner][\/vc_row_inner][\/vc_column][\/vc_row][vc_row css_animation=&#8221;&#8221; row_type=&#8221;row&#8221; use_row_as_full_screen_section=&#8221;no&#8221; type=&#8221;grid&#8221; angled_section=&#8221;no&#8221; text_align=&#8221;center&#8221; background_image_as_pattern=&#8221;without_pattern&#8221; z_index=&#8221;&#8221; background_image=&#8221;54&#8243;][vc_column][vc_empty_space height=&#8221;80px&#8221;][vc_row_inner row_type=&#8221;row&#8221; type=&#8221;full_width&#8221; text_align=&#8221;left&#8221; css_animation=&#8221;&#8221;][vc_column_inner width=&#8221;1\/3&#8243;][\/vc_column_inner][vc_column_inner width=&#8221;1\/3&#8243;][vc_single_image image=&#8221;58&#8243; img_size=&#8221;full&#8221; alignment=&#8221;center&#8221; onclick=&#8221;custom_link&#8221; qode_css_animation=&#8221;element_from_bottom&#8221; qode_hover_animation=&#8221;zoom_in&#8221; link=&#8221;\/restaurant\/&#8221;][\/vc_column_inner][vc_column_inner width=&#8221;1\/3&#8243;][\/vc_column_inner][\/vc_row_inner][vc_empty_space][vc_column_text]<\/p>\n<h4 style=\"text-align: center; color: white;\">En el nostre restaurant li oferim, en totes les seves versions,<\/h4>\n<h4 style=\"text-align: center; color: white;\">una cuina de gran qualitat i amb productes de proximitat.<\/h4>\n<h4 style=\"text-align: center; color: white;\"><\/h4>\n<p>[\/vc_column_text][vc_empty_space]<a  itemprop=\"url\" href=\"\/ca\/restaurant\/\" target=\"_self\"  class=\"qbutton  center white default\" style=\"\">Saber M\u00e9s<\/a>[vc_empty_space height=&#8221;80px&#8221;]<a  itemprop=\"url\" href=\"\/ca\/restaurant\/\" target=\"_self\"  class=\"qbutton  center white default\" style=\"\">Consulta els men\u00fas de Sant Valent\u00ed<\/a>[vc_empty_space height=&#8221;80px&#8221;][\/vc_column][\/vc_row][vc_row css_animation=&#8221;&#8221; row_type=&#8221;row&#8221; use_row_as_full_screen_section=&#8221;no&#8221; type=&#8221;grid&#8221; angled_section=&#8221;no&#8221; text_align=&#8221;left&#8221; background_image_as_pattern=&#8221;without_pattern&#8221; z_index=&#8221;&#8221;][vc_column offset=&#8221;vc_hidden-lg vc_hidden-md vc_hidden-sm vc_hidden-xs&#8221;][vc_empty_space height=&#8221;80px&#8221;][vc_column_text]<\/p>\n<h2 style=\"text-align: center;\">Els nostres clients opinen<\/h2>\n<p>[\/vc_column_text][vc_separator type=&#8221;small&#8221; position=&#8221;center&#8221; color=&#8221;#5b7e96&#8243;][vc_column_text][wptripadvisor_usetemplate tid=&#8221;1&#8243;][\/vc_column_text][vc_empty_space height=&#8221;80px&#8221;][\/vc_column][\/vc_row][vc_row css_animation=&#8221;&#8221; row_type=&#8221;row&#8221; use_row_as_full_screen_section=&#8221;no&#8221; type=&#8221;grid&#8221; angled_section=&#8221;no&#8221; text_align=&#8221;center&#8221; background_image_as_pattern=&#8221;without_pattern&#8221; z_index=&#8221;&#8221; css=&#8221;.vc_custom_1634556910184{background-color: #fefaf6 !important;}&#8221;][vc_column][vc_empty_space][vc_row_inner row_type=&#8221;row&#8221; type=&#8221;grid&#8221; text_align=&#8221;center&#8221; css_animation=&#8221;&#8221;][vc_column_inner][vc_raw_html]JTVCbWM0d3BfZm9ybSUyMGlkJTNEJTIyMjAzNyUyMiU1RA==[\/vc_raw_html][\/vc_column_inner][\/vc_row_inner][vc_empty_space][\/vc_column][\/vc_row]<\/p>\n","protected":false},"excerpt":{"rendered":"<p>[vc_row css_animation=&#8221;&#8221; row_type=&#8221;row&#8221; use_row_as_full_screen_section=&#8221;no&#8221; type=&#8221;full_width&#8221; angled_section=&#8221;no&#8221; text_align=&#8221;center&#8221; background_image_as_pattern=&#8221;without_pattern&#8221; z_index=&#8221;&#8221;][vc_column][\/vc_column][\/vc_row][vc_row css_animation=&#8221;&#8221; row_type=&#8221;row&#8221; use_row_as_full_screen_section=&#8221;no&#8221; type=&#8221;grid&#8221; angled_section=&#8221;no&#8221; text_align=&#8221;center&#8221; background_image_as_pattern=&#8221;without_pattern&#8221; z_index=&#8221;&#8221; background_image=&#8221;929&#8243; el_class=&#8221;section-c-c&#8221;][vc_column][vc_column_text el_class=&#8221;title-w&#8221;] Benvinguts [\/vc_column_text][vc_separator type=&#8221;small&#8221; position=&#8221;center&#8221; color=&#8221;#5b7e96&#8243;][vc_column_text] No es conformi nom\u00e9s amb una habitaci\u00f3 de somni. Aqu\u00ed tot succeeix d&#8217;una altra manera. [\/vc_column_text][vc_empty_space][vc_column_text] L\u2019Hotel Arrey est\u00e0 situat&#8230;<\/p>\n","protected":false},"author":3,"featured_media":0,"parent":0,"menu_order":0,"comment_status":"closed","ping_status":"closed","template":"full_width.php","meta":[],"_links":{"self":[{"href":"https:\/\/hotelarreyalella.com\/ca\/wp-json\/wp\/v2\/pages\/1395"}],"collection":[{"href":"https:\/\/hotelarreyalella.com\/ca\/wp-json\/wp\/v2\/pages"}],"about":[{"href":"https:\/\/hotelarreyalella.com\/ca\/wp-json\/wp\/v2\/types\/page"}],"author":[{"embeddable":true,"href":"https:\/\/hotelarreyalella.com\/ca\/wp-json\/wp\/v2\/users\/3"}],"replies":[{"embeddable":true,"href":"https:\/\/hotelarreyalella.com\/ca\/wp-json\/wp\/v2\/comments?post=1395"}],"version-history":[{"count":22,"href":"https:\/\/hotelarreyalella.com\/ca\/wp-json\/wp\/v2\/pages\/1395\/revisions"}],"predecessor-version":[{"id":5568,"href":"https:\/\/hotelarreyalella.com\/ca\/wp-json\/wp\/v2\/pages\/1395\/revisions\/5568"}],"wp:attachment":[{"href":"https:\/\/hotelarreyalella.com\/ca\/wp-json\/wp\/v2\/media?parent=1395"}],"curies":[{"name":"wp","href":"https:\/\/api.w.org\/{rel}","templated":true}]}}